{"id":4432,"date":"2020-07-03T10:14:30","date_gmt":"2020-07-03T08:14:30","guid":{"rendered":"http:\/\/itsall-banking-insurance.com\/?page_id=4432"},"modified":"2022-07-20T16:33:01","modified_gmt":"2022-07-20T14:33:01","slug":"perche-diventare-partner-2022","status":"publish","type":"page","link":"https:\/\/itsall-banking-insurance.com\/index.php\/perche-diventare-partner-2022\/","title":{"rendered":"Perch\u00e8 diventare Partner"},"content":{"rendered":"<p>[vc_row full_width=&#8221;stretch_row&#8221; video_bg=&#8221;yes&#8221; video_bg_url=&#8221;https:\/\/www.youtube.com\/watch?v=UBv_KooDWP8&#8243; css=&#8221;.vc_custom_1593764331668{padding-top: 20px !important;padding-bottom: 20px !important;}&#8221;][vc_column css=&#8221;.vc_custom_1593764444843{padding-top: 20px !important;}&#8221;][vc_column_text css=&#8221;.vc_custom_1593764416289{padding-top: 20px !important;}&#8221;]<\/p>\n<h1 style=\"text-align: center;\"><span style=\"color: #ffffff;\">Perch\u00e8 diventare Partner &amp; Exhibitor<\/span><\/h1>\n<p style=\"text-align: center;\"><span style=\"color: #ffffff;\"><strong>6 buoni motivi per diventare partner dell&#8217;evento<\/strong><\/span><\/p>\n<p>[\/vc_column_text]\n       <div class=\"btn-wraapper  vc_custom_1593764545072\" style=\"text-align: center\">\n           <a class=\"ev-border-btn \" href=\"http:\/\/itsall-banking-insurance.com\/index.php\/diventa-partner\/\" target=\"_blank\">\n               RICHIEDI INFO           <\/a>\n       <\/div>\n\n\n        [\/vc_column][\/vc_row][vc_row css=&#8221;.vc_custom_1593765380056{padding-top: 20px !important;}&#8221;][vc_column width=&#8221;1\/6&#8243;][vc_icon icon_fontawesome=&#8221;fa fa-users&#8221; color=&#8221;custom&#8221; size=&#8221;xl&#8221; align=&#8221;center&#8221; custom_color=&#8221;#7f0303&#8243;][vc_column_text]<\/p>\n<p style=\"text-align: center;\"><strong>GENERA NUOVI CONTATTI<\/strong><\/p>\n<p>[\/vc_column_text][\/vc_column][vc_column width=&#8221;1\/6&#8243;][vc_icon icon_fontawesome=&#8221;fa fa-lightbulb-o&#8221; color=&#8221;custom&#8221; size=&#8221;xl&#8221; align=&#8221;center&#8221; custom_color=&#8221;#7f0303&#8243;][vc_column_text]<\/p>\n<p style=\"text-align: center;\"><strong>PROMUOVI LE TUE SOLUZIONI<\/strong><\/p>\n<p>[\/vc_column_text][\/vc_column][vc_column width=&#8221;1\/6&#8243;][vc_icon icon_fontawesome=&#8221;fa fa-user-plus&#8221; color=&#8221;custom&#8221; size=&#8221;xl&#8221; align=&#8221;center&#8221; custom_color=&#8221;#7f0303&#8243;][vc_column_text]<\/p>\n<p style=\"text-align: center;\"><strong>COSTRUISCI NUOVE PARTNESHIP<\/strong><\/p>\n<p>[\/vc_column_text][\/vc_column][vc_column width=&#8221;1\/6&#8243;][vc_icon icon_fontawesome=&#8221;fa fa-trophy&#8221; color=&#8221;custom&#8221; size=&#8221;xl&#8221; align=&#8221;center&#8221; custom_color=&#8221;#7f0303&#8243;][vc_column_text]<\/p>\n<p style=\"text-align: center;\"><strong>DIMOSTRA LA TUA LEADERSHIP<\/strong><\/p>\n<p>[\/vc_column_text][\/vc_column][vc_column width=&#8221;1\/6&#8243;][vc_icon icon_fontawesome=&#8221;fa fa-tag&#8221; color=&#8221;custom&#8221; size=&#8221;xl&#8221; align=&#8221;center&#8221; custom_color=&#8221;#7f0303&#8243;][vc_column_text]<\/p>\n<p style=\"text-align: center;\"><strong>RAFFORZA LA TUA BRAND IDENTITY<\/strong><\/p>\n<p>[\/vc_column_text][\/vc_column][vc_column width=&#8221;1\/6&#8243;][vc_icon icon_fontawesome=&#8221;fa fa-briefcase&#8221; color=&#8221;custom&#8221; size=&#8221;xl&#8221; align=&#8221;center&#8221; custom_color=&#8221;#7f0303&#8243;][vc_column_text]<\/p>\n<p style=\"text-align: center;\"><strong>RISPARMIA TEMPO E DENARO<\/strong><\/p>\n<p>[\/vc_column_text][\/vc_column][\/vc_row][vc_row][vc_column][vc_column_text css=&#8221;.vc_custom_1593765494826{padding-top: 20px !important;padding-bottom: 20px !important;}&#8221;]<\/p>\n<h2 style=\"text-align: center;\"><span style=\"color: #000000;\">Come partecipare<\/span><\/h2>\n<p>[\/vc_column_text][\/vc_column][\/vc_row][vc_row][vc_column width=&#8221;1\/4&#8243;][vc_single_image image=&#8221;3958&#8243; img_size=&#8221;full&#8221; alignment=&#8221;center&#8221; style=&#8221;vc_box_circle&#8221; css_animation=&#8221;slideInLeft&#8221;][vc_column_text]<\/p>\n<h2><span style=\"color: #000000;\">Intervento al tavolo dei relatori<\/span><\/h2>\n<p>Il punto di forza dell&#8217;evento\u00a0<i>\u00a0<\/i>\u00e8 la qualit\u00e0 e la quantit\u00e0 dei case study. In qualit\u00e0 di\u00a0Main Partner avrete la possibilit\u00e0 di essere presenti nel prestigioso Panel di Relatori.[\/vc_column_text][\/vc_column][vc_column width=&#8221;1\/4&#8243;][vc_single_image image=&#8221;3961&#8243; img_size=&#8221;full&#8221; alignment=&#8221;center&#8221; style=&#8221;vc_box_circle&#8221; css_animation=&#8221;slideInLeft&#8221;][vc_column_text]<\/p>\n<h2><span style=\"color: #000000;\">Relatore in una tavola rotonda di discussione<\/span><\/h2>\n<p>Partecipare a una specifica tavola rotonda sulle tematiche pi\u00f9 attuali e innovative per Banche e Assicurazioni.[\/vc_column_text][\/vc_column][vc_column width=&#8221;1\/4&#8243;][vc_single_image image=&#8221;3376&#8243; img_size=&#8221;full&#8221; alignment=&#8221;center&#8221; style=&#8221;vc_box_circle&#8221; css_animation=&#8221;slideInLeft&#8221;][vc_column_text]<\/p>\n<h2><span style=\"color: #000000;\">Pranzo VIP<\/span><\/h2>\n<p>Pranzo riservato a tutti gli speaker e gli ospiti VIP per uno scambio di opinioni in un ambiente accogliente e rilassante.[\/vc_column_text][\/vc_column][vc_column width=&#8221;1\/4&#8243;][vc_single_image image=&#8221;3965&#8243; img_size=&#8221;full&#8221; alignment=&#8221;center&#8221; style=&#8221;vc_box_circle&#8221; css_animation=&#8221;slideInLeft&#8221;][vc_column_text]<\/p>\n<h2><span style=\"color: #000000;\">Stand Area Expo<\/span><\/h2>\n<p>Per tutta la durata della manifestazione sar\u00e0 allestita un\u2019Area Espositiva nata per favorire l\u2019incontro di domanda e offerta. Gli espositori avranno a disposizione uno stand preallestito per incontrare i partecipanti fornire loro tutti i dettagli tecnici relativi ai servizi e prodotti offerti.[\/vc_column_text][\/vc_column][\/vc_row][vc_row css=&#8221;.vc_custom_1593766554159{padding-bottom: 100px !important;}&#8221;][vc_column width=&#8221;1\/4&#8243;]\n       <div class=\"btn-wraapper  vc_custom_1593766681539\" style=\"text-align: center\">\n           <a class=\"ev-border-btn \" href=\"http:\/\/itsall-banking-insurance.com\/index.php\/diventa-partner\/\" target=\"_blank\">\n               RICHIEDI INFO           <\/a>\n       <\/div>\n\n\n        [\/vc_column][vc_column width=&#8221;1\/4&#8243;]\n       <div class=\"btn-wraapper  vc_custom_1593766681539\" style=\"text-align: center\">\n           <a class=\"ev-border-btn \" href=\"http:\/\/itsall-banking-insurance.com\/index.php\/diventa-partner\/\" target=\"_blank\">\n               RICHIEDI INFO           <\/a>\n       <\/div>\n\n\n        [\/vc_column][vc_column width=&#8221;1\/4&#8243;]\n       <div class=\"btn-wraapper  vc_custom_1593766681539\" style=\"text-align: center\">\n           <a class=\"ev-border-btn \" href=\"http:\/\/itsall-banking-insurance.com\/index.php\/diventa-partner\/\" target=\"_blank\">\n               RICHIEDI INFO           <\/a>\n       <\/div>\n\n\n        [\/vc_column][vc_column width=&#8221;1\/4&#8243;]\n       <div class=\"btn-wraapper  vc_custom_1593766681539\" style=\"text-align: center\">\n           <a class=\"ev-border-btn \" href=\"http:\/\/itsall-banking-insurance.com\/index.php\/diventa-partner\/\" target=\"_blank\">\n               RICHIEDI INFO           <\/a>\n       <\/div>\n\n\n        [\/vc_column][\/vc_row]<\/p>\n","protected":false},"excerpt":{"rendered":"<p>[vc_row full_width=&#8221;stretch_row&#8221; video_bg=&#8221;yes&#8221; video_bg_url=&#8221;https:\/\/www.youtube.com\/watch?v=UBv_KooDWP8&#8243; css=&#8221;.vc_custom_1593764331668{padding-top: 20px !important;padding-bottom: 20px !important;}&#8221;][vc_column css=&#8221;.vc_custom_1593764444843{padding-top: 20px !important;}&#8221;][vc_column_text css=&#8221;.vc_custom_1593764416289{padding-top: 20px !important;}&#8221;] Perch\u00e8 diventare Partner &amp; Exhibitor 6 buoni motivi per diventare partner dell&#8217;evento [\/vc_column_text][\/vc_column][\/vc_row][vc_row css=&#8221;.vc_custom_1593765380056{padding-top: 20px !important;}&#8221;][vc_column width=&#8221;1\/6&#8243;][vc_icon icon_fontawesome=&#8221;fa fa-users&#8221; color=&#8221;custom&#8221; size=&#8221;xl&#8221; align=&#8221;center&#8221; custom_color=&#8221;#7f0303&#8243;][vc_column_text] GENERA NUOVI CONTATTI [\/vc_column_text][\/vc_column][vc_column width=&#8221;1\/6&#8243;][vc_icon icon_fontawesome=&#8221;fa fa-lightbulb-o&#8221; color=&#8221;custom&#8221; size=&#8221;xl&#8221; align=&#8221;center&#8221; custom_color=&#8221;#7f0303&#8243;][vc_column_text] PROMUOVI LE TUE SOLUZIONI [\/vc_column_text][\/vc_column][vc_column width=&#8221;1\/6&#8243;][vc_icon [&hellip;]<\/p>\n","protected":false},"author":2,"featured_media":0,"parent":0,"menu_order":0,"comment_status":"closed","ping_status":"closed","template":"","meta":{"footnotes":""},"yoast_head":"<!-- This site is optimized with the Yoast SEO plugin v22.9 - https:\/\/yoast.com\/wordpress\/plugins\/seo\/ -->\n<title>Perch\u00e8 diventare Partner &amp; Exhibitor di IT&#039;S ALL BANKING &amp; INSURANCE<\/title>\n<meta name=\"description\" content=\"Partner: Genera Nuovi Contatti, Costruisci Nuove Partneship, Rafforza Brand Identity, Promuovi Soluzioni, Dimostra Leadership, Risparmia Tempo e Denaro\" \/>\n<meta name=\"robots\" content=\"index, follow, max-snippet:-1, max-image-preview:large, max-video-preview:-1\" \/>\n<link rel=\"canonical\" href=\"https:\/\/itsall-banking-insurance.com\/index.php\/perche-diventare-partner-2022\/\" \/>\n<meta property=\"og:locale\" content=\"it_IT\" \/>\n<meta property=\"og:type\" content=\"article\" \/>\n<meta property=\"og:title\" content=\"Perch\u00e8 diventare Partner &amp; Exhibitor di IT&#039;S ALL BANKING &amp; INSURANCE\" \/>\n<meta property=\"og:description\" content=\"Partner: Genera Nuovi Contatti, Costruisci Nuove Partneship, Rafforza Brand Identity, Promuovi Soluzioni, Dimostra Leadership, Risparmia Tempo e Denaro\" \/>\n<meta property=\"og:url\" content=\"https:\/\/itsall-banking-insurance.com\/index.php\/perche-diventare-partner-2022\/\" \/>\n<meta property=\"og:site_name\" content=\"It&#039;s all Banking &amp; Insurance\" \/>\n<meta property=\"article:modified_time\" content=\"2022-07-20T14:33:01+00:00\" \/>\n<meta name=\"twitter:card\" content=\"summary_large_image\" \/>\n<meta name=\"twitter:label1\" content=\"Tempo di lettura stimato\" \/>\n\t<meta name=\"twitter:data1\" content=\"3 minuti\" \/>\n<script type=\"application\/ld+json\" class=\"yoast-schema-graph\">{\"@context\":\"https:\/\/schema.org\",\"@graph\":[{\"@type\":\"WebPage\",\"@id\":\"https:\/\/itsall-banking-insurance.com\/index.php\/perche-diventare-partner-2022\/\",\"url\":\"https:\/\/itsall-banking-insurance.com\/index.php\/perche-diventare-partner-2022\/\",\"name\":\"Perch\u00e8 diventare Partner & Exhibitor di IT'S ALL BANKING & INSURANCE\",\"isPartOf\":{\"@id\":\"https:\/\/itsall-banking-insurance.com\/#website\"},\"datePublished\":\"2020-07-03T08:14:30+00:00\",\"dateModified\":\"2022-07-20T14:33:01+00:00\",\"description\":\"Partner: Genera Nuovi Contatti, Costruisci Nuove Partneship, Rafforza Brand Identity, Promuovi Soluzioni, Dimostra Leadership, Risparmia Tempo e Denaro\",\"breadcrumb\":{\"@id\":\"https:\/\/itsall-banking-insurance.com\/index.php\/perche-diventare-partner-2022\/#breadcrumb\"},\"inLanguage\":\"it-IT\",\"potentialAction\":[{\"@type\":\"ReadAction\",\"target\":[\"https:\/\/itsall-banking-insurance.com\/index.php\/perche-diventare-partner-2022\/\"]}]},{\"@type\":\"BreadcrumbList\",\"@id\":\"https:\/\/itsall-banking-insurance.com\/index.php\/perche-diventare-partner-2022\/#breadcrumb\",\"itemListElement\":[{\"@type\":\"ListItem\",\"position\":1,\"name\":\"Home\",\"item\":\"https:\/\/itsall-banking-insurance.com\/\"},{\"@type\":\"ListItem\",\"position\":2,\"name\":\"Perch\u00e8 diventare Partner\"}]},{\"@type\":\"WebSite\",\"@id\":\"https:\/\/itsall-banking-insurance.com\/#website\",\"url\":\"https:\/\/itsall-banking-insurance.com\/\",\"name\":\"It&#039;s all Banking &amp; Insurance\",\"description\":\"BANCHE e ASSICURAZIONI a confronto\",\"potentialAction\":[{\"@type\":\"SearchAction\",\"target\":{\"@type\":\"EntryPoint\",\"urlTemplate\":\"https:\/\/itsall-banking-insurance.com\/?s={search_term_string}\"},\"query-input\":\"required name=search_term_string\"}],\"inLanguage\":\"it-IT\"}]}<\/script>\n<!-- \/ Yoast SEO plugin. -->","yoast_head_json":{"title":"Perch\u00e8 diventare Partner & Exhibitor di IT'S ALL BANKING & INSURANCE","description":"Partner: Genera Nuovi Contatti, Costruisci Nuove Partneship, Rafforza Brand Identity, Promuovi Soluzioni, Dimostra Leadership, Risparmia Tempo e Denaro","robots":{"index":"index","follow":"follow","max-snippet":"max-snippet:-1","max-image-preview":"max-image-preview:large","max-video-preview":"max-video-preview:-1"},"canonical":"https:\/\/itsall-banking-insurance.com\/index.php\/perche-diventare-partner-2022\/","og_locale":"it_IT","og_type":"article","og_title":"Perch\u00e8 diventare Partner & Exhibitor di IT'S ALL BANKING & INSURANCE","og_description":"Partner: Genera Nuovi Contatti, Costruisci Nuove Partneship, Rafforza Brand Identity, Promuovi Soluzioni, Dimostra Leadership, Risparmia Tempo e Denaro","og_url":"https:\/\/itsall-banking-insurance.com\/index.php\/perche-diventare-partner-2022\/","og_site_name":"It&#039;s all Banking &amp; Insurance","article_modified_time":"2022-07-20T14:33:01+00:00","twitter_card":"summary_large_image","twitter_misc":{"Tempo di lettura stimato":"3 minuti"},"schema":{"@context":"https:\/\/schema.org","@graph":[{"@type":"WebPage","@id":"https:\/\/itsall-banking-insurance.com\/index.php\/perche-diventare-partner-2022\/","url":"https:\/\/itsall-banking-insurance.com\/index.php\/perche-diventare-partner-2022\/","name":"Perch\u00e8 diventare Partner & Exhibitor di IT'S ALL BANKING & INSURANCE","isPartOf":{"@id":"https:\/\/itsall-banking-insurance.com\/#website"},"datePublished":"2020-07-03T08:14:30+00:00","dateModified":"2022-07-20T14:33:01+00:00","description":"Partner: Genera Nuovi Contatti, Costruisci Nuove Partneship, Rafforza Brand Identity, Promuovi Soluzioni, Dimostra Leadership, Risparmia Tempo e Denaro","breadcrumb":{"@id":"https:\/\/itsall-banking-insurance.com\/index.php\/perche-diventare-partner-2022\/#breadcrumb"},"inLanguage":"it-IT","potentialAction":[{"@type":"ReadAction","target":["https:\/\/itsall-banking-insurance.com\/index.php\/perche-diventare-partner-2022\/"]}]},{"@type":"BreadcrumbList","@id":"https:\/\/itsall-banking-insurance.com\/index.php\/perche-diventare-partner-2022\/#breadcrumb","itemListElement":[{"@type":"ListItem","position":1,"name":"Home","item":"https:\/\/itsall-banking-insurance.com\/"},{"@type":"ListItem","position":2,"name":"Perch\u00e8 diventare Partner"}]},{"@type":"WebSite","@id":"https:\/\/itsall-banking-insurance.com\/#website","url":"https:\/\/itsall-banking-insurance.com\/","name":"It&#039;s all Banking &amp; Insurance","description":"BANCHE e ASSICURAZIONI a confronto","potentialAction":[{"@type":"SearchAction","target":{"@type":"EntryPoint","urlTemplate":"https:\/\/itsall-banking-insurance.com\/?s={search_term_string}"},"query-input":"required name=search_term_string"}],"inLanguage":"it-IT"}]}},"_links":{"self":[{"href":"https:\/\/itsall-banking-insurance.com\/index.php\/wp-json\/wp\/v2\/pages\/4432"}],"collection":[{"href":"https:\/\/itsall-banking-insurance.com\/index.php\/wp-json\/wp\/v2\/pages"}],"about":[{"href":"https:\/\/itsall-banking-insurance.com\/index.php\/wp-json\/wp\/v2\/types\/page"}],"author":[{"embeddable":true,"href":"https:\/\/itsall-banking-insurance.com\/index.php\/wp-json\/wp\/v2\/users\/2"}],"replies":[{"embeddable":true,"href":"https:\/\/itsall-banking-insurance.com\/index.php\/wp-json\/wp\/v2\/comments?post=4432"}],"version-history":[{"count":30,"href":"https:\/\/itsall-banking-insurance.com\/index.php\/wp-json\/wp\/v2\/pages\/4432\/revisions"}],"predecessor-version":[{"id":5796,"href":"https:\/\/itsall-banking-insurance.com\/index.php\/wp-json\/wp\/v2\/pages\/4432\/revisions\/5796"}],"wp:attachment":[{"href":"https:\/\/itsall-banking-insurance.com\/index.php\/wp-json\/wp\/v2\/media?parent=4432"}],"curies":[{"name":"wp","href":"https:\/\/api.w.org\/{rel}","templated":true}]}}