{"id":4852,"date":"2021-03-10T10:20:02","date_gmt":"2021-03-10T09:20:02","guid":{"rendered":"http:\/\/itsall-banking-insurance.com\/?page_id=4852"},"modified":"2022-03-08T11:16:46","modified_gmt":"2022-03-08T10:16:46","slug":"intervista-scognamillo-amissima-assicurazioni","status":"publish","type":"page","link":"https:\/\/itsall-banking-insurance.com\/index.php\/intervista-scognamillo-amissima-assicurazioni\/","title":{"rendered":"zIntervista Scognamillo AMISSIMA ASSICURAZIONI"},"content":{"rendered":"<p><strong><img loading=\"lazy\" decoding=\"async\" class=\"size-full wp-image-4790 alignleft\" src=\"http:\/\/itsall-banking-insurance.com\/wp-content\/uploads\/2021\/02\/SCOGNAMILLO-1.jpg\" alt=\"\" width=\"200\" height=\"200\" srcset=\"https:\/\/itsall-banking-insurance.com\/wp-content\/uploads\/2021\/02\/SCOGNAMILLO-1.jpg 200w, https:\/\/itsall-banking-insurance.com\/wp-content\/uploads\/2021\/02\/SCOGNAMILLO-1-150x150.jpg 150w\" sizes=\"(max-width: 200px) 100vw, 200px\" \/><\/strong><\/p>\n<p>&nbsp;<\/p>\n<h1><span style=\"color: #800000;\"><strong>Intervista <\/strong><\/span><\/h1>\n<p><strong>Antonio Scognamillo\u00a0<\/strong>Direttore Commerciale<strong> AMISSIMA ASSICURAZIONI\u00a0<\/strong><\/p>\n<p>&nbsp;<\/p>\n<p>&nbsp;<\/p>\n<p>&nbsp;<\/p>\n<h2><span style=\"color: #800000;\"><strong>Cosa significa digital marketing per gli intermediari e quali opportunit\u00e0 pu\u00f2 offrire loro? <\/strong><\/span><\/h2>\n<p>In tempi di distanziamento sociale \u00e8 facile pensare \u201ccome possiamo fare le stesse cose che facevamo prima, utilizzando la strumentazione digitale?\u201d. Cos\u00ec posto il tema pu\u00f2 essere fuorviante. E l\u2019obiettivo sbagliato.<\/p>\n<p>Il <strong>DIGITAL MARKETING<\/strong> non \u00e8 occasionale e tattico, ma strutturale e prospettico, con orientamento verso il consumatore (cliente finale), dall\u2019interno dell\u2019impresa verso l\u2019esterno (il mercato), o verso l\u2019impresa, intesa come utilizzatore attivo delle leve del marketing mix per ottenerne i ricercati vantaggi come consumatore (cliente finale).<\/p>\n<p>Se analizziamo la prima opzione attraverso il DIGITAL MARKETING si pu\u00f2 (si deve?) riorientare la propria impresa. Ma applicare i principi del DIGITAL MARKETING significa avere un\u2019idea chiara del proprio business plan, dei propri obiettivi aziendali, del percorso che si vuole compiere per raggiungerli, cavalcando, e spesso anticipando, i comportamenti del consumatore e del proprio cliente.<\/p>\n<p>E\u2019 necessario, quindi, PARTIRE DALLE BASI.<\/p>\n<p>Il <strong>MARKETING<\/strong> \u00e8 storicamente e didatticamente rappresentato dalla ancora valida teoria delle 4P (Mc Carthy-Kotler). Al mix tra le leve del Prodotto, Prezzo, Posizionamento, Pubblicit\u00e0 si \u00e8 aggiunta, assumendo sempre maggiore dignit\u00e0, una quinta P (Persone) che oggi, in un mondo virtuale, digitale, multicanale, assurge a guida delle altre P, in ottica di customer centricity.<\/p>\n<p>Questi principi sono totalmente applicabili al business assicurativo da parte dell\u2019Intermediario nella gestione e sviluppo dei propri servizi.<\/p>\n<p>L\u2019esperienza di AMISSIMA ASSICURAZIONI ha tenuto conto fin dal 2017 di tutti questi aspetti strategici ed orientato la Rete nel senso sopra esposto. La base strategica \u00e8 stata:<\/p>\n<p><strong>IL CLIENTE FINALE E\u2019 DELL\u2019INTERMEDIARIO<\/strong> quindi la Compagnia ha costruito supporti di marketing (white Label) a disposizione della Rete.<\/p>\n<p><strong>L\u2019IMPRESA AGENZIA DEVE ESSERE SOSTENIBILE E SNELLA<\/strong> quindi ha fornito alla Rete il modello SMART AGENCY, che consente l\u2019uso integrato di social, strumenti digitali di pagamento, cruscotti guida nell\u2019analisi dell\u2019andamento dell\u2019agenzia, formazione specialistica tesa a rafforzare le competenze di imprenditore digital dell\u2019intermediario.<\/p>\n<p><strong>SUL MERCATO RILEVA L\u2019INTERMEDIARIO PIU\u2019 CHE LA COMPAGNIA<\/strong> e quindi ha lanciato un pluriennale piano di comunicazione e di brand identity, creando l\u2019immagine dell\u2019intermediario consulente che usa la Compagnia, e non il contrario, per soddisfare i bisogni del cliente. Il piano ha avuto grande successo, tale da far scalare la classifica della brand awareness delle Compagnie ed essere ancora oggi il 6\u00b0 marchio pi\u00f9 conosciuto del mercato italiano.<\/p>\n<p>&nbsp;<\/p>\n<h2><span style=\"color: #800000;\"><strong>Il ruolo dei social media in una strategia di smart engagement<\/strong><\/span><\/h2>\n<p>Conseguentemente molto collegato al tema precedente \u00e8 il ruolo che i social media oggi rivestono nella nostra vita. Troppo spesso pensiamo ai nostri clienti come diversi da noi e l\u2019intermediario commette spesso l\u2019errore di porsi in una posizione sovraordinata rispetto al consumatore.<\/p>\n<p>In realt\u00e0 la strada da seguire \u00e8 quella dell\u2019osservazione dei propri comportamenti. L\u2019intermediario \u00e8 anch\u2019egli un consumatore, anche quando esercita la professione, dunque il consumatore vuole:<\/p>\n<ol>\n<li>UNA CUSTOMER JOURNEY SEMPLICE E COMODA<\/li>\n<li>UN LINGUAGGIO SINTETICO, CHIARO E COMPRENSIBILE<\/li>\n<li>UNA ACCESSIBILITA\u2019 AI SERVIZI ANALOGA A QUELLA CUI E\u2019ABITUATO NELLA SUA ESPERIENZA CON ALTRI MONDI DI SERVIZI<\/li>\n<li>POTER PERCEPIRE LA REALE UTILITA\u2019 DEL SERVIZIO CHE STA COMPRANDO<\/li>\n<li>APPARTENERE A COMUNITA\u2019 OMOGENEE DI CONSUMATORI AI QUALI POTER CHIEDERE CONSIGLI ED ESPERIENZE.<\/li>\n<\/ol>\n<p>La crisi pandemica mondiale ha soltanto accelerato processi che erano gi\u00e0 in evoluzione.<\/p>\n<p>Un esempio per tutti: nel 2020 il consumatore medio che usa la rete (con un aumento degli over 65) \u00e8 passato da circa 4,5 ore a 6,22 ore al giorno, segnando un incremento del 45%. E Facebook, ancora il social media pi\u00f9 diffuso, ha visto l\u2019utilizzatore italiano arrivare a una media giornaliera di interazione superiore alle 2,5 ore: un intermediario che presidi adeguatamente FB, quindi, pu\u00f2 stare in relazione con il cliente 2,5 ore al giorno e non, come ci dicono le statistiche di sempre, 15 minuti all\u2019anno in una circostanza percepita negativamente quale il momento del pagamento della polizza.<\/p>\n<p>Uno <strong>SMART ENGAGEMENT<\/strong> AMISSIMA ASSICURAZIONI lo ha realizzato con la comunit\u00e0 FB \u201cTalenti di Amissima\u201d, alla quale accedono &#8211; a richiesta &#8211; tutti gli appartenenti alla famiglia Amissima (management, agenti, rete di vendita, impiegati, etc.) e che oggi rappresenta la \u201cpiazza\u201d nella quale ci si scambia informazioni, si celebrano i successi, si condividono momenti di vita personale e familiare, e tanto altro.<\/p>\n<p>La Compagnia ha poi fornito alla Rete tutti gli strumenti ed il supporto per la creazione di altrettante comunit\u00e0 guidate e gestite dalle singole rappresentanze locali. Oggi annoveriamo esempi eccellenti di gestione delle \u201cpiazze locali\u201d e del portafoglio clienti, non solo \u201cspazi\u201d relazionali, ma nei quali si realizza anche parte dei processi di vendita.<\/p>\n","protected":false},"excerpt":{"rendered":"<p>&nbsp; Intervista Antonio Scognamillo\u00a0Direttore Commerciale AMISSIMA ASSICURAZIONI\u00a0 &nbsp; &nbsp; &nbsp; Cosa significa digital marketing per gli intermediari e quali opportunit\u00e0 pu\u00f2 offrire loro? In tempi di distanziamento sociale \u00e8 facile pensare \u201ccome possiamo fare le stesse cose che facevamo prima, utilizzando la strumentazione digitale?\u201d. Cos\u00ec posto il tema pu\u00f2 essere fuorviante. E l\u2019obiettivo sbagliato. Il [&hellip;]<\/p>\n","protected":false},"author":2,"featured_media":0,"parent":0,"menu_order":0,"comment_status":"closed","ping_status":"closed","template":"","meta":{"footnotes":""},"yoast_head":"<!-- This site is optimized with the Yoast SEO plugin v22.9 - https:\/\/yoast.com\/wordpress\/plugins\/seo\/ -->\n<title>zIntervista Scognamillo AMISSIMA ASSICURAZIONI - It&#039;s all Banking &amp; Insurance<\/title>\n<meta name=\"robots\" content=\"index, follow, max-snippet:-1, max-image-preview:large, max-video-preview:-1\" \/>\n<link rel=\"canonical\" href=\"https:\/\/itsall-banking-insurance.com\/index.php\/intervista-scognamillo-amissima-assicurazioni\/\" \/>\n<meta property=\"og:locale\" content=\"it_IT\" \/>\n<meta property=\"og:type\" content=\"article\" \/>\n<meta property=\"og:title\" content=\"zIntervista Scognamillo AMISSIMA ASSICURAZIONI - It&#039;s all Banking &amp; Insurance\" \/>\n<meta property=\"og:description\" content=\"&nbsp; Intervista Antonio Scognamillo\u00a0Direttore Commerciale AMISSIMA ASSICURAZIONI\u00a0 &nbsp; &nbsp; &nbsp; Cosa significa digital marketing per gli intermediari e quali opportunit\u00e0 pu\u00f2 offrire loro? In tempi di distanziamento sociale \u00e8 facile pensare \u201ccome possiamo fare le stesse cose che facevamo prima, utilizzando la strumentazione digitale?\u201d. Cos\u00ec posto il tema pu\u00f2 essere fuorviante. E l\u2019obiettivo sbagliato. Il [&hellip;]\" \/>\n<meta property=\"og:url\" content=\"https:\/\/itsall-banking-insurance.com\/index.php\/intervista-scognamillo-amissima-assicurazioni\/\" \/>\n<meta property=\"og:site_name\" content=\"It&#039;s all Banking &amp; Insurance\" \/>\n<meta property=\"article:modified_time\" content=\"2022-03-08T10:16:46+00:00\" \/>\n<meta property=\"og:image\" content=\"http:\/\/itsall-banking-insurance.com\/wp-content\/uploads\/2021\/02\/SCOGNAMILLO-1.jpg\" \/>\n<meta name=\"twitter:card\" content=\"summary_large_image\" \/>\n<meta name=\"twitter:label1\" content=\"Tempo di lettura stimato\" \/>\n\t<meta name=\"twitter:data1\" content=\"4 minuti\" \/>\n<script type=\"application\/ld+json\" class=\"yoast-schema-graph\">{\"@context\":\"https:\/\/schema.org\",\"@graph\":[{\"@type\":\"WebPage\",\"@id\":\"https:\/\/itsall-banking-insurance.com\/index.php\/intervista-scognamillo-amissima-assicurazioni\/\",\"url\":\"https:\/\/itsall-banking-insurance.com\/index.php\/intervista-scognamillo-amissima-assicurazioni\/\",\"name\":\"zIntervista Scognamillo AMISSIMA ASSICURAZIONI - It&#039;s all Banking &amp; Insurance\",\"isPartOf\":{\"@id\":\"https:\/\/itsall-banking-insurance.com\/#website\"},\"primaryImageOfPage\":{\"@id\":\"https:\/\/itsall-banking-insurance.com\/index.php\/intervista-scognamillo-amissima-assicurazioni\/#primaryimage\"},\"image\":{\"@id\":\"https:\/\/itsall-banking-insurance.com\/index.php\/intervista-scognamillo-amissima-assicurazioni\/#primaryimage\"},\"thumbnailUrl\":\"http:\/\/itsall-banking-insurance.com\/wp-content\/uploads\/2021\/02\/SCOGNAMILLO-1.jpg\",\"datePublished\":\"2021-03-10T09:20:02+00:00\",\"dateModified\":\"2022-03-08T10:16:46+00:00\",\"breadcrumb\":{\"@id\":\"https:\/\/itsall-banking-insurance.com\/index.php\/intervista-scognamillo-amissima-assicurazioni\/#breadcrumb\"},\"inLanguage\":\"it-IT\",\"potentialAction\":[{\"@type\":\"ReadAction\",\"target\":[\"https:\/\/itsall-banking-insurance.com\/index.php\/intervista-scognamillo-amissima-assicurazioni\/\"]}]},{\"@type\":\"ImageObject\",\"inLanguage\":\"it-IT\",\"@id\":\"https:\/\/itsall-banking-insurance.com\/index.php\/intervista-scognamillo-amissima-assicurazioni\/#primaryimage\",\"url\":\"http:\/\/itsall-banking-insurance.com\/wp-content\/uploads\/2021\/02\/SCOGNAMILLO-1.jpg\",\"contentUrl\":\"http:\/\/itsall-banking-insurance.com\/wp-content\/uploads\/2021\/02\/SCOGNAMILLO-1.jpg\"},{\"@type\":\"BreadcrumbList\",\"@id\":\"https:\/\/itsall-banking-insurance.com\/index.php\/intervista-scognamillo-amissima-assicurazioni\/#breadcrumb\",\"itemListElement\":[{\"@type\":\"ListItem\",\"position\":1,\"name\":\"Home\",\"item\":\"https:\/\/itsall-banking-insurance.com\/\"},{\"@type\":\"ListItem\",\"position\":2,\"name\":\"zIntervista Scognamillo AMISSIMA ASSICURAZIONI\"}]},{\"@type\":\"WebSite\",\"@id\":\"https:\/\/itsall-banking-insurance.com\/#website\",\"url\":\"https:\/\/itsall-banking-insurance.com\/\",\"name\":\"It&#039;s all Banking &amp; Insurance\",\"description\":\"BANCHE e ASSICURAZIONI a confronto\",\"potentialAction\":[{\"@type\":\"SearchAction\",\"target\":{\"@type\":\"EntryPoint\",\"urlTemplate\":\"https:\/\/itsall-banking-insurance.com\/?s={search_term_string}\"},\"query-input\":\"required name=search_term_string\"}],\"inLanguage\":\"it-IT\"}]}<\/script>\n<!-- \/ Yoast SEO plugin. -->","yoast_head_json":{"title":"zIntervista Scognamillo AMISSIMA ASSICURAZIONI - It&#039;s all Banking &amp; Insurance","robots":{"index":"index","follow":"follow","max-snippet":"max-snippet:-1","max-image-preview":"max-image-preview:large","max-video-preview":"max-video-preview:-1"},"canonical":"https:\/\/itsall-banking-insurance.com\/index.php\/intervista-scognamillo-amissima-assicurazioni\/","og_locale":"it_IT","og_type":"article","og_title":"zIntervista Scognamillo AMISSIMA ASSICURAZIONI - It&#039;s all Banking &amp; Insurance","og_description":"&nbsp; Intervista Antonio Scognamillo\u00a0Direttore Commerciale AMISSIMA ASSICURAZIONI\u00a0 &nbsp; &nbsp; &nbsp; Cosa significa digital marketing per gli intermediari e quali opportunit\u00e0 pu\u00f2 offrire loro? In tempi di distanziamento sociale \u00e8 facile pensare \u201ccome possiamo fare le stesse cose che facevamo prima, utilizzando la strumentazione digitale?\u201d. Cos\u00ec posto il tema pu\u00f2 essere fuorviante. E l\u2019obiettivo sbagliato. Il [&hellip;]","og_url":"https:\/\/itsall-banking-insurance.com\/index.php\/intervista-scognamillo-amissima-assicurazioni\/","og_site_name":"It&#039;s all Banking &amp; Insurance","article_modified_time":"2022-03-08T10:16:46+00:00","og_image":[{"url":"http:\/\/itsall-banking-insurance.com\/wp-content\/uploads\/2021\/02\/SCOGNAMILLO-1.jpg"}],"twitter_card":"summary_large_image","twitter_misc":{"Tempo di lettura stimato":"4 minuti"},"schema":{"@context":"https:\/\/schema.org","@graph":[{"@type":"WebPage","@id":"https:\/\/itsall-banking-insurance.com\/index.php\/intervista-scognamillo-amissima-assicurazioni\/","url":"https:\/\/itsall-banking-insurance.com\/index.php\/intervista-scognamillo-amissima-assicurazioni\/","name":"zIntervista Scognamillo AMISSIMA ASSICURAZIONI - It&#039;s all Banking &amp; Insurance","isPartOf":{"@id":"https:\/\/itsall-banking-insurance.com\/#website"},"primaryImageOfPage":{"@id":"https:\/\/itsall-banking-insurance.com\/index.php\/intervista-scognamillo-amissima-assicurazioni\/#primaryimage"},"image":{"@id":"https:\/\/itsall-banking-insurance.com\/index.php\/intervista-scognamillo-amissima-assicurazioni\/#primaryimage"},"thumbnailUrl":"http:\/\/itsall-banking-insurance.com\/wp-content\/uploads\/2021\/02\/SCOGNAMILLO-1.jpg","datePublished":"2021-03-10T09:20:02+00:00","dateModified":"2022-03-08T10:16:46+00:00","breadcrumb":{"@id":"https:\/\/itsall-banking-insurance.com\/index.php\/intervista-scognamillo-amissima-assicurazioni\/#breadcrumb"},"inLanguage":"it-IT","potentialAction":[{"@type":"ReadAction","target":["https:\/\/itsall-banking-insurance.com\/index.php\/intervista-scognamillo-amissima-assicurazioni\/"]}]},{"@type":"ImageObject","inLanguage":"it-IT","@id":"https:\/\/itsall-banking-insurance.com\/index.php\/intervista-scognamillo-amissima-assicurazioni\/#primaryimage","url":"http:\/\/itsall-banking-insurance.com\/wp-content\/uploads\/2021\/02\/SCOGNAMILLO-1.jpg","contentUrl":"http:\/\/itsall-banking-insurance.com\/wp-content\/uploads\/2021\/02\/SCOGNAMILLO-1.jpg"},{"@type":"BreadcrumbList","@id":"https:\/\/itsall-banking-insurance.com\/index.php\/intervista-scognamillo-amissima-assicurazioni\/#breadcrumb","itemListElement":[{"@type":"ListItem","position":1,"name":"Home","item":"https:\/\/itsall-banking-insurance.com\/"},{"@type":"ListItem","position":2,"name":"zIntervista Scognamillo AMISSIMA ASSICURAZIONI"}]},{"@type":"WebSite","@id":"https:\/\/itsall-banking-insurance.com\/#website","url":"https:\/\/itsall-banking-insurance.com\/","name":"It&#039;s all Banking &amp; Insurance","description":"BANCHE e ASSICURAZIONI a confronto","potentialAction":[{"@type":"SearchAction","target":{"@type":"EntryPoint","urlTemplate":"https:\/\/itsall-banking-insurance.com\/?s={search_term_string}"},"query-input":"required name=search_term_string"}],"inLanguage":"it-IT"}]}},"_links":{"self":[{"href":"https:\/\/itsall-banking-insurance.com\/index.php\/wp-json\/wp\/v2\/pages\/4852"}],"collection":[{"href":"https:\/\/itsall-banking-insurance.com\/index.php\/wp-json\/wp\/v2\/pages"}],"about":[{"href":"https:\/\/itsall-banking-insurance.com\/index.php\/wp-json\/wp\/v2\/types\/page"}],"author":[{"embeddable":true,"href":"https:\/\/itsall-banking-insurance.com\/index.php\/wp-json\/wp\/v2\/users\/2"}],"replies":[{"embeddable":true,"href":"https:\/\/itsall-banking-insurance.com\/index.php\/wp-json\/wp\/v2\/comments?post=4852"}],"version-history":[{"count":5,"href":"https:\/\/itsall-banking-insurance.com\/index.php\/wp-json\/wp\/v2\/pages\/4852\/revisions"}],"predecessor-version":[{"id":5516,"href":"https:\/\/itsall-banking-insurance.com\/index.php\/wp-json\/wp\/v2\/pages\/4852\/revisions\/5516"}],"wp:attachment":[{"href":"https:\/\/itsall-banking-insurance.com\/index.php\/wp-json\/wp\/v2\/media?parent=4852"}],"curies":[{"name":"wp","href":"https:\/\/api.w.org\/{rel}","templated":true}]}}