{"id":5007,"date":"2021-10-13T14:55:43","date_gmt":"2021-10-13T12:55:43","guid":{"rendered":"http:\/\/itsall-banking-insurance.com\/?page_id=5007"},"modified":"2022-03-08T11:17:39","modified_gmt":"2022-03-08T10:17:39","slug":"intervista-turrin-quadient","status":"publish","type":"page","link":"https:\/\/itsall-banking-insurance.com\/index.php\/intervista-turrin-quadient\/","title":{"rendered":"zintervista Turrin QUADIENT"},"content":{"rendered":"<h1><span style=\"color: #800000;\"><img loading=\"lazy\" decoding=\"async\" class=\"size-full wp-image-5006 alignleft\" src=\"http:\/\/itsall-banking-insurance.com\/wp-content\/uploads\/2021\/10\/TURRIN.jpg\" alt=\"\" width=\"200\" height=\"200\" srcset=\"https:\/\/itsall-banking-insurance.com\/wp-content\/uploads\/2021\/10\/TURRIN.jpg 200w, https:\/\/itsall-banking-insurance.com\/wp-content\/uploads\/2021\/10\/TURRIN-150x150.jpg 150w\" sizes=\"(max-width: 200px) 100vw, 200px\" \/><\/span><\/h1>\n<h1><\/h1>\n<h1><\/h1>\n<p>&nbsp;<\/p>\n<h1><span style=\"color: #800000;\">Intervista\u00a0<\/span><\/h1>\n<p><strong>Samantha Turrin <\/strong>CXM Industry Principle Italy <strong>QUADIENT<\/strong><\/p>\n<p>&nbsp;<\/p>\n<p>&nbsp;<\/p>\n<p>&nbsp;<\/p>\n<h2><span style=\"color: #800000;\"><strong>Possiamo fare il punto della situazione sull\u2019accelerazione della Digitalizzazione in un contesto che possiamo definire quasi Post-Covid?<\/strong><\/span><\/h2>\n<p>Da un anno circa, osserviamo come, a valle della situazione Covid, la digitalizzazione abbia subito un\u2019accelerazione mai vista prima. Ad esempio, Ania e Banca d\u2019Italia, hanno intensificato le comunicazioni riguardanti la richiesta di digitalizzare i processi il pi\u00f9 possibile, onde evitare che le persone si dovessero presentare fisicamente agli sportelli.<\/p>\n<p>Di conseguenza, le aziende hanno iniziato dei processi di revisione interna e un loro percorso di digitalizzazione ed, ovviamente, la parte pi\u00f9 rilevante ha riguardato i contratti ma anche la decisione di semplificare e rivedere la comunicazione verso i propri clienti. Se da una parte c\u2019\u00e8 stata una spinta anche dal punto di vista legislativo verso il digitale, dall\u2019altra le aziende hanno visto l\u2019opportunit\u00e0 e la necessit\u00e0 di concentrarsi sul far rimanere il pi\u00f9 a lungo possibile i propri clienti fidelizzandoli. Non potendosi fisicamente incontrare, il terreno di gioco si \u00e8 chiaramente spostato sul digitale e sulla frequenza\/personalizzazione della comunicazione. \u00c8 chiara la focalizzazione delle aziende su questo tema e proprio per questo le imprese cercano il pi\u00f9 possibile di personalizzare le comunicazioni aumentando la frequenza di ingaggio con i propri clienti. Di fatto risulta molto importante conservare in questi momenti difficili i clienti, possibilmente mettendoli a proprio agio per ridurre la probabilit\u00e0 che questi abbandonino l\u2019azienda.<\/p>\n<p>Alcune imprese hanno dunque iniziato un percorso di re-design dei processi relativi alla clientela assumendo il punto di vista del cliente stesso ed uscendo dal concetto tradizionale che debba essere l\u2019utente ad adeguarsi ai processi aziendali e non viceversa. Questo \u00e8 un aspetto chiave per il miglioramento della <em>Customer Experience<\/em> e per la fidelizzazione ma \u00e8 solo il punto di partenza dal quale cominciare a misurare l\u2019efficacia rispetto all\u2019obiettivo prefissato.\u00a0 Di fatto, in mezzo troviamo tutta una serie di processi in cui la comunicazione dovrebbe essere ripensata, digitalizzata e personalizzata il pi\u00f9 possibile in base al profilo di ogni singolo cliente.<\/p>\n<p>Questa \u00e8 anche la <em>vision<\/em> strategica su cui si basa la soluzione Quadient per la <em>Customer Experience<\/em> Management.<\/p>\n<p>Oltre a quanto precedentemente descritto, ovvero la necessit\u00e0 di digitalizzare i processi verso i clienti e quindi anche le comunicazioni che ne fanno parte, la <strong><em>compliance<\/em> <\/strong>rimane un punto di forte attenzione per limitare e possibilmente azzerare gli eventi di <em>non-compliance<\/em> che hanno effetti negativi sull\u2019immagine aziendale. Certo l\u2019aspetto legislativo \u00e8 preponderante e prioritario e finalmente le aziende oggi sono sempre pi\u00f9 attente anche a questi aspetti. Ulteriore aspetto rilevato come comune ai due segmenti verticali, assicurazioni e banche, \u00e8 la <strong>velocit\u00e0 con cui gli utenti business possono realizzare nuovi progetti comunicativi<\/strong> o adeguare a tempo zero le comunicazioni sui vari canali (per canali intendiamo ovviamente non solo il cartaceo ma anche email, social, web site, mobile app) <strong>senza la necessit\u00e0 di ricorrere sistematicamente al supporto IT<\/strong> e decidendo le opportune tempistiche in base alle necessit\u00e0 legali o di business. L\u2019<strong>agilit\u00e0<\/strong> nelle modalit\u00e0 di comunicazione assieme all\u2019impiego di una <strong>soluzione molto intuitiva<\/strong> offrono la possibilit\u00e0 ad utenti non tecnici di creare e gestire le comunicazioni multicanale nell\u2019ambito dei compiti\/progetti assegnati e tutto ci\u00f2 \u00e8 visto spesso come un requisito indispensabile nelle forniture delle soluzioni.<\/p>\n<p>Quadient CXM Inspire Platform \u00e8 la soluzione che traghetta il CCM in una pi\u00f9 ampia e strategica gestione della C<em>ustomer experience<\/em>. Tramite l\u2019acquisizione e la raccolta di informazioni sulle preferenze relative allo stile di vita del cliente e delle transazioni commerciali intercorse ricavate da una serie di sorgenti, integrate con i vari sistemi informativi come, ad esempio, il CRM e l\u2019ERP cos\u00ec come i sistemi di pianificazione e di gestione finanziaria, Quadient CXM Inspire offre la possibilit\u00e0 di rivolgersi a ogni singolo cliente in modo personalizzato e puntuale, consentendo al mondo finanziario di creare relazioni di qualit\u00e0, pi\u00f9 stabili e pi\u00f9 redditizie.<\/p>\n<h1><\/h1>\n<p>&nbsp;<\/p>\n<h2><span style=\"color: #800000;\"><strong>Quali sono i consigli e le raccomandazioni di Quadient CXM per gestire la comunicazione con il cliente e garantire una Customer Experience d\u2019eccellenza?<\/strong><\/span><\/h2>\n<p>Nell\u2019era della multicanalit\u00e0, occorre comunicare e inviare documenti in modo sempre corretto e coerente, orchestrando tutti i canali, con una visione olistica dei flussi che pone il contenuto e i dati dei clienti al centro. Telco, Utility, aziende del settore Finance e ogni impresa con un volume di comunicazioni importante possono trarre enorme vantaggio da una piattaforma congiunta di <em>Customer Communication<\/em> e di <em>Customer Experience<\/em> , migliorando il servizio e garantendo al tempo stesso la compliance.<\/p>\n<p><u>Una comunicazione corretta, coerente, trasparente, tempestiva e personalizzata:<\/u> \u00e8 questo che i clienti si aspettano dalle aziende, indipendentemente dal canale che scelgono di utilizzare, una mail, un sms, un messaggio o anche una notifica via app.<\/p>\n<p>In un mercato dove differenziare i prodotti e i servizi \u00e8 sempre pi\u00f9 difficile, l\u2019esperienza vissuta nelle relazioni fa la differenza agli occhi del consumatore e su questo le aziende si giocano la loro reputazione e la credibilit\u00e0. La <em>Customer Communication<\/em> \u00e8 parte fondamentale della <em>Customer Experience<\/em> ed insieme sono una leva competitiva importantissima.<\/p>\n<p>Nell\u2019era della multicanalit\u00e0, la comunicazione deve seguire un <em>Journey<\/em> preciso, orchestrando i diversi canali e i <em>touch point<\/em> con i clienti. \u00c8 un aspetto cruciale soprattutto per le grandi organizzazioni, come Utility, Telco o aziende del comparto Finance che si trovano a veicolare un grande flusso di documenti verso l\u2019esterno come preventivi, contratti, fatture e bollette e a gestire numerose richieste. Ognuna di queste realt\u00e0 deve impostare <strong>messaggi coerenti e sempre corretti per un ingaggio sicuro e che faccia risaltare il Brand positivamente.<\/strong><\/p>\n<p>Ma cosa significa esattamente orchestrare la comunicazione con i clienti?<\/p>\n<p>La consistenza e la correttezza del contenuto deve essere garantita in ogni messaggio inviato al cliente che avr\u00e0 a disposizione molti device e molti canali per comunicare. Un contenuto coerente \u00e8 alla base dell\u2019engagement ed \u00e8 indice di una qualit\u00e0 del servizio elevata, un fattore che permette di differenziarsi e ridurre il tasso d&#8217;abbandono dei clienti.<\/p>\n<p>Orchestrare le comunicazioni significa avere una visione olistica, cosa che purtroppo ancora oggi, in molti casi, non avviene.<\/p>\n<p>Inoltre, in un contesto multicanale, ogni mezzo ha un valore diverso e pu\u00f2 essere usato in modo differenziato. Ad esempio, un\u2019azienda pu\u00f2 decidere di contattare i clienti via email, poi di inviare un sms a coloro che non hanno dato risposta e, infine, di chiamare al telefono coloro che non rispondono neanche al messaggio. Anche questa \u00e8 orchestrazione.<\/p>\n<p>Il ruolo di una piattaforma di <em>Customer Communication <\/em>e <em>Customer Experience<\/em> \u00e8 dunque quello di aiutare le grandi aziende ad instaurare una conversazione coerente con i clienti, in modo trasparente rispetto agli applicativi aziendali che sono separati.<\/p>\n<p>Il proliferare di applicazioni verticali per le email, gli sms etc., ha creato una chiara difficolt\u00e0 nel mantenere i contenuti costanti e corretti sui vari dispositivi. Al centro devono esserci il dato del cliente e il contenuto e attorno occorre orchestrare la conversazione integrando tutte le informazioni per offrire comunicazioni personalizzate.<\/p>\n<p><strong>Garantire la compliance della documentazione<\/strong><\/p>\n<p>Un altro importante utilizzo, questa volta nel back end, \u00e8 la garanzia di compliance nella contrattualistica, aspetto che riguarda soprattutto banche e assicurazioni, ma non solo. Ogni documento, infatti, deve essere verificato da diversi dipartimenti aziendali: l\u2019ufficio legale, il marketing, il dipartimento commerciale o altri.\u00a0 Occorre dunque creare un workflow, tracciare cio\u00e8 un percorso che permetta ai diversi dipartimenti di visionare il documento e realizzare le modifiche in modo coerente per l\u2019azienda, seguendo regole di business ed evitando errori, che potrebbero essere non solo motivo di insoddisfazione da parte del cliente, ma anche oggetto di contenzioso legale.<\/p>\n<p>La piattaforma Quadient abilita le integrazioni con i dati contenuti nei diversi applicativi aziendali come il CRM, garantisce che le comunicazioni erogate siano memorizzate in un unico punto e permette cos\u00ec l\u2019automazione delle comunicazioni, il tutto sempre a vantaggio del business.<\/p>\n","protected":false},"excerpt":{"rendered":"<p>&nbsp; Intervista\u00a0 Samantha Turrin CXM Industry Principle Italy QUADIENT &nbsp; &nbsp; &nbsp; Possiamo fare il punto della situazione sull\u2019accelerazione della Digitalizzazione in un contesto che possiamo definire quasi Post-Covid? Da un anno circa, osserviamo come, a valle della situazione Covid, la digitalizzazione abbia subito un\u2019accelerazione mai vista prima. Ad esempio, Ania e Banca d\u2019Italia, hanno [&hellip;]<\/p>\n","protected":false},"author":2,"featured_media":0,"parent":0,"menu_order":0,"comment_status":"closed","ping_status":"closed","template":"","meta":{"footnotes":""},"yoast_head":"<!-- This site is optimized with the Yoast SEO plugin v22.9 - https:\/\/yoast.com\/wordpress\/plugins\/seo\/ -->\n<title>zintervista Turrin QUADIENT - It&#039;s all Banking &amp; Insurance<\/title>\n<meta name=\"robots\" content=\"index, follow, max-snippet:-1, max-image-preview:large, max-video-preview:-1\" \/>\n<link rel=\"canonical\" href=\"https:\/\/itsall-banking-insurance.com\/index.php\/intervista-turrin-quadient\/\" \/>\n<meta property=\"og:locale\" content=\"it_IT\" \/>\n<meta property=\"og:type\" content=\"article\" \/>\n<meta property=\"og:title\" content=\"zintervista Turrin QUADIENT - It&#039;s all Banking &amp; Insurance\" \/>\n<meta property=\"og:description\" content=\"&nbsp; Intervista\u00a0 Samantha Turrin CXM Industry Principle Italy QUADIENT &nbsp; &nbsp; &nbsp; Possiamo fare il punto della situazione sull\u2019accelerazione della Digitalizzazione in un contesto che possiamo definire quasi Post-Covid? Da un anno circa, osserviamo come, a valle della situazione Covid, la digitalizzazione abbia subito un\u2019accelerazione mai vista prima. Ad esempio, Ania e Banca d\u2019Italia, hanno [&hellip;]\" \/>\n<meta property=\"og:url\" content=\"https:\/\/itsall-banking-insurance.com\/index.php\/intervista-turrin-quadient\/\" \/>\n<meta property=\"og:site_name\" content=\"It&#039;s all Banking &amp; Insurance\" \/>\n<meta property=\"article:modified_time\" content=\"2022-03-08T10:17:39+00:00\" \/>\n<meta property=\"og:image\" content=\"http:\/\/itsall-banking-insurance.com\/wp-content\/uploads\/2021\/10\/TURRIN.jpg\" \/>\n<meta name=\"twitter:card\" content=\"summary_large_image\" \/>\n<meta name=\"twitter:label1\" content=\"Tempo di lettura stimato\" \/>\n\t<meta name=\"twitter:data1\" content=\"6 minuti\" \/>\n<script type=\"application\/ld+json\" class=\"yoast-schema-graph\">{\"@context\":\"https:\/\/schema.org\",\"@graph\":[{\"@type\":\"WebPage\",\"@id\":\"https:\/\/itsall-banking-insurance.com\/index.php\/intervista-turrin-quadient\/\",\"url\":\"https:\/\/itsall-banking-insurance.com\/index.php\/intervista-turrin-quadient\/\",\"name\":\"zintervista Turrin QUADIENT - It&#039;s all Banking &amp; Insurance\",\"isPartOf\":{\"@id\":\"https:\/\/itsall-banking-insurance.com\/#website\"},\"primaryImageOfPage\":{\"@id\":\"https:\/\/itsall-banking-insurance.com\/index.php\/intervista-turrin-quadient\/#primaryimage\"},\"image\":{\"@id\":\"https:\/\/itsall-banking-insurance.com\/index.php\/intervista-turrin-quadient\/#primaryimage\"},\"thumbnailUrl\":\"http:\/\/itsall-banking-insurance.com\/wp-content\/uploads\/2021\/10\/TURRIN.jpg\",\"datePublished\":\"2021-10-13T12:55:43+00:00\",\"dateModified\":\"2022-03-08T10:17:39+00:00\",\"breadcrumb\":{\"@id\":\"https:\/\/itsall-banking-insurance.com\/index.php\/intervista-turrin-quadient\/#breadcrumb\"},\"inLanguage\":\"it-IT\",\"potentialAction\":[{\"@type\":\"ReadAction\",\"target\":[\"https:\/\/itsall-banking-insurance.com\/index.php\/intervista-turrin-quadient\/\"]}]},{\"@type\":\"ImageObject\",\"inLanguage\":\"it-IT\",\"@id\":\"https:\/\/itsall-banking-insurance.com\/index.php\/intervista-turrin-quadient\/#primaryimage\",\"url\":\"http:\/\/itsall-banking-insurance.com\/wp-content\/uploads\/2021\/10\/TURRIN.jpg\",\"contentUrl\":\"http:\/\/itsall-banking-insurance.com\/wp-content\/uploads\/2021\/10\/TURRIN.jpg\"},{\"@type\":\"BreadcrumbList\",\"@id\":\"https:\/\/itsall-banking-insurance.com\/index.php\/intervista-turrin-quadient\/#breadcrumb\",\"itemListElement\":[{\"@type\":\"ListItem\",\"position\":1,\"name\":\"Home\",\"item\":\"https:\/\/itsall-banking-insurance.com\/\"},{\"@type\":\"ListItem\",\"position\":2,\"name\":\"zintervista Turrin QUADIENT\"}]},{\"@type\":\"WebSite\",\"@id\":\"https:\/\/itsall-banking-insurance.com\/#website\",\"url\":\"https:\/\/itsall-banking-insurance.com\/\",\"name\":\"It&#039;s all Banking &amp; Insurance\",\"description\":\"BANCHE e ASSICURAZIONI a confronto\",\"potentialAction\":[{\"@type\":\"SearchAction\",\"target\":{\"@type\":\"EntryPoint\",\"urlTemplate\":\"https:\/\/itsall-banking-insurance.com\/?s={search_term_string}\"},\"query-input\":\"required name=search_term_string\"}],\"inLanguage\":\"it-IT\"}]}<\/script>\n<!-- \/ Yoast SEO plugin. -->","yoast_head_json":{"title":"zintervista Turrin QUADIENT - It&#039;s all Banking &amp; Insurance","robots":{"index":"index","follow":"follow","max-snippet":"max-snippet:-1","max-image-preview":"max-image-preview:large","max-video-preview":"max-video-preview:-1"},"canonical":"https:\/\/itsall-banking-insurance.com\/index.php\/intervista-turrin-quadient\/","og_locale":"it_IT","og_type":"article","og_title":"zintervista Turrin QUADIENT - It&#039;s all Banking &amp; Insurance","og_description":"&nbsp; Intervista\u00a0 Samantha Turrin CXM Industry Principle Italy QUADIENT &nbsp; &nbsp; &nbsp; Possiamo fare il punto della situazione sull\u2019accelerazione della Digitalizzazione in un contesto che possiamo definire quasi Post-Covid? Da un anno circa, osserviamo come, a valle della situazione Covid, la digitalizzazione abbia subito un\u2019accelerazione mai vista prima. Ad esempio, Ania e Banca d\u2019Italia, hanno [&hellip;]","og_url":"https:\/\/itsall-banking-insurance.com\/index.php\/intervista-turrin-quadient\/","og_site_name":"It&#039;s all Banking &amp; Insurance","article_modified_time":"2022-03-08T10:17:39+00:00","og_image":[{"url":"http:\/\/itsall-banking-insurance.com\/wp-content\/uploads\/2021\/10\/TURRIN.jpg"}],"twitter_card":"summary_large_image","twitter_misc":{"Tempo di lettura stimato":"6 minuti"},"schema":{"@context":"https:\/\/schema.org","@graph":[{"@type":"WebPage","@id":"https:\/\/itsall-banking-insurance.com\/index.php\/intervista-turrin-quadient\/","url":"https:\/\/itsall-banking-insurance.com\/index.php\/intervista-turrin-quadient\/","name":"zintervista Turrin QUADIENT - It&#039;s all Banking &amp; Insurance","isPartOf":{"@id":"https:\/\/itsall-banking-insurance.com\/#website"},"primaryImageOfPage":{"@id":"https:\/\/itsall-banking-insurance.com\/index.php\/intervista-turrin-quadient\/#primaryimage"},"image":{"@id":"https:\/\/itsall-banking-insurance.com\/index.php\/intervista-turrin-quadient\/#primaryimage"},"thumbnailUrl":"http:\/\/itsall-banking-insurance.com\/wp-content\/uploads\/2021\/10\/TURRIN.jpg","datePublished":"2021-10-13T12:55:43+00:00","dateModified":"2022-03-08T10:17:39+00:00","breadcrumb":{"@id":"https:\/\/itsall-banking-insurance.com\/index.php\/intervista-turrin-quadient\/#breadcrumb"},"inLanguage":"it-IT","potentialAction":[{"@type":"ReadAction","target":["https:\/\/itsall-banking-insurance.com\/index.php\/intervista-turrin-quadient\/"]}]},{"@type":"ImageObject","inLanguage":"it-IT","@id":"https:\/\/itsall-banking-insurance.com\/index.php\/intervista-turrin-quadient\/#primaryimage","url":"http:\/\/itsall-banking-insurance.com\/wp-content\/uploads\/2021\/10\/TURRIN.jpg","contentUrl":"http:\/\/itsall-banking-insurance.com\/wp-content\/uploads\/2021\/10\/TURRIN.jpg"},{"@type":"BreadcrumbList","@id":"https:\/\/itsall-banking-insurance.com\/index.php\/intervista-turrin-quadient\/#breadcrumb","itemListElement":[{"@type":"ListItem","position":1,"name":"Home","item":"https:\/\/itsall-banking-insurance.com\/"},{"@type":"ListItem","position":2,"name":"zintervista Turrin QUADIENT"}]},{"@type":"WebSite","@id":"https:\/\/itsall-banking-insurance.com\/#website","url":"https:\/\/itsall-banking-insurance.com\/","name":"It&#039;s all Banking &amp; Insurance","description":"BANCHE e ASSICURAZIONI a confronto","potentialAction":[{"@type":"SearchAction","target":{"@type":"EntryPoint","urlTemplate":"https:\/\/itsall-banking-insurance.com\/?s={search_term_string}"},"query-input":"required name=search_term_string"}],"inLanguage":"it-IT"}]}},"_links":{"self":[{"href":"https:\/\/itsall-banking-insurance.com\/index.php\/wp-json\/wp\/v2\/pages\/5007"}],"collection":[{"href":"https:\/\/itsall-banking-insurance.com\/index.php\/wp-json\/wp\/v2\/pages"}],"about":[{"href":"https:\/\/itsall-banking-insurance.com\/index.php\/wp-json\/wp\/v2\/types\/page"}],"author":[{"embeddable":true,"href":"https:\/\/itsall-banking-insurance.com\/index.php\/wp-json\/wp\/v2\/users\/2"}],"replies":[{"embeddable":true,"href":"https:\/\/itsall-banking-insurance.com\/index.php\/wp-json\/wp\/v2\/comments?post=5007"}],"version-history":[{"count":4,"href":"https:\/\/itsall-banking-insurance.com\/index.php\/wp-json\/wp\/v2\/pages\/5007\/revisions"}],"predecessor-version":[{"id":5520,"href":"https:\/\/itsall-banking-insurance.com\/index.php\/wp-json\/wp\/v2\/pages\/5007\/revisions\/5520"}],"wp:attachment":[{"href":"https:\/\/itsall-banking-insurance.com\/index.php\/wp-json\/wp\/v2\/media?parent=5007"}],"curies":[{"name":"wp","href":"https:\/\/api.w.org\/{rel}","templated":true}]}}