{"id":5270,"date":"2021-11-29T17:22:34","date_gmt":"2021-11-29T16:22:34","guid":{"rendered":"http:\/\/itsall-banking-insurance.com\/?page_id=5270"},"modified":"2022-03-08T11:17:13","modified_gmt":"2022-03-08T10:17:13","slug":"intervista-sita-euris-it","status":"publish","type":"page","link":"https:\/\/itsall-banking-insurance.com\/index.php\/intervista-sita-euris-it\/","title":{"rendered":"zintervista Sita EURIS IT"},"content":{"rendered":"<p><img loading=\"lazy\" decoding=\"async\" class=\"size-full wp-image-5271 alignleft\" src=\"http:\/\/itsall-banking-insurance.com\/wp-content\/uploads\/2021\/11\/federico-sita.jpg\" alt=\"\" width=\"200\" height=\"200\" srcset=\"https:\/\/itsall-banking-insurance.com\/wp-content\/uploads\/2021\/11\/federico-sita.jpg 200w, https:\/\/itsall-banking-insurance.com\/wp-content\/uploads\/2021\/11\/federico-sita-150x150.jpg 150w\" sizes=\"(max-width: 200px) 100vw, 200px\" \/><\/p>\n<p>&nbsp;<\/p>\n<h1><span style=\"color: #800000;\"><strong>Intervista<\/strong><\/span><\/h1>\n<p><strong>Federico Sita\u00a0<\/strong>BU Director\u00a0<strong>EURIS IT<\/strong><\/p>\n<p>&nbsp;<\/p>\n<p>&nbsp;<\/p>\n<p>&nbsp;<\/p>\n<h2><span style=\"color: #800000;\">Qual \u00e8 il ruolo di un system integrator nel mercato bancario e assicurativo?<\/span><\/h2>\n<p>La trasformazione digitale nel Finance \u00e8 ancora un processo in divenire, che non pu\u00f2 essere confinato in un singolo momento ma richiede un percorso di evoluzione continua che punta a raggiungere obiettivi specifici:<\/p>\n<ul>\n<li>Migliorare la customer experience per i clienti: per contrastare la concorrenza grazie alla differenziazione dell\u2019esperienza d\u2019acquisto e per attrarre nuovi clienti.<\/li>\n<li>Semplificare le operazioni prediligendo i canali digitali che portano efficienza nelle operazioni finanziarie e snelliscono i costi operativi.<\/li>\n<li>Fidelizzare i clienti: grazie alla ricchezza di dati che i canali digitali permettono di raccogliere, si pu\u00f2 ottenere un quadro accurato del cliente e di ci\u00f2 che si aspetta, calibrando l&#8217;offerta sui suoi reali bisogni.<\/li>\n<li>Snellire i processi interni: refresh dei sistemi legacy pi\u00f9 vecchi con benefici organizzativi notevoli e la riduzione del tempo di intervento in caso di necessit\u00e0.<\/li>\n<\/ul>\n<p>L&#8217;IT delle grandi aziende da alcuni anni si sta trasformando da produttore di software a utilizzatore di servizi SAAS. Questo \u00e8 dovuto in buona parte al ciclo di vita del software che si \u00e8 drasticamente ridotto rispetto al passato, rendendo i costi di evoluzione di un prodotto custom meno sostenibili.<\/p>\n<p>In un contesto cos\u00ec dinamico, dove i servizi cambiano rapidamente per seguire le esigenze del business, il ruolo del system integrator non pu\u00f2 che essere un partner in questo percorso continuo di trasformazione. Un alleato che guida il cliente con competenza tecnologica ed esperienze funzionali maturate in ambiti anche molto diversi tra loro.<\/p>\n<p>Collaborando sulla strategia \u00e8 possibile vedere, insieme al cliente, la &#8220;big picture&#8221; in modo da poter consigliare anche in un ambito pi\u00f9 ristretto la roadmap che meglio si adatta a seguire l&#8217;evoluzione della strategia aziendale.<\/p>\n<p>In questo scenario, noi cerchiamo di mettere in atto un &#8220;Lock-In Virtuoso&#8221; acquisendo le competenze e le conoscenze necessarie a trasformarci da fornitore a partner ed attivare una simbiosi, che in quanto tale sia vantaggiosa per entrambi.<\/p>\n<p>&nbsp;<\/p>\n<h2><span style=\"color: #800000;\">Quality Assurance e Automazione: quale importanza sta assumendo all&#8217;interno dei processi di sviluppo?<\/span><\/h2>\n<p>I software bancari e assicurativi sono caratterizzati da una forte interdipendenza con i sistemi informativi aziendali. Dietro ad un applicativo che a prima vista pu\u00f2 sembrare semplice ed immediato, come richiede ormai l&#8217;era digitale, in realt\u00e0 vengono ancora sfruttati processi in carico a software legacy molto complessi e articolati.<\/p>\n<p>Per questo il testing del software nel settore finance non pu\u00f2 limitarsi al solo controllo della corretta esecuzione delle operazioni, ma deve anche verificare la corretta gestione in sicurezza di dati sensibili, richiedendo un processo di testing che, se realizzato in modo esclusivamente manuale, non consente di coprire tutti gli aspetti critici senza il dispendio di importanti risorse e di tempo.<\/p>\n<p>Le attivit\u00e0 ripetitive e manuali infatti non garantiscono sempre la corretta esecuzione dei test e possono generare un falso senso di sicurezza. Grazie all&#8217;automazione dei test, \u00e8 possibile eseguire l&#8217;attivit\u00e0 in modo programmato, ricorrente e ripetuto, permettendo al team di sviluppo interno di concentrarsi sulle attivit\u00e0 che generano valore aggiunto all\u2019organizzazione, migliorando la qualit\u00e0 dei software e mantenendo un&#8217;attenzione costante alle specifiche.<\/p>\n<p>Una delle metodologie abilitati \u00e8 l&#8217;RPA (Robotic Process Automation), una tecnologia di automazione aziendale che consente di automatizzare i compiti ripetitivi senza l\u2019intervento umano. Effettuare test automatici via RPA permette di poter avere un team di tester virtuali sempre a propria disposizione e un processo di sviluppo costantemente monitorato fino al raggiungimento dell&#8217;obbiettivo di progetto.<\/p>\n<p>Inoltre \u00e8 fondamentale integrare la pratica della continua analisi qualitativa del codice all&#8217;interno della fase di sviluppo, indagando il codice sorgente e l&#8217;architettura IT per prevenire qualsiasi tipologia di vulnerabilit\u00e0. Il momento di individuazione dei bug nel ciclo di produzione del software \u00e8 fondamentale per il controllo dei costi: pi\u00f9 si va avanti con lo sviluppo pi\u00f9 saranno onerose le attivit\u00e0 di correzione dei bug.<\/p>\n<p>&nbsp;<\/p>\n","protected":false},"excerpt":{"rendered":"<p>&nbsp; Intervista Federico Sita\u00a0BU Director\u00a0EURIS IT &nbsp; &nbsp; &nbsp; Qual \u00e8 il ruolo di un system integrator nel mercato bancario e assicurativo? La trasformazione digitale nel Finance \u00e8 ancora un processo in divenire, che non pu\u00f2 essere confinato in un singolo momento ma richiede un percorso di evoluzione continua che punta a raggiungere obiettivi specifici: [&hellip;]<\/p>\n","protected":false},"author":2,"featured_media":0,"parent":0,"menu_order":0,"comment_status":"closed","ping_status":"closed","template":"","meta":{"footnotes":""},"yoast_head":"<!-- This site is optimized with the Yoast SEO plugin v22.9 - https:\/\/yoast.com\/wordpress\/plugins\/seo\/ -->\n<title>zintervista Sita EURIS IT - It&#039;s all Banking &amp; Insurance<\/title>\n<meta name=\"robots\" content=\"index, follow, max-snippet:-1, max-image-preview:large, max-video-preview:-1\" \/>\n<link rel=\"canonical\" href=\"https:\/\/itsall-banking-insurance.com\/index.php\/intervista-sita-euris-it\/\" \/>\n<meta property=\"og:locale\" content=\"it_IT\" \/>\n<meta property=\"og:type\" content=\"article\" \/>\n<meta property=\"og:title\" content=\"zintervista Sita EURIS IT - It&#039;s all Banking &amp; Insurance\" \/>\n<meta property=\"og:description\" content=\"&nbsp; Intervista Federico Sita\u00a0BU Director\u00a0EURIS IT &nbsp; &nbsp; &nbsp; Qual \u00e8 il ruolo di un system integrator nel mercato bancario e assicurativo? La trasformazione digitale nel Finance \u00e8 ancora un processo in divenire, che non pu\u00f2 essere confinato in un singolo momento ma richiede un percorso di evoluzione continua che punta a raggiungere obiettivi specifici: [&hellip;]\" \/>\n<meta property=\"og:url\" content=\"https:\/\/itsall-banking-insurance.com\/index.php\/intervista-sita-euris-it\/\" \/>\n<meta property=\"og:site_name\" content=\"It&#039;s all Banking &amp; Insurance\" \/>\n<meta property=\"article:modified_time\" content=\"2022-03-08T10:17:13+00:00\" \/>\n<meta property=\"og:image\" content=\"http:\/\/itsall-banking-insurance.com\/wp-content\/uploads\/2021\/11\/federico-sita.jpg\" \/>\n<meta name=\"twitter:card\" content=\"summary_large_image\" \/>\n<meta name=\"twitter:label1\" content=\"Tempo di lettura stimato\" \/>\n\t<meta name=\"twitter:data1\" content=\"3 minuti\" \/>\n<script type=\"application\/ld+json\" class=\"yoast-schema-graph\">{\"@context\":\"https:\/\/schema.org\",\"@graph\":[{\"@type\":\"WebPage\",\"@id\":\"https:\/\/itsall-banking-insurance.com\/index.php\/intervista-sita-euris-it\/\",\"url\":\"https:\/\/itsall-banking-insurance.com\/index.php\/intervista-sita-euris-it\/\",\"name\":\"zintervista Sita EURIS IT - It&#039;s all Banking &amp; Insurance\",\"isPartOf\":{\"@id\":\"https:\/\/itsall-banking-insurance.com\/#website\"},\"primaryImageOfPage\":{\"@id\":\"https:\/\/itsall-banking-insurance.com\/index.php\/intervista-sita-euris-it\/#primaryimage\"},\"image\":{\"@id\":\"https:\/\/itsall-banking-insurance.com\/index.php\/intervista-sita-euris-it\/#primaryimage\"},\"thumbnailUrl\":\"http:\/\/itsall-banking-insurance.com\/wp-content\/uploads\/2021\/11\/federico-sita.jpg\",\"datePublished\":\"2021-11-29T16:22:34+00:00\",\"dateModified\":\"2022-03-08T10:17:13+00:00\",\"breadcrumb\":{\"@id\":\"https:\/\/itsall-banking-insurance.com\/index.php\/intervista-sita-euris-it\/#breadcrumb\"},\"inLanguage\":\"it-IT\",\"potentialAction\":[{\"@type\":\"ReadAction\",\"target\":[\"https:\/\/itsall-banking-insurance.com\/index.php\/intervista-sita-euris-it\/\"]}]},{\"@type\":\"ImageObject\",\"inLanguage\":\"it-IT\",\"@id\":\"https:\/\/itsall-banking-insurance.com\/index.php\/intervista-sita-euris-it\/#primaryimage\",\"url\":\"http:\/\/itsall-banking-insurance.com\/wp-content\/uploads\/2021\/11\/federico-sita.jpg\",\"contentUrl\":\"http:\/\/itsall-banking-insurance.com\/wp-content\/uploads\/2021\/11\/federico-sita.jpg\"},{\"@type\":\"BreadcrumbList\",\"@id\":\"https:\/\/itsall-banking-insurance.com\/index.php\/intervista-sita-euris-it\/#breadcrumb\",\"itemListElement\":[{\"@type\":\"ListItem\",\"position\":1,\"name\":\"Home\",\"item\":\"https:\/\/itsall-banking-insurance.com\/\"},{\"@type\":\"ListItem\",\"position\":2,\"name\":\"zintervista Sita EURIS IT\"}]},{\"@type\":\"WebSite\",\"@id\":\"https:\/\/itsall-banking-insurance.com\/#website\",\"url\":\"https:\/\/itsall-banking-insurance.com\/\",\"name\":\"It&#039;s all Banking &amp; Insurance\",\"description\":\"BANCHE e ASSICURAZIONI a confronto\",\"potentialAction\":[{\"@type\":\"SearchAction\",\"target\":{\"@type\":\"EntryPoint\",\"urlTemplate\":\"https:\/\/itsall-banking-insurance.com\/?s={search_term_string}\"},\"query-input\":\"required name=search_term_string\"}],\"inLanguage\":\"it-IT\"}]}<\/script>\n<!-- \/ Yoast SEO plugin. -->","yoast_head_json":{"title":"zintervista Sita EURIS IT - It&#039;s all Banking &amp; Insurance","robots":{"index":"index","follow":"follow","max-snippet":"max-snippet:-1","max-image-preview":"max-image-preview:large","max-video-preview":"max-video-preview:-1"},"canonical":"https:\/\/itsall-banking-insurance.com\/index.php\/intervista-sita-euris-it\/","og_locale":"it_IT","og_type":"article","og_title":"zintervista Sita EURIS IT - It&#039;s all Banking &amp; Insurance","og_description":"&nbsp; Intervista Federico Sita\u00a0BU Director\u00a0EURIS IT &nbsp; &nbsp; &nbsp; Qual \u00e8 il ruolo di un system integrator nel mercato bancario e assicurativo? La trasformazione digitale nel Finance \u00e8 ancora un processo in divenire, che non pu\u00f2 essere confinato in un singolo momento ma richiede un percorso di evoluzione continua che punta a raggiungere obiettivi specifici: [&hellip;]","og_url":"https:\/\/itsall-banking-insurance.com\/index.php\/intervista-sita-euris-it\/","og_site_name":"It&#039;s all Banking &amp; Insurance","article_modified_time":"2022-03-08T10:17:13+00:00","og_image":[{"url":"http:\/\/itsall-banking-insurance.com\/wp-content\/uploads\/2021\/11\/federico-sita.jpg"}],"twitter_card":"summary_large_image","twitter_misc":{"Tempo di lettura stimato":"3 minuti"},"schema":{"@context":"https:\/\/schema.org","@graph":[{"@type":"WebPage","@id":"https:\/\/itsall-banking-insurance.com\/index.php\/intervista-sita-euris-it\/","url":"https:\/\/itsall-banking-insurance.com\/index.php\/intervista-sita-euris-it\/","name":"zintervista Sita EURIS IT - It&#039;s all Banking &amp; Insurance","isPartOf":{"@id":"https:\/\/itsall-banking-insurance.com\/#website"},"primaryImageOfPage":{"@id":"https:\/\/itsall-banking-insurance.com\/index.php\/intervista-sita-euris-it\/#primaryimage"},"image":{"@id":"https:\/\/itsall-banking-insurance.com\/index.php\/intervista-sita-euris-it\/#primaryimage"},"thumbnailUrl":"http:\/\/itsall-banking-insurance.com\/wp-content\/uploads\/2021\/11\/federico-sita.jpg","datePublished":"2021-11-29T16:22:34+00:00","dateModified":"2022-03-08T10:17:13+00:00","breadcrumb":{"@id":"https:\/\/itsall-banking-insurance.com\/index.php\/intervista-sita-euris-it\/#breadcrumb"},"inLanguage":"it-IT","potentialAction":[{"@type":"ReadAction","target":["https:\/\/itsall-banking-insurance.com\/index.php\/intervista-sita-euris-it\/"]}]},{"@type":"ImageObject","inLanguage":"it-IT","@id":"https:\/\/itsall-banking-insurance.com\/index.php\/intervista-sita-euris-it\/#primaryimage","url":"http:\/\/itsall-banking-insurance.com\/wp-content\/uploads\/2021\/11\/federico-sita.jpg","contentUrl":"http:\/\/itsall-banking-insurance.com\/wp-content\/uploads\/2021\/11\/federico-sita.jpg"},{"@type":"BreadcrumbList","@id":"https:\/\/itsall-banking-insurance.com\/index.php\/intervista-sita-euris-it\/#breadcrumb","itemListElement":[{"@type":"ListItem","position":1,"name":"Home","item":"https:\/\/itsall-banking-insurance.com\/"},{"@type":"ListItem","position":2,"name":"zintervista Sita EURIS IT"}]},{"@type":"WebSite","@id":"https:\/\/itsall-banking-insurance.com\/#website","url":"https:\/\/itsall-banking-insurance.com\/","name":"It&#039;s all Banking &amp; Insurance","description":"BANCHE e ASSICURAZIONI a confronto","potentialAction":[{"@type":"SearchAction","target":{"@type":"EntryPoint","urlTemplate":"https:\/\/itsall-banking-insurance.com\/?s={search_term_string}"},"query-input":"required name=search_term_string"}],"inLanguage":"it-IT"}]}},"_links":{"self":[{"href":"https:\/\/itsall-banking-insurance.com\/index.php\/wp-json\/wp\/v2\/pages\/5270"}],"collection":[{"href":"https:\/\/itsall-banking-insurance.com\/index.php\/wp-json\/wp\/v2\/pages"}],"about":[{"href":"https:\/\/itsall-banking-insurance.com\/index.php\/wp-json\/wp\/v2\/types\/page"}],"author":[{"embeddable":true,"href":"https:\/\/itsall-banking-insurance.com\/index.php\/wp-json\/wp\/v2\/users\/2"}],"replies":[{"embeddable":true,"href":"https:\/\/itsall-banking-insurance.com\/index.php\/wp-json\/wp\/v2\/comments?post=5270"}],"version-history":[{"count":4,"href":"https:\/\/itsall-banking-insurance.com\/index.php\/wp-json\/wp\/v2\/pages\/5270\/revisions"}],"predecessor-version":[{"id":5518,"href":"https:\/\/itsall-banking-insurance.com\/index.php\/wp-json\/wp\/v2\/pages\/5270\/revisions\/5518"}],"wp:attachment":[{"href":"https:\/\/itsall-banking-insurance.com\/index.php\/wp-json\/wp\/v2\/media?parent=5270"}],"curies":[{"name":"wp","href":"https:\/\/api.w.org\/{rel}","templated":true}]}}