{"id":5651,"date":"2022-04-26T16:18:51","date_gmt":"2022-04-26T14:18:51","guid":{"rendered":"http:\/\/itsall-banking-insurance.com\/?page_id=5651"},"modified":"2022-04-26T16:20:33","modified_gmt":"2022-04-26T14:20:33","slug":"intervista-valente-onespan","status":"publish","type":"page","link":"https:\/\/itsall-banking-insurance.com\/index.php\/intervista-valente-onespan\/","title":{"rendered":"intervista Valente ONESPAN"},"content":{"rendered":"<p><img loading=\"lazy\" decoding=\"async\" class=\"size-full wp-image-5573 alignleft\" src=\"http:\/\/itsall-banking-insurance.com\/wp-content\/uploads\/2022\/03\/VALENTE-ARIANNA-ONESPAN.jpg\" alt=\"\" width=\"200\" height=\"200\" srcset=\"https:\/\/itsall-banking-insurance.com\/wp-content\/uploads\/2022\/03\/VALENTE-ARIANNA-ONESPAN.jpg 200w, https:\/\/itsall-banking-insurance.com\/wp-content\/uploads\/2022\/03\/VALENTE-ARIANNA-ONESPAN-150x150.jpg 150w\" sizes=\"(max-width: 200px) 100vw, 200px\" \/><\/p>\n<h1><\/h1>\n<p>&nbsp;<\/p>\n<h1><span style=\"color: #800000;\">Intervista<\/span><\/h1>\n<p><strong>Arianna Valente <\/strong>Regional Sales Manager<strong> ONESPAN<\/strong><\/p>\n<p>&nbsp;<\/p>\n<p>&nbsp;<\/p>\n<p>&nbsp;<\/p>\n<h2><span style=\"color: #800000;\"><strong>Negli ultimi due anni, il mondo \u00e8 stato stravolto da lockdown, mascherine, distanziamento sociale e lavoro da casa che sono diventati la norma. In che modo l&#8217;era dello &#8220;smart working&#8221; ha influenzato il settore dei servizi finanziari?<\/strong><\/span><\/h2>\n<p>La pandemia ha accelerato l&#8217;uso dei canali digitali per consentire ai clienti di interagire con le loro banche e compagnie assicurative. Il mobile e il banking online sono diventati il metodo principale per effettuare transazioni finanziarie o per richiedere una nuova polizza assicurativa o un nuovo conto. I clienti si sono spostati sui canali digitali, tuttavia, man mano che le attivit\u00e0 diventano pi\u00f9 complesse, i consumatori preferiscono contare su canali in cui \u00a0possono ottenere aiuto e assistenza da parte di un operatore.<\/p>\n<p>Nonostante l&#8217;impennata delle transazioni digitali, i clienti continuano ad apprezzare il contatto umano. Transazioni di alto valore, ad alto rischio e complesse come l&#8217;apertura di conti, la gestione patrimoniale, le assicurazioni e il finanziamento di automobili continueranno a richiedere interazione e assistenza specializzata. Ecco perch\u00e9 un approccio ibrido alle transazioni digitali che includa una componente umana sar\u00e0 importante per il successo delle organizzazioni finanziarie.<\/p>\n<p>OneSpan ha sviluppato la <a href=\"https:\/\/www.onespan.com\/products\/esignature-virtual-room?ad=blog-text\">Virtual Room<\/a> per soddisfare questa esigenza. La Virtual Room consente alle organizzazioni di fornire soluzioni remote con un contatto personale e umano tramite interazioni video altamente sicure per guidare i propri clienti attraverso transazioni ad alto valore in tempo reale. La Virtual Room garantisce tutto questo fornendo funzionalit\u00e0 di firma elettronica, videoconferenza, verifica dell&#8217;identit\u00e0, workflow guidato, registrazione e audit trail in un&#8217;unica soluzione di facile utilizzo.<\/p>\n<p>&nbsp;<\/p>\n<h2><span style=\"color: #800000;\"><strong>In che modo OneSpan aiuta le banche e le compagnie assicurative a proteggere i propri clienti online?<\/strong><\/span><\/h2>\n<p>OneSpan\u00a0 protegge dalle frodi digitali certificando le identit\u00e0 delle persone, dei dispositivi che utilizzano e delle transazioni che eseguono. Migliaia di clienti, tra cui pi\u00f9 della met\u00e0 delle prime 100 banche del mondo, si affidano a OneSpan per proteggere le loro transazioni digitali, mitigare le frodi e contribuire a garantire la conformit\u00e0 alle normative offrendo esperienze utente intuitive attraverso tecnologie tra cui firma elettronica, verifica dell&#8217;identit\u00e0, autenticazione, protezione delle app e altro ancora.<\/p>\n<p>Il mercato si trova alla convergenza di due tendenze significative: l&#8217;evoluzione delle interazioni digitali che sono ormai fondamentali per i loro clienti e l&#8217;escalation di minacce contro tali interazioni. Ci\u00f2 rappresenta una sfida enorme per le organizzazioni perch\u00e9 queste interazioni digitali vengono effettuate \u00a0su un canale non sicuro: il web. La minaccia del furto di identit\u00e0 e delle credenziali \u00e8 enorme.<\/p>\n<p>La necessit\u00e0 di interazioni digitali affidabili e di una modalit\u00e0 sicura per le aziende di verificare, autenticare, interagire, effettuare transazioni con i propri clienti e dipendenti \u00e8 sempre pi\u00f9 importante. Le interazioni digitali associate a ogni transazione devono poter semplificare le connessioni tra le persone in un clima di completa fiducia.<\/p>\n","protected":false},"excerpt":{"rendered":"<p>&nbsp; Intervista Arianna Valente Regional Sales Manager ONESPAN &nbsp; &nbsp; &nbsp; Negli ultimi due anni, il mondo \u00e8 stato stravolto da lockdown, mascherine, distanziamento sociale e lavoro da casa che sono diventati la norma. In che modo l&#8217;era dello &#8220;smart working&#8221; ha influenzato il settore dei servizi finanziari? La pandemia ha accelerato l&#8217;uso dei canali [&hellip;]<\/p>\n","protected":false},"author":2,"featured_media":0,"parent":0,"menu_order":0,"comment_status":"closed","ping_status":"closed","template":"","meta":{"footnotes":""},"yoast_head":"<!-- This site is optimized with the Yoast SEO plugin v22.9 - https:\/\/yoast.com\/wordpress\/plugins\/seo\/ -->\n<title>intervista Valente ONESPAN - It&#039;s all Banking &amp; Insurance<\/title>\n<meta name=\"robots\" content=\"index, follow, max-snippet:-1, max-image-preview:large, max-video-preview:-1\" \/>\n<link rel=\"canonical\" href=\"https:\/\/itsall-banking-insurance.com\/index.php\/intervista-valente-onespan\/\" \/>\n<meta property=\"og:locale\" content=\"it_IT\" \/>\n<meta property=\"og:type\" content=\"article\" \/>\n<meta property=\"og:title\" content=\"intervista Valente ONESPAN - It&#039;s all Banking &amp; Insurance\" \/>\n<meta property=\"og:description\" content=\"&nbsp; Intervista Arianna Valente Regional Sales Manager ONESPAN &nbsp; &nbsp; &nbsp; Negli ultimi due anni, il mondo \u00e8 stato stravolto da lockdown, mascherine, distanziamento sociale e lavoro da casa che sono diventati la norma. In che modo l&#8217;era dello &#8220;smart working&#8221; ha influenzato il settore dei servizi finanziari? La pandemia ha accelerato l&#8217;uso dei canali [&hellip;]\" \/>\n<meta property=\"og:url\" content=\"https:\/\/itsall-banking-insurance.com\/index.php\/intervista-valente-onespan\/\" \/>\n<meta property=\"og:site_name\" content=\"It&#039;s all Banking &amp; Insurance\" \/>\n<meta property=\"article:modified_time\" content=\"2022-04-26T14:20:33+00:00\" \/>\n<meta property=\"og:image\" content=\"http:\/\/itsall-banking-insurance.com\/wp-content\/uploads\/2022\/03\/VALENTE-ARIANNA-ONESPAN.jpg\" \/>\n<meta name=\"twitter:card\" content=\"summary_large_image\" \/>\n<meta name=\"twitter:label1\" content=\"Tempo di lettura stimato\" \/>\n\t<meta name=\"twitter:data1\" content=\"2 minuti\" \/>\n<script type=\"application\/ld+json\" class=\"yoast-schema-graph\">{\"@context\":\"https:\/\/schema.org\",\"@graph\":[{\"@type\":\"WebPage\",\"@id\":\"https:\/\/itsall-banking-insurance.com\/index.php\/intervista-valente-onespan\/\",\"url\":\"https:\/\/itsall-banking-insurance.com\/index.php\/intervista-valente-onespan\/\",\"name\":\"intervista Valente ONESPAN - It&#039;s all Banking &amp; Insurance\",\"isPartOf\":{\"@id\":\"https:\/\/itsall-banking-insurance.com\/#website\"},\"primaryImageOfPage\":{\"@id\":\"https:\/\/itsall-banking-insurance.com\/index.php\/intervista-valente-onespan\/#primaryimage\"},\"image\":{\"@id\":\"https:\/\/itsall-banking-insurance.com\/index.php\/intervista-valente-onespan\/#primaryimage\"},\"thumbnailUrl\":\"http:\/\/itsall-banking-insurance.com\/wp-content\/uploads\/2022\/03\/VALENTE-ARIANNA-ONESPAN.jpg\",\"datePublished\":\"2022-04-26T14:18:51+00:00\",\"dateModified\":\"2022-04-26T14:20:33+00:00\",\"breadcrumb\":{\"@id\":\"https:\/\/itsall-banking-insurance.com\/index.php\/intervista-valente-onespan\/#breadcrumb\"},\"inLanguage\":\"it-IT\",\"potentialAction\":[{\"@type\":\"ReadAction\",\"target\":[\"https:\/\/itsall-banking-insurance.com\/index.php\/intervista-valente-onespan\/\"]}]},{\"@type\":\"ImageObject\",\"inLanguage\":\"it-IT\",\"@id\":\"https:\/\/itsall-banking-insurance.com\/index.php\/intervista-valente-onespan\/#primaryimage\",\"url\":\"http:\/\/itsall-banking-insurance.com\/wp-content\/uploads\/2022\/03\/VALENTE-ARIANNA-ONESPAN.jpg\",\"contentUrl\":\"http:\/\/itsall-banking-insurance.com\/wp-content\/uploads\/2022\/03\/VALENTE-ARIANNA-ONESPAN.jpg\"},{\"@type\":\"BreadcrumbList\",\"@id\":\"https:\/\/itsall-banking-insurance.com\/index.php\/intervista-valente-onespan\/#breadcrumb\",\"itemListElement\":[{\"@type\":\"ListItem\",\"position\":1,\"name\":\"Home\",\"item\":\"https:\/\/itsall-banking-insurance.com\/\"},{\"@type\":\"ListItem\",\"position\":2,\"name\":\"intervista Valente ONESPAN\"}]},{\"@type\":\"WebSite\",\"@id\":\"https:\/\/itsall-banking-insurance.com\/#website\",\"url\":\"https:\/\/itsall-banking-insurance.com\/\",\"name\":\"It&#039;s all Banking &amp; Insurance\",\"description\":\"BANCHE e ASSICURAZIONI a confronto\",\"potentialAction\":[{\"@type\":\"SearchAction\",\"target\":{\"@type\":\"EntryPoint\",\"urlTemplate\":\"https:\/\/itsall-banking-insurance.com\/?s={search_term_string}\"},\"query-input\":\"required name=search_term_string\"}],\"inLanguage\":\"it-IT\"}]}<\/script>\n<!-- \/ Yoast SEO plugin. -->","yoast_head_json":{"title":"intervista Valente ONESPAN - It&#039;s all Banking &amp; Insurance","robots":{"index":"index","follow":"follow","max-snippet":"max-snippet:-1","max-image-preview":"max-image-preview:large","max-video-preview":"max-video-preview:-1"},"canonical":"https:\/\/itsall-banking-insurance.com\/index.php\/intervista-valente-onespan\/","og_locale":"it_IT","og_type":"article","og_title":"intervista Valente ONESPAN - It&#039;s all Banking &amp; Insurance","og_description":"&nbsp; Intervista Arianna Valente Regional Sales Manager ONESPAN &nbsp; &nbsp; &nbsp; Negli ultimi due anni, il mondo \u00e8 stato stravolto da lockdown, mascherine, distanziamento sociale e lavoro da casa che sono diventati la norma. In che modo l&#8217;era dello &#8220;smart working&#8221; ha influenzato il settore dei servizi finanziari? La pandemia ha accelerato l&#8217;uso dei canali [&hellip;]","og_url":"https:\/\/itsall-banking-insurance.com\/index.php\/intervista-valente-onespan\/","og_site_name":"It&#039;s all Banking &amp; Insurance","article_modified_time":"2022-04-26T14:20:33+00:00","og_image":[{"url":"http:\/\/itsall-banking-insurance.com\/wp-content\/uploads\/2022\/03\/VALENTE-ARIANNA-ONESPAN.jpg"}],"twitter_card":"summary_large_image","twitter_misc":{"Tempo di lettura stimato":"2 minuti"},"schema":{"@context":"https:\/\/schema.org","@graph":[{"@type":"WebPage","@id":"https:\/\/itsall-banking-insurance.com\/index.php\/intervista-valente-onespan\/","url":"https:\/\/itsall-banking-insurance.com\/index.php\/intervista-valente-onespan\/","name":"intervista Valente ONESPAN - It&#039;s all Banking &amp; Insurance","isPartOf":{"@id":"https:\/\/itsall-banking-insurance.com\/#website"},"primaryImageOfPage":{"@id":"https:\/\/itsall-banking-insurance.com\/index.php\/intervista-valente-onespan\/#primaryimage"},"image":{"@id":"https:\/\/itsall-banking-insurance.com\/index.php\/intervista-valente-onespan\/#primaryimage"},"thumbnailUrl":"http:\/\/itsall-banking-insurance.com\/wp-content\/uploads\/2022\/03\/VALENTE-ARIANNA-ONESPAN.jpg","datePublished":"2022-04-26T14:18:51+00:00","dateModified":"2022-04-26T14:20:33+00:00","breadcrumb":{"@id":"https:\/\/itsall-banking-insurance.com\/index.php\/intervista-valente-onespan\/#breadcrumb"},"inLanguage":"it-IT","potentialAction":[{"@type":"ReadAction","target":["https:\/\/itsall-banking-insurance.com\/index.php\/intervista-valente-onespan\/"]}]},{"@type":"ImageObject","inLanguage":"it-IT","@id":"https:\/\/itsall-banking-insurance.com\/index.php\/intervista-valente-onespan\/#primaryimage","url":"http:\/\/itsall-banking-insurance.com\/wp-content\/uploads\/2022\/03\/VALENTE-ARIANNA-ONESPAN.jpg","contentUrl":"http:\/\/itsall-banking-insurance.com\/wp-content\/uploads\/2022\/03\/VALENTE-ARIANNA-ONESPAN.jpg"},{"@type":"BreadcrumbList","@id":"https:\/\/itsall-banking-insurance.com\/index.php\/intervista-valente-onespan\/#breadcrumb","itemListElement":[{"@type":"ListItem","position":1,"name":"Home","item":"https:\/\/itsall-banking-insurance.com\/"},{"@type":"ListItem","position":2,"name":"intervista Valente ONESPAN"}]},{"@type":"WebSite","@id":"https:\/\/itsall-banking-insurance.com\/#website","url":"https:\/\/itsall-banking-insurance.com\/","name":"It&#039;s all Banking &amp; Insurance","description":"BANCHE e ASSICURAZIONI a confronto","potentialAction":[{"@type":"SearchAction","target":{"@type":"EntryPoint","urlTemplate":"https:\/\/itsall-banking-insurance.com\/?s={search_term_string}"},"query-input":"required name=search_term_string"}],"inLanguage":"it-IT"}]}},"_links":{"self":[{"href":"https:\/\/itsall-banking-insurance.com\/index.php\/wp-json\/wp\/v2\/pages\/5651"}],"collection":[{"href":"https:\/\/itsall-banking-insurance.com\/index.php\/wp-json\/wp\/v2\/pages"}],"about":[{"href":"https:\/\/itsall-banking-insurance.com\/index.php\/wp-json\/wp\/v2\/types\/page"}],"author":[{"embeddable":true,"href":"https:\/\/itsall-banking-insurance.com\/index.php\/wp-json\/wp\/v2\/users\/2"}],"replies":[{"embeddable":true,"href":"https:\/\/itsall-banking-insurance.com\/index.php\/wp-json\/wp\/v2\/comments?post=5651"}],"version-history":[{"count":4,"href":"https:\/\/itsall-banking-insurance.com\/index.php\/wp-json\/wp\/v2\/pages\/5651\/revisions"}],"predecessor-version":[{"id":5656,"href":"https:\/\/itsall-banking-insurance.com\/index.php\/wp-json\/wp\/v2\/pages\/5651\/revisions\/5656"}],"wp:attachment":[{"href":"https:\/\/itsall-banking-insurance.com\/index.php\/wp-json\/wp\/v2\/media?parent=5651"}],"curies":[{"name":"wp","href":"https:\/\/api.w.org\/{rel}","templated":true}]}}