{"id":5721,"date":"2022-05-08T21:35:41","date_gmt":"2022-05-08T19:35:41","guid":{"rendered":"http:\/\/itsall-banking-insurance.com\/?page_id=5721"},"modified":"2022-05-08T21:38:35","modified_gmt":"2022-05-08T19:38:35","slug":"intervista-ki-reply","status":"publish","type":"page","link":"https:\/\/itsall-banking-insurance.com\/index.php\/intervista-ki-reply\/","title":{"rendered":"Intervista Paianini KI REPLY"},"content":{"rendered":"<h1><span style=\"color: #800000;\"><img loading=\"lazy\" decoding=\"async\" class=\"size-full wp-image-5688 alignleft\" src=\"http:\/\/itsall-banking-insurance.com\/wp-content\/uploads\/2022\/05\/PAIANINI.jpg\" alt=\"\" width=\"200\" height=\"200\" srcset=\"https:\/\/itsall-banking-insurance.com\/wp-content\/uploads\/2022\/05\/PAIANINI.jpg 200w, https:\/\/itsall-banking-insurance.com\/wp-content\/uploads\/2022\/05\/PAIANINI-150x150.jpg 150w\" sizes=\"(max-width: 200px) 100vw, 200px\" \/><\/span><\/h1>\n<h1><\/h1>\n<p>&nbsp;<\/p>\n<h1><span style=\"color: #800000;\">Intervista<\/span><\/h1>\n<p><strong>Martina Paianini<\/strong> Co-founder e Senior Manager\u00a0<strong>KI REPLY<\/strong><\/p>\n<p>&nbsp;<\/p>\n<p>&nbsp;<\/p>\n<p>&nbsp;<\/p>\n<h2><span style=\"color: #800000;\">Quali sono le sfide in cui si imbattono le aziende in questo momento?<\/span><\/h2>\n<p>Il mondo ha subito una trasformazione, specialmente nel corso degli ultimi due anni, anche a seguito dell\u2019emergenza sanitaria. Il ritmo \u00e8 aumentato e, di conseguenza, anche il modo di fare business si \u00e8 dovuto adattare a questa nuova esigenza. Il Time To Market \u00e8 diventato pertanto una dimensione distintiva, e portare rapidamente sul mercato nuovi prodotti un diktat.<\/p>\n<p>In questo contesto, anche il ciclo di sviluppo software deve essere adeguato e velocizzato. La maggior parte delle aziende si trova a confrontarsi con il comune problema \u201cbusiness demand vs IT Supply\u201d. I primi devono rapidamente portare sul mercato nuove idee, rendere disponibili nuovi prodotti, e digitalizzare l&#8217;esperienza utente dei propri clienti; i secondi hanno un backlog medio di 18 mesi, con sistemi IT a volte obsoleti e poco flessibili, con la necessit\u00e0 di rimanere in controllo dei sistemi IT per garantirne la qualit\u00e0 e sicurezza.<\/p>\n<p>In questo scenario, il problema principale \u00e8 la scarsit\u00e0 di risorse tecniche specializzate, che porta di conseguenza a rallentare la delivery, ad aumentare il backlog ed a ridurre il tempo impiegato nell\u2019attivit\u00e0 di innovazione richieste del proprio business.<\/p>\n<p>Attualmente, tutte le aziende, dalle PMI alle corporate, specialmente le societ\u00e0 di servizi, hanno la necessit\u00e0 di digitalizzare i propri processi, per soddisfare i requisiti, anche legislativi, di sostenibilit\u00e0 e le aspettative dei propri clienti.<\/p>\n<p>Per ovviare al problema della disponibilit\u00e0 di risorse tecniche sufficienti a soddisfare la domanda di mercato, pensiamo che la vera trasformazione debba avvenire nel modo di affrontare i progetti e gestire le tecnologie. Ki Reply infatti nasce con l\u2019ambizione di cambiare il mondo dello sviluppo software e sfidare lo status quo relativo al modello di sviluppo utilizzato ad oggi per la costruzione di prodotti e servizi digitali per i nostri clienti.<\/p>\n<p>&nbsp;<\/p>\n<h2><\/h2>\n<h2><\/h2>\n<h2><span style=\"color: #800000;\">Come ridurre il time to market massimizzando la produttivit\u00e0 e valorizzando talenti e risorse?<\/span><\/h2>\n<p>La necessit\u00e0 di adeguarsi a ritmi sempre pi\u00f9 incalzanti spinge le aziende ad abbracciare la trasformazione digitale. Lo scenario e\u0300 caratterizzato da una digitalizzazione sempre piu\u0300 profonda dei processi aziendali e, piu\u0300 in generale, della vita delle persone, dove lo smart working assume un ruolo dominante e l\u2019affermazione del Platform Model trasforma le imprese in ecosistemi aperti, interconnessi e collaborativi. Si presenta il bisogno di rispondere piu\u0300 in fretta a mercati sempre piu\u0300 fluidi; con una crescente domanda di applicazioni da parte di tutti i dipartimenti aziendali, domanda che, entro il 2021, sara\u0300 cinque volte maggiore della capacita\u0300 di delivery dei reparti IT.<\/p>\n<p>A segnare un nuovo inizio pero\u0300, e\u0300 soprattutto la capacita\u0300 della tecnologia di farsi carico di una sempre maggiore complessita\u0300 nell\u2019interazione con l\u2019utente. Cio\u0300 significa riuscire a compensare la mancanza di competenze digitali e dunque abilitare un numero maggiore di persone a svolgere autonomamente alcune attivita\u0300 che prima erano ad esclusivo appannaggio degli addetti IT, con l\u2019ulteriore vantaggio di alleggerire il carico di lavoro degli esperti, che possono cosi\u0300 concentrarsi su attivita\u0300 a maggior valore aggiunto, massimizzando produttivita\u0300 e creazione di valore per il business.<br \/>\nIl Low Code rappresenta quindi uno strumento potente che ci consente di aumentare la capacita\u0300 produttiva dei team di sviluppo, moltiplicando le iniziative di trasformazione digitale a parita\u0300 di tempo e risorse. Questo consente di adeguarsi al nuovo ritmo imposto dalla trasformazione digitale, passando in tempi rapidi dall\u2019idea al rilascio di un\u2019applicazione al grande pubblico.<\/p>\n<p>Per raggiungere questo ambizioso obiettivo, Ki Reply ha definito il lifecycle dello sviluppo software di nuova generazione che permette al developer di concentrarsi sui task a reale valore aggiunto, di ottimizzare tutte le fasi dello sviluppo software, migliorare la comunicazione IT\/Business con la creazione della figura del Citizen Developer e portare in definitiva alla riduzione dei tempi e costi di un progetto.<\/p>\n","protected":false},"excerpt":{"rendered":"<p>&nbsp; Intervista Martina Paianini Co-founder e Senior Manager\u00a0KI REPLY &nbsp; &nbsp; &nbsp; Quali sono le sfide in cui si imbattono le aziende in questo momento? Il mondo ha subito una trasformazione, specialmente nel corso degli ultimi due anni, anche a seguito dell\u2019emergenza sanitaria. Il ritmo \u00e8 aumentato e, di conseguenza, anche il modo di fare [&hellip;]<\/p>\n","protected":false},"author":2,"featured_media":0,"parent":0,"menu_order":0,"comment_status":"closed","ping_status":"closed","template":"","meta":{"footnotes":""},"yoast_head":"<!-- This site is optimized with the Yoast SEO plugin v22.9 - https:\/\/yoast.com\/wordpress\/plugins\/seo\/ -->\n<title>Intervista Paianini KI REPLY - It&#039;s all Banking &amp; Insurance<\/title>\n<meta name=\"robots\" content=\"index, follow, max-snippet:-1, max-image-preview:large, max-video-preview:-1\" \/>\n<link rel=\"canonical\" href=\"https:\/\/itsall-banking-insurance.com\/index.php\/intervista-ki-reply\/\" \/>\n<meta property=\"og:locale\" content=\"it_IT\" \/>\n<meta property=\"og:type\" content=\"article\" \/>\n<meta property=\"og:title\" content=\"Intervista Paianini KI REPLY - It&#039;s all Banking &amp; Insurance\" \/>\n<meta property=\"og:description\" content=\"&nbsp; Intervista Martina Paianini Co-founder e Senior Manager\u00a0KI REPLY &nbsp; &nbsp; &nbsp; Quali sono le sfide in cui si imbattono le aziende in questo momento? Il mondo ha subito una trasformazione, specialmente nel corso degli ultimi due anni, anche a seguito dell\u2019emergenza sanitaria. Il ritmo \u00e8 aumentato e, di conseguenza, anche il modo di fare [&hellip;]\" \/>\n<meta property=\"og:url\" content=\"https:\/\/itsall-banking-insurance.com\/index.php\/intervista-ki-reply\/\" \/>\n<meta property=\"og:site_name\" content=\"It&#039;s all Banking &amp; Insurance\" \/>\n<meta property=\"article:modified_time\" content=\"2022-05-08T19:38:35+00:00\" \/>\n<meta property=\"og:image\" content=\"http:\/\/itsall-banking-insurance.com\/wp-content\/uploads\/2022\/05\/PAIANINI.jpg\" \/>\n<meta name=\"twitter:card\" content=\"summary_large_image\" \/>\n<meta name=\"twitter:label1\" content=\"Tempo di lettura stimato\" \/>\n\t<meta name=\"twitter:data1\" content=\"3 minuti\" \/>\n<script type=\"application\/ld+json\" class=\"yoast-schema-graph\">{\"@context\":\"https:\/\/schema.org\",\"@graph\":[{\"@type\":\"WebPage\",\"@id\":\"https:\/\/itsall-banking-insurance.com\/index.php\/intervista-ki-reply\/\",\"url\":\"https:\/\/itsall-banking-insurance.com\/index.php\/intervista-ki-reply\/\",\"name\":\"Intervista Paianini KI REPLY - It&#039;s all Banking &amp; Insurance\",\"isPartOf\":{\"@id\":\"https:\/\/itsall-banking-insurance.com\/#website\"},\"primaryImageOfPage\":{\"@id\":\"https:\/\/itsall-banking-insurance.com\/index.php\/intervista-ki-reply\/#primaryimage\"},\"image\":{\"@id\":\"https:\/\/itsall-banking-insurance.com\/index.php\/intervista-ki-reply\/#primaryimage\"},\"thumbnailUrl\":\"http:\/\/itsall-banking-insurance.com\/wp-content\/uploads\/2022\/05\/PAIANINI.jpg\",\"datePublished\":\"2022-05-08T19:35:41+00:00\",\"dateModified\":\"2022-05-08T19:38:35+00:00\",\"breadcrumb\":{\"@id\":\"https:\/\/itsall-banking-insurance.com\/index.php\/intervista-ki-reply\/#breadcrumb\"},\"inLanguage\":\"it-IT\",\"potentialAction\":[{\"@type\":\"ReadAction\",\"target\":[\"https:\/\/itsall-banking-insurance.com\/index.php\/intervista-ki-reply\/\"]}]},{\"@type\":\"ImageObject\",\"inLanguage\":\"it-IT\",\"@id\":\"https:\/\/itsall-banking-insurance.com\/index.php\/intervista-ki-reply\/#primaryimage\",\"url\":\"http:\/\/itsall-banking-insurance.com\/wp-content\/uploads\/2022\/05\/PAIANINI.jpg\",\"contentUrl\":\"http:\/\/itsall-banking-insurance.com\/wp-content\/uploads\/2022\/05\/PAIANINI.jpg\"},{\"@type\":\"BreadcrumbList\",\"@id\":\"https:\/\/itsall-banking-insurance.com\/index.php\/intervista-ki-reply\/#breadcrumb\",\"itemListElement\":[{\"@type\":\"ListItem\",\"position\":1,\"name\":\"Home\",\"item\":\"https:\/\/itsall-banking-insurance.com\/\"},{\"@type\":\"ListItem\",\"position\":2,\"name\":\"Intervista Paianini KI REPLY\"}]},{\"@type\":\"WebSite\",\"@id\":\"https:\/\/itsall-banking-insurance.com\/#website\",\"url\":\"https:\/\/itsall-banking-insurance.com\/\",\"name\":\"It&#039;s all Banking &amp; Insurance\",\"description\":\"BANCHE e ASSICURAZIONI a confronto\",\"potentialAction\":[{\"@type\":\"SearchAction\",\"target\":{\"@type\":\"EntryPoint\",\"urlTemplate\":\"https:\/\/itsall-banking-insurance.com\/?s={search_term_string}\"},\"query-input\":\"required name=search_term_string\"}],\"inLanguage\":\"it-IT\"}]}<\/script>\n<!-- \/ Yoast SEO plugin. -->","yoast_head_json":{"title":"Intervista Paianini KI REPLY - It&#039;s all Banking &amp; Insurance","robots":{"index":"index","follow":"follow","max-snippet":"max-snippet:-1","max-image-preview":"max-image-preview:large","max-video-preview":"max-video-preview:-1"},"canonical":"https:\/\/itsall-banking-insurance.com\/index.php\/intervista-ki-reply\/","og_locale":"it_IT","og_type":"article","og_title":"Intervista Paianini KI REPLY - It&#039;s all Banking &amp; Insurance","og_description":"&nbsp; Intervista Martina Paianini Co-founder e Senior Manager\u00a0KI REPLY &nbsp; &nbsp; &nbsp; Quali sono le sfide in cui si imbattono le aziende in questo momento? Il mondo ha subito una trasformazione, specialmente nel corso degli ultimi due anni, anche a seguito dell\u2019emergenza sanitaria. Il ritmo \u00e8 aumentato e, di conseguenza, anche il modo di fare [&hellip;]","og_url":"https:\/\/itsall-banking-insurance.com\/index.php\/intervista-ki-reply\/","og_site_name":"It&#039;s all Banking &amp; Insurance","article_modified_time":"2022-05-08T19:38:35+00:00","og_image":[{"url":"http:\/\/itsall-banking-insurance.com\/wp-content\/uploads\/2022\/05\/PAIANINI.jpg"}],"twitter_card":"summary_large_image","twitter_misc":{"Tempo di lettura stimato":"3 minuti"},"schema":{"@context":"https:\/\/schema.org","@graph":[{"@type":"WebPage","@id":"https:\/\/itsall-banking-insurance.com\/index.php\/intervista-ki-reply\/","url":"https:\/\/itsall-banking-insurance.com\/index.php\/intervista-ki-reply\/","name":"Intervista Paianini KI REPLY - It&#039;s all Banking &amp; Insurance","isPartOf":{"@id":"https:\/\/itsall-banking-insurance.com\/#website"},"primaryImageOfPage":{"@id":"https:\/\/itsall-banking-insurance.com\/index.php\/intervista-ki-reply\/#primaryimage"},"image":{"@id":"https:\/\/itsall-banking-insurance.com\/index.php\/intervista-ki-reply\/#primaryimage"},"thumbnailUrl":"http:\/\/itsall-banking-insurance.com\/wp-content\/uploads\/2022\/05\/PAIANINI.jpg","datePublished":"2022-05-08T19:35:41+00:00","dateModified":"2022-05-08T19:38:35+00:00","breadcrumb":{"@id":"https:\/\/itsall-banking-insurance.com\/index.php\/intervista-ki-reply\/#breadcrumb"},"inLanguage":"it-IT","potentialAction":[{"@type":"ReadAction","target":["https:\/\/itsall-banking-insurance.com\/index.php\/intervista-ki-reply\/"]}]},{"@type":"ImageObject","inLanguage":"it-IT","@id":"https:\/\/itsall-banking-insurance.com\/index.php\/intervista-ki-reply\/#primaryimage","url":"http:\/\/itsall-banking-insurance.com\/wp-content\/uploads\/2022\/05\/PAIANINI.jpg","contentUrl":"http:\/\/itsall-banking-insurance.com\/wp-content\/uploads\/2022\/05\/PAIANINI.jpg"},{"@type":"BreadcrumbList","@id":"https:\/\/itsall-banking-insurance.com\/index.php\/intervista-ki-reply\/#breadcrumb","itemListElement":[{"@type":"ListItem","position":1,"name":"Home","item":"https:\/\/itsall-banking-insurance.com\/"},{"@type":"ListItem","position":2,"name":"Intervista Paianini KI REPLY"}]},{"@type":"WebSite","@id":"https:\/\/itsall-banking-insurance.com\/#website","url":"https:\/\/itsall-banking-insurance.com\/","name":"It&#039;s all Banking &amp; Insurance","description":"BANCHE e ASSICURAZIONI a confronto","potentialAction":[{"@type":"SearchAction","target":{"@type":"EntryPoint","urlTemplate":"https:\/\/itsall-banking-insurance.com\/?s={search_term_string}"},"query-input":"required name=search_term_string"}],"inLanguage":"it-IT"}]}},"_links":{"self":[{"href":"https:\/\/itsall-banking-insurance.com\/index.php\/wp-json\/wp\/v2\/pages\/5721"}],"collection":[{"href":"https:\/\/itsall-banking-insurance.com\/index.php\/wp-json\/wp\/v2\/pages"}],"about":[{"href":"https:\/\/itsall-banking-insurance.com\/index.php\/wp-json\/wp\/v2\/types\/page"}],"author":[{"embeddable":true,"href":"https:\/\/itsall-banking-insurance.com\/index.php\/wp-json\/wp\/v2\/users\/2"}],"replies":[{"embeddable":true,"href":"https:\/\/itsall-banking-insurance.com\/index.php\/wp-json\/wp\/v2\/comments?post=5721"}],"version-history":[{"count":6,"href":"https:\/\/itsall-banking-insurance.com\/index.php\/wp-json\/wp\/v2\/pages\/5721\/revisions"}],"predecessor-version":[{"id":5728,"href":"https:\/\/itsall-banking-insurance.com\/index.php\/wp-json\/wp\/v2\/pages\/5721\/revisions\/5728"}],"wp:attachment":[{"href":"https:\/\/itsall-banking-insurance.com\/index.php\/wp-json\/wp\/v2\/media?parent=5721"}],"curies":[{"name":"wp","href":"https:\/\/api.w.org\/{rel}","templated":true}]}}