{"id":5740,"date":"2022-05-10T16:56:45","date_gmt":"2022-05-10T14:56:45","guid":{"rendered":"http:\/\/itsall-banking-insurance.com\/?page_id=5740"},"modified":"2022-05-10T16:57:59","modified_gmt":"2022-05-10T14:57:59","slug":"intervista-balzani-sap-concur","status":"publish","type":"page","link":"https:\/\/itsall-banking-insurance.com\/index.php\/intervista-balzani-sap-concur\/","title":{"rendered":"intervista Balzani SAP CONCUR"},"content":{"rendered":"<p><img loading=\"lazy\" decoding=\"async\" class=\"size-full wp-image-5659 alignleft\" src=\"http:\/\/itsall-banking-insurance.com\/wp-content\/uploads\/2022\/04\/BALZANI-GIAN-LUCA-SAP-CONCUR.jpg\" alt=\"\" width=\"200\" height=\"200\" srcset=\"https:\/\/itsall-banking-insurance.com\/wp-content\/uploads\/2022\/04\/BALZANI-GIAN-LUCA-SAP-CONCUR.jpg 200w, https:\/\/itsall-banking-insurance.com\/wp-content\/uploads\/2022\/04\/BALZANI-GIAN-LUCA-SAP-CONCUR-150x150.jpg 150w\" sizes=\"(max-width: 200px) 100vw, 200px\" \/><\/p>\n<p>&nbsp;<\/p>\n<h1><span style=\"color: #800000;\">Intervista<\/span><\/h1>\n<p><strong>Gian Luca Balzani\u00a0\u00a0<\/strong>Regional Sales Executive\u00a0<strong>SAP CONCUR<\/strong><\/p>\n<p>&nbsp;<\/p>\n<p>&nbsp;<\/p>\n<p>&nbsp;<\/p>\n<h2><span style=\"color: #800000;\">Si parla spesso di gestione delle note spese trasparente e digitale. Il settore Banking &amp; Insurance dovrebbe essere in qualche modo avvantaggiato essendo i pagamenti di sua competenza, ma non sempre \u00e8 cos\u00ec, giusto?<\/span><\/h2>\n<p>Se parliamo di gestione trasparente e digitale delle note spese, nella realt\u00e0 dei fatti le aziende del settore Banking &amp; Insurance sono comparabili alle imprese di altri settori. Ad eccezione di alcuni grandi colossi di questo settore, infatti, nell\u2019ambito dei servizi finanziari ed al pari di altri settori merceologici, solo per fare un esempio possiamo dire che la frode sulle note spese \u00e8 il rischio pi\u00f9 comune e pu\u00f2 essere anche il pi\u00f9 costoso.<\/p>\n<p>Anche nel settore finanziario il 50% delle frodi \u00e8 causato da scarsi controlli interni che portano a una perdita di visibilit\u00e0 sul flusso di cassa.*<\/p>\n<p>Pertanto, anche per banche e asicurazioni, il miglioramento delle politiche e dei processi di verifica pu\u00f2 favorire la compliance, consentire il controllo dei costi e identificare comportamenti dannosi.<\/p>\n<p>Il fatto che che i pagamenti siano di loro competenza, non cambia quindi la sostanza dei fatti, che evidenzia difatti nel settore bancario e finanziario processi del tutto simili a quelli utilizzati da aziende di settori completamente differenti.<\/p>\n<p>Pertanto, indipendentemente dal settore, dalle dimensioni o dalla localizzazione, errori nelle note spese e spese o viaggi fraudolenti possono avere conseguenze finanziarie significative.<\/p>\n<p>La frode non \u00e8 qualcosa che molte organizzazioni vogliono riconoscere o di cui amano parlare, ma sfortunatamente \u00e8 un problema innegabile per ogni azienda. Ogni giorno in cui vengono elaborati pagamenti duplicati, esagerati o falsi, la tua azienda perde denaro.<\/p>\n<p>Tuttavia, stabilendo i giusti controlli e facilitando il rispetto delle politcy da parte dei dipendenti, \u00e8 possibile mitigare, rilevare e prevenire le perdite dovute a errori accidentali o attivit\u00e0 fraudolente.<\/p>\n<p>Report ACFE 2018*<\/p>\n<p>&nbsp;<\/p>\n<h2><span style=\"color: #800000;\">Quali sono le preoccupazioni principali di chi si deve occupare di &#8220;far tornare i conti&#8221; delle spese aziendali? Cosa lo tiene sveglio la notte?<\/span><\/h2>\n<p>Un recente sondaggio di Gartner, mostra come il 2020 abbia influito sui CFO, illustrando tre risultati chiave:<\/p>\n<ol>\n<li>L&#8217;attenzione si \u00e8 spostata dalla crescita, dall&#8217;efficienza e dalle collaborazioni commerciali alla continuit\u00e0 back-to-business.<\/li>\n<li>L&#8217;aumento delle posizioni di cassa, la riduzione dei costi funzionali e l&#8217;attivazione del lavoro da remoto sono diventati priorit\u00e0 principali.<\/li>\n<li>I dirigenti finanziari non sono sicuri di cosa fare dopo.<\/li>\n<\/ol>\n<p>All\u2019inizio del 2020, nessuno avrebbe potuto prevedere come sarebbe cambiato il mondo, compresi cambiamenti senza precedenti del modo in cui lavoriamo. Anche se la pandemia ha creato sfide e incertezze senza precedenti, ha rappresentato tuttavia un\u2019opportunit\u00e0 per i dirigenti finanziari di fermarsi, rivalutare e sviluppare strategie per aiutare l\u2019organizzazione non solo a sopravvivere, ma anche a diventare pi\u00f9 resiliente contro le future condizioni incerte.<\/p>\n<p>Ogni azienda ha seguito un percorso unico che \u00e8 andato oltre il semplice ripristino, per condurre invece alla reinvenzione. In ogni caso la tecnologia pu\u00f2, e deve, svolgere un ruolo fondamentale.<\/p>\n<p>La trasformazione digitale \u00e8 ora vista come una strategia essenziale per gestire in modo pi\u00f9 efficace liquidit\u00e0 e costi, sia nei periodi di difficolt\u00e0 economiche che nel futuro pi\u00f9 luminoso.<\/p>\n<p>Riteniamo che vi siano tre aree di interesse principali che possono aiutare i CFO a sviluppare la giusta strategia:<\/p>\n<ol>\n<li>Creare politiche e procedure di spesa coerenti e trasparenti<\/li>\n<li>Avere una visione reale della spesa<\/li>\n<li>Aumentare l&#8217;efficienza delle procedure e la produttivit\u00e0 dei dipendenti<\/li>\n<\/ol>\n<p>Il giusto approccio alla trasformazione digitale pu\u00f2 aiutare le organizzazioni a stabilire flessibilit\u00e0 e adattabilit\u00e0 sul posto di lavoro, costruendo un\u2019organizzazione che non solo possa resistere alle tempeste, ma che possa navigare con sicurezza e verso il futuro.<\/p>\n","protected":false},"excerpt":{"rendered":"<p>&nbsp; Intervista Gian Luca Balzani\u00a0\u00a0Regional Sales Executive\u00a0SAP CONCUR &nbsp; &nbsp; &nbsp; Si parla spesso di gestione delle note spese trasparente e digitale. Il settore Banking &amp; Insurance dovrebbe essere in qualche modo avvantaggiato essendo i pagamenti di sua competenza, ma non sempre \u00e8 cos\u00ec, giusto? Se parliamo di gestione trasparente e digitale delle note spese, [&hellip;]<\/p>\n","protected":false},"author":2,"featured_media":0,"parent":0,"menu_order":0,"comment_status":"closed","ping_status":"closed","template":"","meta":{"footnotes":""},"yoast_head":"<!-- This site is optimized with the Yoast SEO plugin v22.9 - https:\/\/yoast.com\/wordpress\/plugins\/seo\/ -->\n<title>intervista Balzani SAP CONCUR - It&#039;s all Banking &amp; Insurance<\/title>\n<meta name=\"robots\" content=\"index, follow, max-snippet:-1, max-image-preview:large, max-video-preview:-1\" \/>\n<link rel=\"canonical\" href=\"https:\/\/itsall-banking-insurance.com\/index.php\/intervista-balzani-sap-concur\/\" \/>\n<meta property=\"og:locale\" content=\"it_IT\" \/>\n<meta property=\"og:type\" content=\"article\" \/>\n<meta property=\"og:title\" content=\"intervista Balzani SAP CONCUR - It&#039;s all Banking &amp; Insurance\" \/>\n<meta property=\"og:description\" content=\"&nbsp; Intervista Gian Luca Balzani\u00a0\u00a0Regional Sales Executive\u00a0SAP CONCUR &nbsp; &nbsp; &nbsp; Si parla spesso di gestione delle note spese trasparente e digitale. Il settore Banking &amp; Insurance dovrebbe essere in qualche modo avvantaggiato essendo i pagamenti di sua competenza, ma non sempre \u00e8 cos\u00ec, giusto? Se parliamo di gestione trasparente e digitale delle note spese, [&hellip;]\" \/>\n<meta property=\"og:url\" content=\"https:\/\/itsall-banking-insurance.com\/index.php\/intervista-balzani-sap-concur\/\" \/>\n<meta property=\"og:site_name\" content=\"It&#039;s all Banking &amp; Insurance\" \/>\n<meta property=\"article:modified_time\" content=\"2022-05-10T14:57:59+00:00\" \/>\n<meta property=\"og:image\" content=\"http:\/\/itsall-banking-insurance.com\/wp-content\/uploads\/2022\/04\/BALZANI-GIAN-LUCA-SAP-CONCUR.jpg\" \/>\n<meta name=\"twitter:card\" content=\"summary_large_image\" \/>\n<meta name=\"twitter:label1\" content=\"Tempo di lettura stimato\" \/>\n\t<meta name=\"twitter:data1\" content=\"3 minuti\" \/>\n<script type=\"application\/ld+json\" class=\"yoast-schema-graph\">{\"@context\":\"https:\/\/schema.org\",\"@graph\":[{\"@type\":\"WebPage\",\"@id\":\"https:\/\/itsall-banking-insurance.com\/index.php\/intervista-balzani-sap-concur\/\",\"url\":\"https:\/\/itsall-banking-insurance.com\/index.php\/intervista-balzani-sap-concur\/\",\"name\":\"intervista Balzani SAP CONCUR - It&#039;s all Banking &amp; Insurance\",\"isPartOf\":{\"@id\":\"https:\/\/itsall-banking-insurance.com\/#website\"},\"primaryImageOfPage\":{\"@id\":\"https:\/\/itsall-banking-insurance.com\/index.php\/intervista-balzani-sap-concur\/#primaryimage\"},\"image\":{\"@id\":\"https:\/\/itsall-banking-insurance.com\/index.php\/intervista-balzani-sap-concur\/#primaryimage\"},\"thumbnailUrl\":\"http:\/\/itsall-banking-insurance.com\/wp-content\/uploads\/2022\/04\/BALZANI-GIAN-LUCA-SAP-CONCUR.jpg\",\"datePublished\":\"2022-05-10T14:56:45+00:00\",\"dateModified\":\"2022-05-10T14:57:59+00:00\",\"breadcrumb\":{\"@id\":\"https:\/\/itsall-banking-insurance.com\/index.php\/intervista-balzani-sap-concur\/#breadcrumb\"},\"inLanguage\":\"it-IT\",\"potentialAction\":[{\"@type\":\"ReadAction\",\"target\":[\"https:\/\/itsall-banking-insurance.com\/index.php\/intervista-balzani-sap-concur\/\"]}]},{\"@type\":\"ImageObject\",\"inLanguage\":\"it-IT\",\"@id\":\"https:\/\/itsall-banking-insurance.com\/index.php\/intervista-balzani-sap-concur\/#primaryimage\",\"url\":\"http:\/\/itsall-banking-insurance.com\/wp-content\/uploads\/2022\/04\/BALZANI-GIAN-LUCA-SAP-CONCUR.jpg\",\"contentUrl\":\"http:\/\/itsall-banking-insurance.com\/wp-content\/uploads\/2022\/04\/BALZANI-GIAN-LUCA-SAP-CONCUR.jpg\"},{\"@type\":\"BreadcrumbList\",\"@id\":\"https:\/\/itsall-banking-insurance.com\/index.php\/intervista-balzani-sap-concur\/#breadcrumb\",\"itemListElement\":[{\"@type\":\"ListItem\",\"position\":1,\"name\":\"Home\",\"item\":\"https:\/\/itsall-banking-insurance.com\/\"},{\"@type\":\"ListItem\",\"position\":2,\"name\":\"intervista Balzani SAP CONCUR\"}]},{\"@type\":\"WebSite\",\"@id\":\"https:\/\/itsall-banking-insurance.com\/#website\",\"url\":\"https:\/\/itsall-banking-insurance.com\/\",\"name\":\"It&#039;s all Banking &amp; Insurance\",\"description\":\"BANCHE e ASSICURAZIONI a confronto\",\"potentialAction\":[{\"@type\":\"SearchAction\",\"target\":{\"@type\":\"EntryPoint\",\"urlTemplate\":\"https:\/\/itsall-banking-insurance.com\/?s={search_term_string}\"},\"query-input\":\"required name=search_term_string\"}],\"inLanguage\":\"it-IT\"}]}<\/script>\n<!-- \/ Yoast SEO plugin. -->","yoast_head_json":{"title":"intervista Balzani SAP CONCUR - It&#039;s all Banking &amp; Insurance","robots":{"index":"index","follow":"follow","max-snippet":"max-snippet:-1","max-image-preview":"max-image-preview:large","max-video-preview":"max-video-preview:-1"},"canonical":"https:\/\/itsall-banking-insurance.com\/index.php\/intervista-balzani-sap-concur\/","og_locale":"it_IT","og_type":"article","og_title":"intervista Balzani SAP CONCUR - It&#039;s all Banking &amp; Insurance","og_description":"&nbsp; Intervista Gian Luca Balzani\u00a0\u00a0Regional Sales Executive\u00a0SAP CONCUR &nbsp; &nbsp; &nbsp; Si parla spesso di gestione delle note spese trasparente e digitale. Il settore Banking &amp; Insurance dovrebbe essere in qualche modo avvantaggiato essendo i pagamenti di sua competenza, ma non sempre \u00e8 cos\u00ec, giusto? Se parliamo di gestione trasparente e digitale delle note spese, [&hellip;]","og_url":"https:\/\/itsall-banking-insurance.com\/index.php\/intervista-balzani-sap-concur\/","og_site_name":"It&#039;s all Banking &amp; Insurance","article_modified_time":"2022-05-10T14:57:59+00:00","og_image":[{"url":"http:\/\/itsall-banking-insurance.com\/wp-content\/uploads\/2022\/04\/BALZANI-GIAN-LUCA-SAP-CONCUR.jpg"}],"twitter_card":"summary_large_image","twitter_misc":{"Tempo di lettura stimato":"3 minuti"},"schema":{"@context":"https:\/\/schema.org","@graph":[{"@type":"WebPage","@id":"https:\/\/itsall-banking-insurance.com\/index.php\/intervista-balzani-sap-concur\/","url":"https:\/\/itsall-banking-insurance.com\/index.php\/intervista-balzani-sap-concur\/","name":"intervista Balzani SAP CONCUR - It&#039;s all Banking &amp; Insurance","isPartOf":{"@id":"https:\/\/itsall-banking-insurance.com\/#website"},"primaryImageOfPage":{"@id":"https:\/\/itsall-banking-insurance.com\/index.php\/intervista-balzani-sap-concur\/#primaryimage"},"image":{"@id":"https:\/\/itsall-banking-insurance.com\/index.php\/intervista-balzani-sap-concur\/#primaryimage"},"thumbnailUrl":"http:\/\/itsall-banking-insurance.com\/wp-content\/uploads\/2022\/04\/BALZANI-GIAN-LUCA-SAP-CONCUR.jpg","datePublished":"2022-05-10T14:56:45+00:00","dateModified":"2022-05-10T14:57:59+00:00","breadcrumb":{"@id":"https:\/\/itsall-banking-insurance.com\/index.php\/intervista-balzani-sap-concur\/#breadcrumb"},"inLanguage":"it-IT","potentialAction":[{"@type":"ReadAction","target":["https:\/\/itsall-banking-insurance.com\/index.php\/intervista-balzani-sap-concur\/"]}]},{"@type":"ImageObject","inLanguage":"it-IT","@id":"https:\/\/itsall-banking-insurance.com\/index.php\/intervista-balzani-sap-concur\/#primaryimage","url":"http:\/\/itsall-banking-insurance.com\/wp-content\/uploads\/2022\/04\/BALZANI-GIAN-LUCA-SAP-CONCUR.jpg","contentUrl":"http:\/\/itsall-banking-insurance.com\/wp-content\/uploads\/2022\/04\/BALZANI-GIAN-LUCA-SAP-CONCUR.jpg"},{"@type":"BreadcrumbList","@id":"https:\/\/itsall-banking-insurance.com\/index.php\/intervista-balzani-sap-concur\/#breadcrumb","itemListElement":[{"@type":"ListItem","position":1,"name":"Home","item":"https:\/\/itsall-banking-insurance.com\/"},{"@type":"ListItem","position":2,"name":"intervista Balzani SAP CONCUR"}]},{"@type":"WebSite","@id":"https:\/\/itsall-banking-insurance.com\/#website","url":"https:\/\/itsall-banking-insurance.com\/","name":"It&#039;s all Banking &amp; Insurance","description":"BANCHE e ASSICURAZIONI a confronto","potentialAction":[{"@type":"SearchAction","target":{"@type":"EntryPoint","urlTemplate":"https:\/\/itsall-banking-insurance.com\/?s={search_term_string}"},"query-input":"required name=search_term_string"}],"inLanguage":"it-IT"}]}},"_links":{"self":[{"href":"https:\/\/itsall-banking-insurance.com\/index.php\/wp-json\/wp\/v2\/pages\/5740"}],"collection":[{"href":"https:\/\/itsall-banking-insurance.com\/index.php\/wp-json\/wp\/v2\/pages"}],"about":[{"href":"https:\/\/itsall-banking-insurance.com\/index.php\/wp-json\/wp\/v2\/types\/page"}],"author":[{"embeddable":true,"href":"https:\/\/itsall-banking-insurance.com\/index.php\/wp-json\/wp\/v2\/users\/2"}],"replies":[{"embeddable":true,"href":"https:\/\/itsall-banking-insurance.com\/index.php\/wp-json\/wp\/v2\/comments?post=5740"}],"version-history":[{"count":3,"href":"https:\/\/itsall-banking-insurance.com\/index.php\/wp-json\/wp\/v2\/pages\/5740\/revisions"}],"predecessor-version":[{"id":5743,"href":"https:\/\/itsall-banking-insurance.com\/index.php\/wp-json\/wp\/v2\/pages\/5740\/revisions\/5743"}],"wp:attachment":[{"href":"https:\/\/itsall-banking-insurance.com\/index.php\/wp-json\/wp\/v2\/media?parent=5740"}],"curies":[{"name":"wp","href":"https:\/\/api.w.org\/{rel}","templated":true}]}}