{"id":6257,"date":"2023-04-14T18:35:58","date_gmt":"2023-04-14T16:35:58","guid":{"rendered":"http:\/\/itsall-banking-insurance.com\/?page_id=6257"},"modified":"2023-04-14T18:46:46","modified_gmt":"2023-04-14T16:46:46","slug":"intervista-noventa-lexis","status":"publish","type":"page","link":"https:\/\/itsall-banking-insurance.com\/index.php\/intervista-noventa-lexis\/","title":{"rendered":"Intervista"},"content":{"rendered":"<p>[vc_row css=&#8221;.vc_custom_1681490819972{padding-top: 20px !important;}&#8221;][vc_column width=&#8221;5\/6&#8243;][vc_single_image image=&#8221;6088&#8243; img_size=&#8221;full&#8221; style=&#8221;vc_box_border_circle_2&#8243;][vc_column_text]<strong>Vassilij Noventa<\/strong> Manager, Banks and Financial Institutions <strong>LEXISNEXIS RISK SOLUTIONS<\/strong>[\/vc_column_text][\/vc_column][vc_column width=&#8221;1\/6&#8243;][vc_single_image image=&#8221;6261&#8243;][\/vc_column][\/vc_row][vc_row][vc_column][vc_column_text]<\/p>\n<h2><span style=\"color: #333333;\"><strong>Che cos&#8217;\u00e8 l&#8217;orchestrazione del rischio?<\/strong><\/span><\/h2>\n<p>Spesso si parla di gestione del rischio, ma \u201corchestrazione\u201d del rischio \u00e8 un termine di cui si sente parlare sempre pi\u00f9 spesso oggi.<\/p>\n<p>Gartner ha recentemente pubblicato un rapporto sull&#8217;orchestrazione e su come questa possa mitigare i rischi e migliorare la customer journey.<\/p>\n<p>Quando un&#8217;organizzazione cerca di gestire il proprio processo di <em>onboarding<\/em>, in genere ricerca funzionalit\u00e0 puntuali per soddisfare i propri requisiti aziendali, dalla verifica dell&#8217;identit\u00e0 all&#8217;autenticazione dei documenti, all&#8217;identificazione di dispositivi fraudolenti sospetti e allo screening antiriciclaggio. Queste organizzazioni devono assicurarsi di avere un processo solido per coprire tutti questi requisiti chiave. Si creeranno inevitabilmente dei processi a \u201csilos\u201d: stipulare contratti con pi\u00f9 fornitori, gestire i rapporti individualmente, comprendere le capacit\u00e0 di ogni soluzione indipendente e i risultati forniti. E tutto questo per cercare di determinare una visione olistica del rischio. Questo generare molte spese e inefficienze per un&#8217;azienda. Questa \u00e8 la dinamica tipica che si osserva in diverse organizzazioni.<\/p>\n<p>Allo stesso tempo, le organizzazioni sono sottoposte alla pressione di far crescere l&#8217;azienda. Non solo devono soddisfare il processo di <em>onboarding <\/em>di base per i loro clienti principali, ma anche, man mano che si espandono, essere in grado di adattare tale processo per soddisfare i nuovi requisiti aziendali. Tenendo un approccio in \u201csilos\u201d, le aziende non possono reagire rapidamente a questi cambiamenti e non hanno la possibilit\u00e0 di scegliere la flessibilit\u00e0.<\/p>\n<p>A tutto questo si aggiungono i seguenti fattori esterni:<\/p>\n<p>&#8211; Digitalizzazione: accelerata dalla pandemia, dove improvvisamente tutti si aspettavano di poter accedere ai servizi tramite una piattaforma online. Ora si \u00e8 arrivati a una fase in cui le organizzazioni cercano di rendere l<em>&#8216;onboarding <\/em>il pi\u00f9 possibile privo di attriti, pur rimanendo conformi.<\/p>\n<p>&#8211; Pressione normativa: il panorama delle sanzioni \u00e8 stato il pi\u00f9 rilevante nell&#8217;ultimo anno. Il numero di nuove entit\u00e0 aggiunte all&#8217;elenco delle principali sanzioni ha causato un sovraccarico operativo per molte organizzazioni, che devono reagire e rispondere molto rapidamente.<\/p>\n<p>Un numero sempre maggiore di organizzazioni sta prendendo in considerazione l&#8217;orchestrazione del rischio, la quale pu\u00f2 essere definita come una capacit\u00e0 che consente di riunire tutti i processi in un&#8217;unica piattaforma. Consente di prendere decisioni intelligenti su pi\u00f9 fattori e di gestire lo stato di una determinata applicazione.<\/p>\n<p>Un esempio: un istituto finanziario vuole iscrivere un individuo a un conto corrente. Dovr\u00e0 passare attraverso alcuni dei controlli menzionati in precedenza: verifica dell&#8217;identit\u00e0, verifica che questa persona non sia su un elenco di sanzioni o una persona politicamente esposta. L&#8217;orchestrazione consente di gestire tutti questi passaggi e processi in un unico luogo. Consente all&#8217;istituto di stabilire come effettuare i controlli e in quale ordine. E di gestire i risultati di tali controlli, in modo da avere una visione olistica del rischio.<\/p>\n<p>Questo \u00e8 un primo aspetto, ma l\u2019orchestrazione va ben oltre. Le istituzioni finanziarie hanno diversi prodotti, tra cui un dipartimento di gestione patrimoniale. Per questo processo, potrebbero essere necessari ulteriori controlli, relativi alla fonte del patrimonio e a vari altri aspetti. All&#8217;interno di un&#8217;unica piattaforma, non solo \u00e8 possibile gestire un individuo che apre un conto corrente, ma se desidera un prodotto di gestione patrimoniale, \u00e8 possibile gestire anche questi controlli aggiuntivi.<\/p>\n<p>Un altro esempio \u00e8 il conto corrente per le aziende. \u00c8 necessario avviare una <em>due diligence<\/em> sull&#8217;azienda, e quindi i requisiti saranno leggermente diversi: richiederete determinati tipi di documenti, ad esempio i certificati di registrazione della societ\u00e0, l&#8217;identificazione degli amministratori e degli azionisti, e per ogni diverso tipo di entit\u00e0 potreste avere diversi processi KYC da eseguire. L&#8217;orchestrazione non solo vi permette di effettuare tutti i controlli, ma gestisce anche tutti gli stati del processo. Potreste non ottenere una risposta immediata per tutti questi tipi di controlli. Potrebbe essere necessario tornare da un direttore di funzione e chiedergli di fornire i suoi documenti di identit\u00e0 o ulteriori informazioni.<\/p>\n<p>I controlli di <em>onboarding <\/em>possono essere completati in tempi diversi ed \u00e8 importante che il sistema sia a conoscenza degli stati di ciascuno di questi passaggi e sappia quando sono stati tutti completati.<\/p>\n<p>L&#8217;orchestrazione non riguarda solo l&#8217;efficienza in termini di gestione di pi\u00f9 processi e di risultati di pi\u00f9 controlli, ma anche la gestione della complessit\u00e0 a prescindere dai diversi prodotti dell&#8217;organizzazione o dalle diverse eccezioni che possono verificarsi durante il flusso di lavoro di <em>onboarding<\/em>.<\/p>\n<p>&nbsp;<\/p>\n<h2><span style=\"color: #333333;\"><strong>Quale tipologia di aziende stanno traendo i maggiori benefici dall&#8217;orchestrazione? <\/strong><\/span><\/h2>\n<p>Vediamo diversi settori ricettivi ad una piattaforma di orchestrazione end-to-end. Il settore Fintech \u00e8 un&#8217;area ovvia, in quanto si tratta di aziende di recente costituzione che hanno bisogno di rendere operativi i loro processi molto rapidamente. Non dispongono di uno <em>stack <\/em>tecnologico gi\u00e0 pronto. Stanno cercando di costruirlo. Per loro \u00e8 interessante orientarsi verso una piattaforma di orchestrazione, perch\u00e9 sanno di poter disporre di tutte le funzionalit\u00e0 necessarie in un unico luogo, con flessibilit\u00e0 e possibilit\u00e0 di scelta. Man mano che crescono optano per una piattaforma in grado di far crescere la loro attivit\u00e0.<\/p>\n<p>La seconda area in cui osserviamo sempre pi\u00f9 richiesta \u00e8 quella degli istituti che in passato hanno acquistato diverse funzionalit\u00e0, in quanto erano obbligatorie e ne avevano bisogno in quel momento, ma probabilmente non le comprendevano al 100%, perch\u00e9 non le avevano mai utilizzate. Dopo aver usufruito e rivisto tali funzionalit\u00e0, iniziano a chiedersi come possono aumentare l&#8217;efficienza e l&#8217;automazione senza compromettere gli obblighi di conformit\u00e0. Pertanto, hanno esperienza e cercano di ottimizzare l&#8217;efficienza, cos\u00ec in questa fase si rivolgono all&#8217;orchestrazione.<\/p>\n<p>Infine, le organizzazioni hanno un particolare punto dolente. L&#8217;orchestrazione li aiuta a realizzare i vantaggi di utilizzare un&#8217;unica piattaforma su quel punto dolente, anche se all&#8217;inizio non sempre utilizzano tutte le capacit\u00e0 della piattaforma stessa. In futuro potranno estenderne l&#8217;utilizzo in base ai loro requisiti e alle loro esigenze.[\/vc_column_text][\/vc_column][\/vc_row]<\/p>\n","protected":false},"excerpt":{"rendered":"<p>[vc_row css=&#8221;.vc_custom_1681490819972{padding-top: 20px !important;}&#8221;][vc_column width=&#8221;5\/6&#8243;][vc_single_image image=&#8221;6088&#8243; img_size=&#8221;full&#8221; style=&#8221;vc_box_border_circle_2&#8243;][vc_column_text]Vassilij Noventa Manager, Banks and Financial Institutions LEXISNEXIS RISK SOLUTIONS[\/vc_column_text][\/vc_column][vc_column width=&#8221;1\/6&#8243;][vc_single_image image=&#8221;6261&#8243;][\/vc_column][\/vc_row][vc_row][vc_column][vc_column_text] Che cos&#8217;\u00e8 l&#8217;orchestrazione del rischio? Spesso si parla di gestione del rischio, ma \u201corchestrazione\u201d del rischio \u00e8 un termine di cui si sente parlare sempre pi\u00f9 spesso oggi. Gartner ha recentemente pubblicato un rapporto sull&#8217;orchestrazione e [&hellip;]<\/p>\n","protected":false},"author":2,"featured_media":0,"parent":0,"menu_order":0,"comment_status":"closed","ping_status":"closed","template":"","meta":{"footnotes":""},"yoast_head":"<!-- This site is optimized with the Yoast SEO plugin v22.9 - https:\/\/yoast.com\/wordpress\/plugins\/seo\/ -->\n<title>Intervista - It&#039;s all Banking &amp; Insurance<\/title>\n<meta name=\"robots\" content=\"index, follow, max-snippet:-1, max-image-preview:large, max-video-preview:-1\" \/>\n<link rel=\"canonical\" href=\"https:\/\/itsall-banking-insurance.com\/index.php\/intervista-noventa-lexis\/\" \/>\n<meta property=\"og:locale\" content=\"it_IT\" \/>\n<meta property=\"og:type\" content=\"article\" \/>\n<meta property=\"og:title\" content=\"Intervista - It&#039;s all Banking &amp; Insurance\" \/>\n<meta property=\"og:description\" content=\"[vc_row css=&#8221;.vc_custom_1681490819972{padding-top: 20px !important;}&#8221;][vc_column width=&#8221;5\/6&#8243;][vc_single_image image=&#8221;6088&#8243; img_size=&#8221;full&#8221; style=&#8221;vc_box_border_circle_2&#8243;][vc_column_text]Vassilij Noventa Manager, Banks and Financial Institutions LEXISNEXIS RISK SOLUTIONS[\/vc_column_text][\/vc_column][vc_column width=&#8221;1\/6&#8243;][vc_single_image image=&#8221;6261&#8243;][\/vc_column][\/vc_row][vc_row][vc_column][vc_column_text] Che cos&#8217;\u00e8 l&#8217;orchestrazione del rischio? Spesso si parla di gestione del rischio, ma \u201corchestrazione\u201d del rischio \u00e8 un termine di cui si sente parlare sempre pi\u00f9 spesso oggi. Gartner ha recentemente pubblicato un rapporto sull&#8217;orchestrazione e [&hellip;]\" \/>\n<meta property=\"og:url\" content=\"https:\/\/itsall-banking-insurance.com\/index.php\/intervista-noventa-lexis\/\" \/>\n<meta property=\"og:site_name\" content=\"It&#039;s all Banking &amp; Insurance\" \/>\n<meta property=\"article:modified_time\" content=\"2023-04-14T16:46:46+00:00\" \/>\n<meta name=\"twitter:card\" content=\"summary_large_image\" \/>\n<meta name=\"twitter:label1\" content=\"Tempo di lettura stimato\" \/>\n\t<meta name=\"twitter:data1\" content=\"5 minuti\" \/>\n<script type=\"application\/ld+json\" class=\"yoast-schema-graph\">{\"@context\":\"https:\/\/schema.org\",\"@graph\":[{\"@type\":\"WebPage\",\"@id\":\"https:\/\/itsall-banking-insurance.com\/index.php\/intervista-noventa-lexis\/\",\"url\":\"https:\/\/itsall-banking-insurance.com\/index.php\/intervista-noventa-lexis\/\",\"name\":\"Intervista - It&#039;s all Banking &amp; Insurance\",\"isPartOf\":{\"@id\":\"https:\/\/itsall-banking-insurance.com\/#website\"},\"datePublished\":\"2023-04-14T16:35:58+00:00\",\"dateModified\":\"2023-04-14T16:46:46+00:00\",\"breadcrumb\":{\"@id\":\"https:\/\/itsall-banking-insurance.com\/index.php\/intervista-noventa-lexis\/#breadcrumb\"},\"inLanguage\":\"it-IT\",\"potentialAction\":[{\"@type\":\"ReadAction\",\"target\":[\"https:\/\/itsall-banking-insurance.com\/index.php\/intervista-noventa-lexis\/\"]}]},{\"@type\":\"BreadcrumbList\",\"@id\":\"https:\/\/itsall-banking-insurance.com\/index.php\/intervista-noventa-lexis\/#breadcrumb\",\"itemListElement\":[{\"@type\":\"ListItem\",\"position\":1,\"name\":\"Home\",\"item\":\"https:\/\/itsall-banking-insurance.com\/\"},{\"@type\":\"ListItem\",\"position\":2,\"name\":\"Intervista\"}]},{\"@type\":\"WebSite\",\"@id\":\"https:\/\/itsall-banking-insurance.com\/#website\",\"url\":\"https:\/\/itsall-banking-insurance.com\/\",\"name\":\"It&#039;s all Banking &amp; Insurance\",\"description\":\"BANCHE e ASSICURAZIONI a confronto\",\"potentialAction\":[{\"@type\":\"SearchAction\",\"target\":{\"@type\":\"EntryPoint\",\"urlTemplate\":\"https:\/\/itsall-banking-insurance.com\/?s={search_term_string}\"},\"query-input\":\"required name=search_term_string\"}],\"inLanguage\":\"it-IT\"}]}<\/script>\n<!-- \/ Yoast SEO plugin. -->","yoast_head_json":{"title":"Intervista - It&#039;s all Banking &amp; Insurance","robots":{"index":"index","follow":"follow","max-snippet":"max-snippet:-1","max-image-preview":"max-image-preview:large","max-video-preview":"max-video-preview:-1"},"canonical":"https:\/\/itsall-banking-insurance.com\/index.php\/intervista-noventa-lexis\/","og_locale":"it_IT","og_type":"article","og_title":"Intervista - It&#039;s all Banking &amp; Insurance","og_description":"[vc_row css=&#8221;.vc_custom_1681490819972{padding-top: 20px !important;}&#8221;][vc_column width=&#8221;5\/6&#8243;][vc_single_image image=&#8221;6088&#8243; img_size=&#8221;full&#8221; style=&#8221;vc_box_border_circle_2&#8243;][vc_column_text]Vassilij Noventa Manager, Banks and Financial Institutions LEXISNEXIS RISK SOLUTIONS[\/vc_column_text][\/vc_column][vc_column width=&#8221;1\/6&#8243;][vc_single_image image=&#8221;6261&#8243;][\/vc_column][\/vc_row][vc_row][vc_column][vc_column_text] Che cos&#8217;\u00e8 l&#8217;orchestrazione del rischio? Spesso si parla di gestione del rischio, ma \u201corchestrazione\u201d del rischio \u00e8 un termine di cui si sente parlare sempre pi\u00f9 spesso oggi. Gartner ha recentemente pubblicato un rapporto sull&#8217;orchestrazione e [&hellip;]","og_url":"https:\/\/itsall-banking-insurance.com\/index.php\/intervista-noventa-lexis\/","og_site_name":"It&#039;s all Banking &amp; Insurance","article_modified_time":"2023-04-14T16:46:46+00:00","twitter_card":"summary_large_image","twitter_misc":{"Tempo di lettura stimato":"5 minuti"},"schema":{"@context":"https:\/\/schema.org","@graph":[{"@type":"WebPage","@id":"https:\/\/itsall-banking-insurance.com\/index.php\/intervista-noventa-lexis\/","url":"https:\/\/itsall-banking-insurance.com\/index.php\/intervista-noventa-lexis\/","name":"Intervista - It&#039;s all Banking &amp; Insurance","isPartOf":{"@id":"https:\/\/itsall-banking-insurance.com\/#website"},"datePublished":"2023-04-14T16:35:58+00:00","dateModified":"2023-04-14T16:46:46+00:00","breadcrumb":{"@id":"https:\/\/itsall-banking-insurance.com\/index.php\/intervista-noventa-lexis\/#breadcrumb"},"inLanguage":"it-IT","potentialAction":[{"@type":"ReadAction","target":["https:\/\/itsall-banking-insurance.com\/index.php\/intervista-noventa-lexis\/"]}]},{"@type":"BreadcrumbList","@id":"https:\/\/itsall-banking-insurance.com\/index.php\/intervista-noventa-lexis\/#breadcrumb","itemListElement":[{"@type":"ListItem","position":1,"name":"Home","item":"https:\/\/itsall-banking-insurance.com\/"},{"@type":"ListItem","position":2,"name":"Intervista"}]},{"@type":"WebSite","@id":"https:\/\/itsall-banking-insurance.com\/#website","url":"https:\/\/itsall-banking-insurance.com\/","name":"It&#039;s all Banking &amp; Insurance","description":"BANCHE e ASSICURAZIONI a confronto","potentialAction":[{"@type":"SearchAction","target":{"@type":"EntryPoint","urlTemplate":"https:\/\/itsall-banking-insurance.com\/?s={search_term_string}"},"query-input":"required name=search_term_string"}],"inLanguage":"it-IT"}]}},"_links":{"self":[{"href":"https:\/\/itsall-banking-insurance.com\/index.php\/wp-json\/wp\/v2\/pages\/6257"}],"collection":[{"href":"https:\/\/itsall-banking-insurance.com\/index.php\/wp-json\/wp\/v2\/pages"}],"about":[{"href":"https:\/\/itsall-banking-insurance.com\/index.php\/wp-json\/wp\/v2\/types\/page"}],"author":[{"embeddable":true,"href":"https:\/\/itsall-banking-insurance.com\/index.php\/wp-json\/wp\/v2\/users\/2"}],"replies":[{"embeddable":true,"href":"https:\/\/itsall-banking-insurance.com\/index.php\/wp-json\/wp\/v2\/comments?post=6257"}],"version-history":[{"count":7,"href":"https:\/\/itsall-banking-insurance.com\/index.php\/wp-json\/wp\/v2\/pages\/6257\/revisions"}],"predecessor-version":[{"id":6451,"href":"https:\/\/itsall-banking-insurance.com\/index.php\/wp-json\/wp\/v2\/pages\/6257\/revisions\/6451"}],"wp:attachment":[{"href":"https:\/\/itsall-banking-insurance.com\/index.php\/wp-json\/wp\/v2\/media?parent=6257"}],"curies":[{"name":"wp","href":"https:\/\/api.w.org\/{rel}","templated":true}]}}