{"id":6352,"date":"2023-05-10T12:57:27","date_gmt":"2023-05-10T10:57:27","guid":{"rendered":"http:\/\/itsall-banking-insurance.com\/?page_id=6352"},"modified":"2023-05-10T14:25:55","modified_gmt":"2023-05-10T12:25:55","slug":"saibene-pwc-cerved","status":"publish","type":"page","link":"https:\/\/itsall-banking-insurance.com\/index.php\/saibene-pwc-cerved\/","title":{"rendered":"Intervista"},"content":{"rendered":"<p>[vc_row css=&#8221;.vc_custom_1681490819972{padding-top: 20px !important;}&#8221;][vc_column width=&#8221;5\/6&#8243;][vc_single_image image=&#8221;6323&#8243; img_size=&#8221;full&#8221; style=&#8221;vc_box_border_circle_2&#8243;][vc_column_text]<strong>Elena Saibene<\/strong> Head of Operations <strong>Pro Web Consulting &#8211; Cerved Group<\/strong>[\/vc_column_text][\/vc_column][vc_column width=&#8221;1\/6&#8243;][vc_single_image image=&#8221;6261&#8243;][\/vc_column][\/vc_row][vc_row][vc_column][vc_column_text]<\/p>\n<h2><span style=\"color: #333333;\"><strong>Negli ultimi anni assistiamo a un\u2019evoluzione dello User Journey che ci porta dal classico modello di funnel verso un modello pi\u00f9 complesso (mi riferisco al Messy Middle, il modello proposto da Google). Qual \u00e8 l\u2019impatto sulle strategie di acquisizione?<\/strong><\/span><\/h2>\n<p>Corretto: il customer journey \u00e8 cambiato notevolmente negli ultimi anni grazie a una maggiore disponibilit\u00e0 di informazioni e a una diversa modalit\u00e0 di fruizione delle stesse (banalmente la ricerca si \u00e8 spostata molto online) e questo ha necessariamente portato molte aziende a ripensare le proprie strategie di marketing e di comunicazione. Di fatto, il classico modello del marketing funnel ormai non rispecchia pi\u00f9 il modo in cui gli utenti si avvicinano a prodotti e servizi: si tratta di una struttura rigida e, soprattutto, vecchia (\u00e8 nata negli anni \u201920 del secolo scorso).<\/p>\n<p>Se ripensiamo a quando abbiamo acquistato per la prima volta un prodotto, difficilmente vedremo un percorso a \u201cimbuto\u201d. E questo \u00e8 tanto pi\u00f9 vero, quanto pi\u00f9 \u00e8 complesso l\u2019acquisto (anche in termini di spesa).<\/p>\n<p>Questo \u00e8 esattamente il punto di partenza dello studio svolto e pubblicato da Google nel 2020, da cui nasce appunto il nuovo modello chiamato \u201cMessy Middle\u201d: il percorso di conversione non \u00e8 pi\u00f9 lineare, bens\u00ec, a seguito di un trigger, l\u2019utente passa da una fase esplorativa\/espansiva a una fase di valutazione\/riduttiva, in un loop tanto pi\u00f9 lungo quanto pi\u00f9 complesso \u00e8 l\u2019acquisto e\/o tanto maggiori sono le informazioni a disposizione. In questo processo, l\u2019esposizione a informazioni e a stimoli che possono influenzare il percorso, \u00e8 continua.<\/p>\n<p>Da questo panorama cos\u00ec complesso e \u201crumoroso\u201d, emergono per i brand due necessit\u00e0: la prima, quella di presidiare con attenzione tutti i potenziali touch point con cui un utente potrebbe interagire durante le diverse fasi, fornendo un contenuto pertinente all\u2019intent (informativo, transazionale ecc). La seconda, \u00e8 quella di usare le giuste CTA e il giusto contenuto per accorciare il pi\u00f9 possibile il percorso dell\u2019utente dal trigger moment al purchase moment ed evitare che venga quindi esposto a stimoli distrattivi da parte dei competitor. Questo chiaramente trasversalmente a tutti i canali (organico, paid, social) e tarando bene i messaggi lavorando anche sui bias cognitivi.<\/p>\n<p><strong>\u00a0<\/strong><\/p>\n<h2><span style=\"color: #333333;\"><strong>In questo contesto quali sono, per il mondo delle assicurazioni, gli elementi per voi fondamentali in una strategia di Digital Marketing efficace?<\/strong><\/span><\/h2>\n<p>Quello assicurativo (insieme a telecomunicazioni e servizi bancari ed energetici) \u00e8 un ambito ad alta complessit\u00e0, dove spesso lo user journey \u00e8 pi\u00f9 lungo e anche meno \u201cpiacevole\u201d per l\u2019utente. Si tratta inoltre di un settore ad alta competitivit\u00e0, in cui emergere diventa ancora pi\u00f9 sfidante.<\/p>\n<p>La nostra mission come Pro Web Consulting (Cerved Group S.P.A.) \u00e8 proprio la progettazione e l\u2019esecuzione di strategie che partono dagli obiettivi di business dei clienti e passano per lo studio del mercato competitivo e la conoscenza del target online. \u00a0Dopodich\u00e8, mappiamo tutti i touchpoint coinvolti e costruiamo azioni specifiche per ciascuno di essi.<\/p>\n<p>Ad esempio, lato SEO ricostruiamo i modi con cui vengono ricercati prodotti\/servizi che i nostri clienti offrono e verifichiamo che esistano contenuti adatti a coprire le esigenze specifiche che sono emerse. Se non esistono, \u00e8 necessario progettarli, realizzarli e ottimizzarli, in modo che rispondano a intenti che sono rilevanti e in focus con l\u2019offerta.<\/p>\n<p>Quando i contenuti sono presenti, \u00e8 poi necessario che siano efficaci e portino l\u2019utente a compiere azioni rilevanti per il business con i giusti messaggi. Qui interveniamo con la CRO (Conversion Rate Optimization): analizziamo come gli utenti interagiscono con il sito, individuando e intervenendo sugli elementi di frizione sfruttando anche leve psicologiche (bias cognitivi). L\u2019obiettivo \u00e8 appunto quello comunicare efficacemente, cercando di influenzare il percorso decisionale dell\u2019utente.<\/p>\n<p>La combinazione di SEO e CRO permette anche di ottenere miglioramenti significativi in termini di conversione anche per altri canali di acquisizione, come l\u2019online Advertising o i Social, aumentando le revenue in maniera diffusa.<\/p>\n<p>Infine, con le campagne di advertising (SEA) andiamo ad amplificare il messaggio, in sintonia con le leve gi\u00e0 utilizzate.<\/p>\n<p>In sintesi, \u00e8 importante conoscere consumatore e mercato e adottare un approccio orizzontale che permetta di orchestrare i diversi canali in maniera sinergica e complementare (senza lavorare quindi \u201ca silos\u201d), mantenendo per\u00f2 una verticalit\u00e0 e una forte specializzazione su ogni singolo ambito. E questo \u00e8, di fatto, l\u2019approccio che offriamo ai nostri clienti.[\/vc_column_text][\/vc_column][\/vc_row]<\/p>\n","protected":false},"excerpt":{"rendered":"<p>[vc_row css=&#8221;.vc_custom_1681490819972{padding-top: 20px !important;}&#8221;][vc_column width=&#8221;5\/6&#8243;][vc_single_image image=&#8221;6323&#8243; img_size=&#8221;full&#8221; style=&#8221;vc_box_border_circle_2&#8243;][vc_column_text]Elena Saibene Head of Operations Pro Web Consulting &#8211; Cerved Group[\/vc_column_text][\/vc_column][vc_column width=&#8221;1\/6&#8243;][vc_single_image image=&#8221;6261&#8243;][\/vc_column][\/vc_row][vc_row][vc_column][vc_column_text] Negli ultimi anni assistiamo a un\u2019evoluzione dello User Journey che ci porta dal classico modello di funnel verso un modello pi\u00f9 complesso (mi riferisco al Messy Middle, il modello proposto da Google). Qual \u00e8 l\u2019impatto [&hellip;]<\/p>\n","protected":false},"author":2,"featured_media":0,"parent":0,"menu_order":0,"comment_status":"closed","ping_status":"closed","template":"","meta":{"footnotes":""},"yoast_head":"<!-- This site is optimized with the Yoast SEO plugin v22.9 - https:\/\/yoast.com\/wordpress\/plugins\/seo\/ -->\n<title>Intervista - It&#039;s all Banking &amp; Insurance<\/title>\n<meta name=\"robots\" content=\"index, follow, max-snippet:-1, max-image-preview:large, max-video-preview:-1\" \/>\n<link rel=\"canonical\" href=\"https:\/\/itsall-banking-insurance.com\/index.php\/saibene-pwc-cerved\/\" \/>\n<meta property=\"og:locale\" content=\"it_IT\" \/>\n<meta property=\"og:type\" content=\"article\" \/>\n<meta property=\"og:title\" content=\"Intervista - It&#039;s all Banking &amp; Insurance\" \/>\n<meta property=\"og:description\" content=\"[vc_row css=&#8221;.vc_custom_1681490819972{padding-top: 20px !important;}&#8221;][vc_column width=&#8221;5\/6&#8243;][vc_single_image image=&#8221;6323&#8243; img_size=&#8221;full&#8221; style=&#8221;vc_box_border_circle_2&#8243;][vc_column_text]Elena Saibene Head of Operations Pro Web Consulting &#8211; Cerved Group[\/vc_column_text][\/vc_column][vc_column width=&#8221;1\/6&#8243;][vc_single_image image=&#8221;6261&#8243;][\/vc_column][\/vc_row][vc_row][vc_column][vc_column_text] Negli ultimi anni assistiamo a un\u2019evoluzione dello User Journey che ci porta dal classico modello di funnel verso un modello pi\u00f9 complesso (mi riferisco al Messy Middle, il modello proposto da Google). Qual \u00e8 l\u2019impatto [&hellip;]\" \/>\n<meta property=\"og:url\" content=\"https:\/\/itsall-banking-insurance.com\/index.php\/saibene-pwc-cerved\/\" \/>\n<meta property=\"og:site_name\" content=\"It&#039;s all Banking &amp; Insurance\" \/>\n<meta property=\"article:modified_time\" content=\"2023-05-10T12:25:55+00:00\" \/>\n<meta name=\"twitter:card\" content=\"summary_large_image\" \/>\n<meta name=\"twitter:label1\" content=\"Tempo di lettura stimato\" \/>\n\t<meta name=\"twitter:data1\" content=\"4 minuti\" \/>\n<script type=\"application\/ld+json\" class=\"yoast-schema-graph\">{\"@context\":\"https:\/\/schema.org\",\"@graph\":[{\"@type\":\"WebPage\",\"@id\":\"https:\/\/itsall-banking-insurance.com\/index.php\/saibene-pwc-cerved\/\",\"url\":\"https:\/\/itsall-banking-insurance.com\/index.php\/saibene-pwc-cerved\/\",\"name\":\"Intervista - It&#039;s all Banking &amp; Insurance\",\"isPartOf\":{\"@id\":\"https:\/\/itsall-banking-insurance.com\/#website\"},\"datePublished\":\"2023-05-10T10:57:27+00:00\",\"dateModified\":\"2023-05-10T12:25:55+00:00\",\"breadcrumb\":{\"@id\":\"https:\/\/itsall-banking-insurance.com\/index.php\/saibene-pwc-cerved\/#breadcrumb\"},\"inLanguage\":\"it-IT\",\"potentialAction\":[{\"@type\":\"ReadAction\",\"target\":[\"https:\/\/itsall-banking-insurance.com\/index.php\/saibene-pwc-cerved\/\"]}]},{\"@type\":\"BreadcrumbList\",\"@id\":\"https:\/\/itsall-banking-insurance.com\/index.php\/saibene-pwc-cerved\/#breadcrumb\",\"itemListElement\":[{\"@type\":\"ListItem\",\"position\":1,\"name\":\"Home\",\"item\":\"https:\/\/itsall-banking-insurance.com\/\"},{\"@type\":\"ListItem\",\"position\":2,\"name\":\"Intervista\"}]},{\"@type\":\"WebSite\",\"@id\":\"https:\/\/itsall-banking-insurance.com\/#website\",\"url\":\"https:\/\/itsall-banking-insurance.com\/\",\"name\":\"It&#039;s all Banking &amp; Insurance\",\"description\":\"BANCHE e ASSICURAZIONI a confronto\",\"potentialAction\":[{\"@type\":\"SearchAction\",\"target\":{\"@type\":\"EntryPoint\",\"urlTemplate\":\"https:\/\/itsall-banking-insurance.com\/?s={search_term_string}\"},\"query-input\":\"required name=search_term_string\"}],\"inLanguage\":\"it-IT\"}]}<\/script>\n<!-- \/ Yoast SEO plugin. -->","yoast_head_json":{"title":"Intervista - It&#039;s all Banking &amp; Insurance","robots":{"index":"index","follow":"follow","max-snippet":"max-snippet:-1","max-image-preview":"max-image-preview:large","max-video-preview":"max-video-preview:-1"},"canonical":"https:\/\/itsall-banking-insurance.com\/index.php\/saibene-pwc-cerved\/","og_locale":"it_IT","og_type":"article","og_title":"Intervista - It&#039;s all Banking &amp; Insurance","og_description":"[vc_row css=&#8221;.vc_custom_1681490819972{padding-top: 20px !important;}&#8221;][vc_column width=&#8221;5\/6&#8243;][vc_single_image image=&#8221;6323&#8243; img_size=&#8221;full&#8221; style=&#8221;vc_box_border_circle_2&#8243;][vc_column_text]Elena Saibene Head of Operations Pro Web Consulting &#8211; Cerved Group[\/vc_column_text][\/vc_column][vc_column width=&#8221;1\/6&#8243;][vc_single_image image=&#8221;6261&#8243;][\/vc_column][\/vc_row][vc_row][vc_column][vc_column_text] Negli ultimi anni assistiamo a un\u2019evoluzione dello User Journey che ci porta dal classico modello di funnel verso un modello pi\u00f9 complesso (mi riferisco al Messy Middle, il modello proposto da Google). Qual \u00e8 l\u2019impatto [&hellip;]","og_url":"https:\/\/itsall-banking-insurance.com\/index.php\/saibene-pwc-cerved\/","og_site_name":"It&#039;s all Banking &amp; Insurance","article_modified_time":"2023-05-10T12:25:55+00:00","twitter_card":"summary_large_image","twitter_misc":{"Tempo di lettura stimato":"4 minuti"},"schema":{"@context":"https:\/\/schema.org","@graph":[{"@type":"WebPage","@id":"https:\/\/itsall-banking-insurance.com\/index.php\/saibene-pwc-cerved\/","url":"https:\/\/itsall-banking-insurance.com\/index.php\/saibene-pwc-cerved\/","name":"Intervista - It&#039;s all Banking &amp; Insurance","isPartOf":{"@id":"https:\/\/itsall-banking-insurance.com\/#website"},"datePublished":"2023-05-10T10:57:27+00:00","dateModified":"2023-05-10T12:25:55+00:00","breadcrumb":{"@id":"https:\/\/itsall-banking-insurance.com\/index.php\/saibene-pwc-cerved\/#breadcrumb"},"inLanguage":"it-IT","potentialAction":[{"@type":"ReadAction","target":["https:\/\/itsall-banking-insurance.com\/index.php\/saibene-pwc-cerved\/"]}]},{"@type":"BreadcrumbList","@id":"https:\/\/itsall-banking-insurance.com\/index.php\/saibene-pwc-cerved\/#breadcrumb","itemListElement":[{"@type":"ListItem","position":1,"name":"Home","item":"https:\/\/itsall-banking-insurance.com\/"},{"@type":"ListItem","position":2,"name":"Intervista"}]},{"@type":"WebSite","@id":"https:\/\/itsall-banking-insurance.com\/#website","url":"https:\/\/itsall-banking-insurance.com\/","name":"It&#039;s all Banking &amp; Insurance","description":"BANCHE e ASSICURAZIONI a confronto","potentialAction":[{"@type":"SearchAction","target":{"@type":"EntryPoint","urlTemplate":"https:\/\/itsall-banking-insurance.com\/?s={search_term_string}"},"query-input":"required name=search_term_string"}],"inLanguage":"it-IT"}]}},"_links":{"self":[{"href":"https:\/\/itsall-banking-insurance.com\/index.php\/wp-json\/wp\/v2\/pages\/6352"}],"collection":[{"href":"https:\/\/itsall-banking-insurance.com\/index.php\/wp-json\/wp\/v2\/pages"}],"about":[{"href":"https:\/\/itsall-banking-insurance.com\/index.php\/wp-json\/wp\/v2\/types\/page"}],"author":[{"embeddable":true,"href":"https:\/\/itsall-banking-insurance.com\/index.php\/wp-json\/wp\/v2\/users\/2"}],"replies":[{"embeddable":true,"href":"https:\/\/itsall-banking-insurance.com\/index.php\/wp-json\/wp\/v2\/comments?post=6352"}],"version-history":[{"count":3,"href":"https:\/\/itsall-banking-insurance.com\/index.php\/wp-json\/wp\/v2\/pages\/6352\/revisions"}],"predecessor-version":[{"id":6356,"href":"https:\/\/itsall-banking-insurance.com\/index.php\/wp-json\/wp\/v2\/pages\/6352\/revisions\/6356"}],"wp:attachment":[{"href":"https:\/\/itsall-banking-insurance.com\/index.php\/wp-json\/wp\/v2\/media?parent=6352"}],"curies":[{"name":"wp","href":"https:\/\/api.w.org\/{rel}","templated":true}]}}