{"id":6842,"date":"2024-04-05T10:43:11","date_gmt":"2024-04-05T08:43:11","guid":{"rendered":"https:\/\/itsall-banking-insurance.com\/?page_id=6842"},"modified":"2024-04-05T10:48:02","modified_gmt":"2024-04-05T08:48:02","slug":"intervista-alessandro-monico-expert-ai","status":"publish","type":"page","link":"https:\/\/itsall-banking-insurance.com\/index.php\/intervista-alessandro-monico-expert-ai\/","title":{"rendered":"Intervista"},"content":{"rendered":"<p>[vc_row css=&#8221;.vc_custom_1681490819972{padding-top: 20px !important;}&#8221;][vc_column width=&#8221;5\/6&#8243;][vc_single_image image=&#8221;6766&#8243; img_size=&#8221;full&#8221; style=&#8221;vc_box_border_circle_2&#8243;][vc_column_text]<strong>Alessandro Monico<\/strong> VP Italy Sales Corporate Division <strong>EXPERT.AI<\/strong>[\/vc_column_text][\/vc_column][vc_column width=&#8221;1\/6&#8243;][vc_single_image image=&#8221;6261&#8243;][\/vc_column][\/vc_row][vc_row][vc_column][vc_column_text]<\/p>\n<h2><span style=\"color: #333333;\">Quali sono le aree di applicazione in cui l\u2019intelligenza artificiale pu\u00f2 fare la differenza nel settore delle banche?<\/span><\/h2>\n<p>Quello cui stiamo assistendo nel mercato delle banche e, in generale, nel settore finanziario \u00e8 una rapida e incrementale diffusione di servizi e processi basati su progetti innovativi abilitati da tecnologie di intelligenza artificiale.<br \/>\nIn base alla nostra esperienza [n.d.r.: expert.ai \u00e8 azienda di riferimento in ambito AI, da oltre 20 anni sviluppa progetti di AI nel mondo delle aziende, con particolare riferimento proprio al settore finanziario e con all\u2019attivo centinaia di progetti reali, di successo], non solo attivit\u00e0 puntuali e task specifici ma interi processi di business stanno gi\u00e0 beneficiando delle potenzialit\u00e0 di queste tecnologie. Dall\u2019analisi di informazioni critiche al knowledge management, dall\u2019interazione digitale con i clienti in natural language al monitoraggio di rischi e compliance.<br \/>\nIndipendentemente dall\u2019ambito applicativo, noi riteniamo fondamentale adottare un approccio veramente orientato a supportare il cliente nella scelta delle tecnologie abilitanti. Questo consente di identificare le migliori soluzioni di AI da implementare o integrare in processi, applicazioni e specifici use case, in pratica sfruttando il meglio di diverse tecnologie: analisi linguistica e knowledge graph, tecniche di apprendimento automatico \u2013 machine\/deep learning &#8211; large language models e generative AI. Si pu\u00f2 spaziare dalla capacit\u00e0 di semplificare e velocizzare le procedure di know your customer e i controlli preventivi in ambito antiriciclaggio a un efficace supporto per la gestione dei rischi ESG e i processi di regulatory tracking &amp; change management; dall\u2019assistenza ai clienti e al personale interno, automatizzando la categorizzazione di mail, richieste di assistenza, commenti e altri contenuti dinamici come blog e social network&#8230; alla gestione automatica di qualsiasi documento di business su larga scala (contratti, testi normativi, report, articoli e notizie). Considerata la capacit\u00e0 pervasiva dell\u2019AI in termini di efficienza e risparmio dei costi, \u00e8 pi\u00f9 che ragionevole pensare che nel lungo periodo saranno proprio le tecnologie di AI a costituire la nuova legacy nel mondo bancario e nell\u2019ecosistema finanziario.<\/p>\n<p>&nbsp;<\/p>\n<h2><span style=\"color: #333333;\">A proposito di \u201ccompliance\u201d quali sono le aree e le motivazioni per cui l\u2019AI possa rappresentare un vantaggio per le istituzioni finanziarie?<\/span><\/h2>\n<p>I costi totali che un\u2019organizzazione finanziaria deve sopportare a livello di compliance sono elevatissimi e spaziano da quelli dedicati alla rivisitazione di alcuni processi all\u2019introduzione di vere e proprie nuove tematiche e procedure da soddisfare per stare sul mercato.<br \/>\nL\u2019AI pu\u00f2 senz\u2019altro essere un driver importante per ridurre i tempi di evasione di alcuni processi grazie alla capacit\u00e0 di analizzare molte pi\u00f9 informazioni nell\u2019intervallo di tempo e coinvolgendo gli analisti nell\u2019ultimo miglio di giudizio per aggiungere valore alle informazioni gi\u00e0 \u201cscremate\u201d da un sistema evoluto.<br \/>\n\u00c8 questo il caso ad esempio dell\u2019utilizzo di algoritmi in grado di analizzare migliaia di news ai fini dell\u2019antiriciclaggio in cui il solo utilizzo di personale specializzato renderebbe impossibile l\u2019effettuazione del processo con un rapporto costo\/efficacia sostenibile.<br \/>\nUn altro ambito \u00e8 per certi versi completamente opposto al precedente e risiede nella capacit\u00e0 di fare emergere dai documenti poche informazioni &#8211; ma molto sensibili &#8211; grazie alle quali possono essere innescati processi di revisione particolarmente rilevanti per le istituzioni finanziarie.<br \/>\nQuotidianamente, varie istituzioni emettono norme e leggi che possono impattare significativamente sulle banche e per questo motivo riuscire a interpretare velocemente e puntualmente le parti che potrebbero aver una ricaduta sull\u2019istituzione pu\u00f2 determinare un vantaggio competitivo importante per le aziende che adottano strumenti di AI utili a questo scopo.[\/vc_column_text][\/vc_column][\/vc_row]<\/p>\n","protected":false},"excerpt":{"rendered":"<p>[vc_row css=&#8221;.vc_custom_1681490819972{padding-top: 20px !important;}&#8221;][vc_column width=&#8221;5\/6&#8243;][vc_single_image image=&#8221;6766&#8243; img_size=&#8221;full&#8221; style=&#8221;vc_box_border_circle_2&#8243;][vc_column_text]Alessandro Monico VP Italy Sales Corporate Division EXPERT.AI[\/vc_column_text][\/vc_column][vc_column width=&#8221;1\/6&#8243;][vc_single_image image=&#8221;6261&#8243;][\/vc_column][\/vc_row][vc_row][vc_column][vc_column_text] Quali sono le aree di applicazione in cui l\u2019intelligenza artificiale pu\u00f2 fare la differenza nel settore delle banche? Quello cui stiamo assistendo nel mercato delle banche e, in generale, nel settore finanziario \u00e8 una rapida e incrementale diffusione [&hellip;]<\/p>\n","protected":false},"author":2,"featured_media":0,"parent":0,"menu_order":0,"comment_status":"closed","ping_status":"closed","template":"","meta":{"footnotes":""},"yoast_head":"<!-- This site is optimized with the Yoast SEO plugin v22.9 - https:\/\/yoast.com\/wordpress\/plugins\/seo\/ -->\n<title>Intervista - It&#039;s all Banking &amp; Insurance<\/title>\n<meta name=\"robots\" content=\"index, follow, max-snippet:-1, max-image-preview:large, max-video-preview:-1\" \/>\n<link rel=\"canonical\" href=\"https:\/\/itsall-banking-insurance.com\/index.php\/intervista-alessandro-monico-expert-ai\/\" \/>\n<meta property=\"og:locale\" content=\"it_IT\" \/>\n<meta property=\"og:type\" content=\"article\" \/>\n<meta property=\"og:title\" content=\"Intervista - It&#039;s all Banking &amp; Insurance\" \/>\n<meta property=\"og:description\" content=\"[vc_row css=&#8221;.vc_custom_1681490819972{padding-top: 20px !important;}&#8221;][vc_column width=&#8221;5\/6&#8243;][vc_single_image image=&#8221;6766&#8243; img_size=&#8221;full&#8221; style=&#8221;vc_box_border_circle_2&#8243;][vc_column_text]Alessandro Monico VP Italy Sales Corporate Division EXPERT.AI[\/vc_column_text][\/vc_column][vc_column width=&#8221;1\/6&#8243;][vc_single_image image=&#8221;6261&#8243;][\/vc_column][\/vc_row][vc_row][vc_column][vc_column_text] Quali sono le aree di applicazione in cui l\u2019intelligenza artificiale pu\u00f2 fare la differenza nel settore delle banche? Quello cui stiamo assistendo nel mercato delle banche e, in generale, nel settore finanziario \u00e8 una rapida e incrementale diffusione [&hellip;]\" \/>\n<meta property=\"og:url\" content=\"https:\/\/itsall-banking-insurance.com\/index.php\/intervista-alessandro-monico-expert-ai\/\" \/>\n<meta property=\"og:site_name\" content=\"It&#039;s all Banking &amp; Insurance\" \/>\n<meta property=\"article:modified_time\" content=\"2024-04-05T08:48:02+00:00\" \/>\n<meta name=\"twitter:card\" content=\"summary_large_image\" \/>\n<meta name=\"twitter:label1\" content=\"Tempo di lettura stimato\" \/>\n\t<meta name=\"twitter:data1\" content=\"3 minuti\" \/>\n<script type=\"application\/ld+json\" class=\"yoast-schema-graph\">{\"@context\":\"https:\/\/schema.org\",\"@graph\":[{\"@type\":\"WebPage\",\"@id\":\"https:\/\/itsall-banking-insurance.com\/index.php\/intervista-alessandro-monico-expert-ai\/\",\"url\":\"https:\/\/itsall-banking-insurance.com\/index.php\/intervista-alessandro-monico-expert-ai\/\",\"name\":\"Intervista - It&#039;s all Banking &amp; Insurance\",\"isPartOf\":{\"@id\":\"https:\/\/itsall-banking-insurance.com\/#website\"},\"datePublished\":\"2024-04-05T08:43:11+00:00\",\"dateModified\":\"2024-04-05T08:48:02+00:00\",\"breadcrumb\":{\"@id\":\"https:\/\/itsall-banking-insurance.com\/index.php\/intervista-alessandro-monico-expert-ai\/#breadcrumb\"},\"inLanguage\":\"it-IT\",\"potentialAction\":[{\"@type\":\"ReadAction\",\"target\":[\"https:\/\/itsall-banking-insurance.com\/index.php\/intervista-alessandro-monico-expert-ai\/\"]}]},{\"@type\":\"BreadcrumbList\",\"@id\":\"https:\/\/itsall-banking-insurance.com\/index.php\/intervista-alessandro-monico-expert-ai\/#breadcrumb\",\"itemListElement\":[{\"@type\":\"ListItem\",\"position\":1,\"name\":\"Home\",\"item\":\"https:\/\/itsall-banking-insurance.com\/\"},{\"@type\":\"ListItem\",\"position\":2,\"name\":\"Intervista\"}]},{\"@type\":\"WebSite\",\"@id\":\"https:\/\/itsall-banking-insurance.com\/#website\",\"url\":\"https:\/\/itsall-banking-insurance.com\/\",\"name\":\"It&#039;s all Banking &amp; Insurance\",\"description\":\"BANCHE e ASSICURAZIONI a confronto\",\"potentialAction\":[{\"@type\":\"SearchAction\",\"target\":{\"@type\":\"EntryPoint\",\"urlTemplate\":\"https:\/\/itsall-banking-insurance.com\/?s={search_term_string}\"},\"query-input\":\"required name=search_term_string\"}],\"inLanguage\":\"it-IT\"}]}<\/script>\n<!-- \/ Yoast SEO plugin. -->","yoast_head_json":{"title":"Intervista - It&#039;s all Banking &amp; Insurance","robots":{"index":"index","follow":"follow","max-snippet":"max-snippet:-1","max-image-preview":"max-image-preview:large","max-video-preview":"max-video-preview:-1"},"canonical":"https:\/\/itsall-banking-insurance.com\/index.php\/intervista-alessandro-monico-expert-ai\/","og_locale":"it_IT","og_type":"article","og_title":"Intervista - It&#039;s all Banking &amp; Insurance","og_description":"[vc_row css=&#8221;.vc_custom_1681490819972{padding-top: 20px !important;}&#8221;][vc_column width=&#8221;5\/6&#8243;][vc_single_image image=&#8221;6766&#8243; img_size=&#8221;full&#8221; style=&#8221;vc_box_border_circle_2&#8243;][vc_column_text]Alessandro Monico VP Italy Sales Corporate Division EXPERT.AI[\/vc_column_text][\/vc_column][vc_column width=&#8221;1\/6&#8243;][vc_single_image image=&#8221;6261&#8243;][\/vc_column][\/vc_row][vc_row][vc_column][vc_column_text] Quali sono le aree di applicazione in cui l\u2019intelligenza artificiale pu\u00f2 fare la differenza nel settore delle banche? Quello cui stiamo assistendo nel mercato delle banche e, in generale, nel settore finanziario \u00e8 una rapida e incrementale diffusione [&hellip;]","og_url":"https:\/\/itsall-banking-insurance.com\/index.php\/intervista-alessandro-monico-expert-ai\/","og_site_name":"It&#039;s all Banking &amp; Insurance","article_modified_time":"2024-04-05T08:48:02+00:00","twitter_card":"summary_large_image","twitter_misc":{"Tempo di lettura stimato":"3 minuti"},"schema":{"@context":"https:\/\/schema.org","@graph":[{"@type":"WebPage","@id":"https:\/\/itsall-banking-insurance.com\/index.php\/intervista-alessandro-monico-expert-ai\/","url":"https:\/\/itsall-banking-insurance.com\/index.php\/intervista-alessandro-monico-expert-ai\/","name":"Intervista - It&#039;s all Banking &amp; Insurance","isPartOf":{"@id":"https:\/\/itsall-banking-insurance.com\/#website"},"datePublished":"2024-04-05T08:43:11+00:00","dateModified":"2024-04-05T08:48:02+00:00","breadcrumb":{"@id":"https:\/\/itsall-banking-insurance.com\/index.php\/intervista-alessandro-monico-expert-ai\/#breadcrumb"},"inLanguage":"it-IT","potentialAction":[{"@type":"ReadAction","target":["https:\/\/itsall-banking-insurance.com\/index.php\/intervista-alessandro-monico-expert-ai\/"]}]},{"@type":"BreadcrumbList","@id":"https:\/\/itsall-banking-insurance.com\/index.php\/intervista-alessandro-monico-expert-ai\/#breadcrumb","itemListElement":[{"@type":"ListItem","position":1,"name":"Home","item":"https:\/\/itsall-banking-insurance.com\/"},{"@type":"ListItem","position":2,"name":"Intervista"}]},{"@type":"WebSite","@id":"https:\/\/itsall-banking-insurance.com\/#website","url":"https:\/\/itsall-banking-insurance.com\/","name":"It&#039;s all Banking &amp; Insurance","description":"BANCHE e ASSICURAZIONI a confronto","potentialAction":[{"@type":"SearchAction","target":{"@type":"EntryPoint","urlTemplate":"https:\/\/itsall-banking-insurance.com\/?s={search_term_string}"},"query-input":"required name=search_term_string"}],"inLanguage":"it-IT"}]}},"_links":{"self":[{"href":"https:\/\/itsall-banking-insurance.com\/index.php\/wp-json\/wp\/v2\/pages\/6842"}],"collection":[{"href":"https:\/\/itsall-banking-insurance.com\/index.php\/wp-json\/wp\/v2\/pages"}],"about":[{"href":"https:\/\/itsall-banking-insurance.com\/index.php\/wp-json\/wp\/v2\/types\/page"}],"author":[{"embeddable":true,"href":"https:\/\/itsall-banking-insurance.com\/index.php\/wp-json\/wp\/v2\/users\/2"}],"replies":[{"embeddable":true,"href":"https:\/\/itsall-banking-insurance.com\/index.php\/wp-json\/wp\/v2\/comments?post=6842"}],"version-history":[{"count":4,"href":"https:\/\/itsall-banking-insurance.com\/index.php\/wp-json\/wp\/v2\/pages\/6842\/revisions"}],"predecessor-version":[{"id":6845,"href":"https:\/\/itsall-banking-insurance.com\/index.php\/wp-json\/wp\/v2\/pages\/6842\/revisions\/6845"}],"wp:attachment":[{"href":"https:\/\/itsall-banking-insurance.com\/index.php\/wp-json\/wp\/v2\/media?parent=6842"}],"curies":[{"name":"wp","href":"https:\/\/api.w.org\/{rel}","templated":true}]}}