{"id":6987,"date":"2024-05-13T18:01:09","date_gmt":"2024-05-13T16:01:09","guid":{"rendered":"https:\/\/itsall-banking-insurance.com\/?page_id=6987"},"modified":"2024-05-13T18:12:58","modified_gmt":"2024-05-13T16:12:58","slug":"intervista-mattia-paolo-schiavon-quadient","status":"publish","type":"page","link":"https:\/\/itsall-banking-insurance.com\/index.php\/intervista-mattia-paolo-schiavon-quadient\/","title":{"rendered":"Intervista"},"content":{"rendered":"<p>[vc_row css=&#8221;.vc_custom_1681490819972{padding-top: 20px !important;}&#8221;][vc_column width=&#8221;5\/6&#8243;][vc_single_image image=&#8221;6968&#8243; img_size=&#8221;full&#8221; style=&#8221;vc_box_border_circle_2&#8243;][vc_column_text]<strong>Mattia Paolo Schiavon <\/strong>Enterprise Sales Manager<strong> QUADIENT<\/strong>[\/vc_column_text][\/vc_column][vc_column width=&#8221;1\/6&#8243;][vc_single_image image=&#8221;6261&#8243;][\/vc_column][\/vc_row][vc_row][vc_column][vc_column_text]<\/p>\n<h2><span style=\"color: #333333;\">Quali sono i principali vantaggi dell\u2019approccio phygital nel settore bancario e quali strumenti permettono di avere il time to market adatto a cogliere le opportunit\u00e0 di mercato con tempestivit\u00e0?<\/span><\/h2>\n<p>Uno dei principali vantaggi dell\u2019approccio Phygital \u00e8 la sua capacit\u00e0 di fornire ai clienti interazioni fluide attraverso tutti i canali. Utilizzando una combinazione di uffici fisici e piattaforme digitali si pu\u00f2 venire incontro alle diverse preferenze di contatto dei clienti, che ormai al giorno d\u2019oggi si aspettano di poter interloquire con la propria banca in omnicanalit\u00e0.<\/p>\n<p>Andando quindi a caratterizzare la piattaforma abilitante, il nostro approcio prevede di fornire uno strumento per creazione di documenti e la gestione delle comunicazioni utilizzabile da utenti non tecnici, senza la necessit\u00e0 di complessi interventi del dipartimento IT, questo al fine di rendere gli utenti delle Linee di Business autonomi per la modifica e la gestione di comunicazioni personalizzate, e di conseguenza andare a ridurre il time to market complessivo.<\/p>\n<p>In termini di crescita dei ricavi, l\u2019approccio Phygital presenta opportunit\u00e0 di cross-selling e upselling di prodotti e servizi. Sfruttando i dati dei clienti e i canali digitali, le banche possono identificare offerte rilevanti e indirizzare i clienti con soluzioni e comunicazioni altamente personalizzate. Ci\u00f2 non solo genera entrate aggiuntive, ma rafforza anche le relazioni con i clienti e favorisce la fidelizzazione a lungo termine. Questo aspetto pu\u00f2 essere ulteriormente amplificato mediante l\u2019adozioni di soluzioni di Customer Journey Mapping, che danno una una visione della soddisfazione dei clienti attraverso tutti i canali e tutti i touchpoints, e consentono di orchestrare e modificare in realtime le comunicazioni ed adattarle alle specifiche preferenze del cliente.<\/p>\n<p>L\u2019approccio Phygital migliora anche l\u2019efficienza operativa: digitalizzando i processi le banche possono semplificare i flussi di lavoro e ridurre i costi. Ci\u00f2 non solo migliora l\u2019efficienza, ma consente anche tempi di risposta pi\u00f9 rapidi, nonch\u00e8 come vedevamo un time to market decisamente pi\u00f9 performante<\/p>\n<p>Nel complesso, l\u2019approccio Phygital rappresenta un cambiamento ineluttabile, offrendo un quadro olistico che combina il meglio delle capacit\u00e0 fisiche e digitali. Adottando questo approccio, si pu\u00f2 restare al passo con i tempi, offrendo una customer experience superiore, promuovendo l\u2019eccellenza operativa e aprendo nuove strade per la crescita in un panorama in continua evoluzione.<\/p>\n<p>&nbsp;<\/p>\n<p>&nbsp;<\/p>\n<h2><span style=\"color: #333333;\"><strong>A Giugno 2025 entrer\u00e0 in vigore la nuova normativa europea per l\u2019Accessibilit\u00e0 dei documenti, come si sta muovendo Quadient in questa direzione?<\/strong><\/span><\/h2>\n<p><strong>\u00a0<\/strong>A giugno 2025 la EAA (European accessibility act) entrer\u00e0 definitivamente in vigore. Quadient ha iniziato fin da subito a lavorare sulla tematica dell\u2019accessibilit\u00e0, recependo gia nel 2012 le prime indicazioni.<\/p>\n<p>A partire dal 2014 Quadient non solo ha seguito le direttive, ma \u00e8 diventata parte integrante del processo di cambiamento, partecipando attivamente ai panel globali per la definizione dei requisiti tecnici che stanno dietro alle normative, fino a contemplare oggi tutti gli aspetti contenuti nel protocollo WCAG 2.1.<\/p>\n<p>La piattaforma Quadient Inspire produce infatti nativamente il formato PDF\/UA \u2013 ottenibile semplicemente flaggando nel ns Sistema l\u2019output. Ma non ci limitiamo a questo: infatti diamo la possibilit\u00e0 anche a coloro i quali abbiano creato i propri documenti con altre soluzioni e altri tool \u2013 di convertirli nel formato corretto e renderli accessibili.<\/p>\n<p>Disponiamo infatti di un modulo della ns soluzione per convertire e rendere compatibili anche PDF tradizionali, andando ad aggiungere i necessari tag ai paragrafi, alle immagini e alle tabelle contenuti nei vari documenti, di modo da rendere i testi interpretabili dai tool di lettura per gli utenti ipovedenti e non vedenti.<\/p>\n<p>Tutto questo non solo per consentire ai ns clienti di rispondere ai requisiti di legge, ma anche per andare a rendere tutte le comunicazioni sempre pi\u00f9 inclusive e in definitiva a migliorare la Customer Experience di tutti gli utenti.<\/p>\n<p>[\/vc_column_text][\/vc_column][\/vc_row]<\/p>\n","protected":false},"excerpt":{"rendered":"<p>[vc_row css=&#8221;.vc_custom_1681490819972{padding-top: 20px !important;}&#8221;][vc_column width=&#8221;5\/6&#8243;][vc_single_image image=&#8221;6968&#8243; img_size=&#8221;full&#8221; style=&#8221;vc_box_border_circle_2&#8243;][vc_column_text]Mattia Paolo Schiavon Enterprise Sales Manager QUADIENT[\/vc_column_text][\/vc_column][vc_column width=&#8221;1\/6&#8243;][vc_single_image image=&#8221;6261&#8243;][\/vc_column][\/vc_row][vc_row][vc_column][vc_column_text] Quali sono i principali vantaggi dell\u2019approccio phygital nel settore bancario e quali strumenti permettono di avere il time to market adatto a cogliere le opportunit\u00e0 di mercato con tempestivit\u00e0? Uno dei principali vantaggi dell\u2019approccio Phygital \u00e8 la sua capacit\u00e0 [&hellip;]<\/p>\n","protected":false},"author":2,"featured_media":0,"parent":0,"menu_order":0,"comment_status":"closed","ping_status":"closed","template":"","meta":{"footnotes":""},"yoast_head":"<!-- This site is optimized with the Yoast SEO plugin v22.9 - https:\/\/yoast.com\/wordpress\/plugins\/seo\/ -->\n<title>Intervista - It&#039;s all Banking &amp; Insurance<\/title>\n<meta name=\"robots\" content=\"index, follow, max-snippet:-1, max-image-preview:large, max-video-preview:-1\" \/>\n<link rel=\"canonical\" href=\"https:\/\/itsall-banking-insurance.com\/index.php\/intervista-mattia-paolo-schiavon-quadient\/\" \/>\n<meta property=\"og:locale\" content=\"it_IT\" \/>\n<meta property=\"og:type\" content=\"article\" \/>\n<meta property=\"og:title\" content=\"Intervista - It&#039;s all Banking &amp; Insurance\" \/>\n<meta property=\"og:description\" content=\"[vc_row css=&#8221;.vc_custom_1681490819972{padding-top: 20px !important;}&#8221;][vc_column width=&#8221;5\/6&#8243;][vc_single_image image=&#8221;6968&#8243; img_size=&#8221;full&#8221; style=&#8221;vc_box_border_circle_2&#8243;][vc_column_text]Mattia Paolo Schiavon Enterprise Sales Manager QUADIENT[\/vc_column_text][\/vc_column][vc_column width=&#8221;1\/6&#8243;][vc_single_image image=&#8221;6261&#8243;][\/vc_column][\/vc_row][vc_row][vc_column][vc_column_text] Quali sono i principali vantaggi dell\u2019approccio phygital nel settore bancario e quali strumenti permettono di avere il time to market adatto a cogliere le opportunit\u00e0 di mercato con tempestivit\u00e0? Uno dei principali vantaggi dell\u2019approccio Phygital \u00e8 la sua capacit\u00e0 [&hellip;]\" \/>\n<meta property=\"og:url\" content=\"https:\/\/itsall-banking-insurance.com\/index.php\/intervista-mattia-paolo-schiavon-quadient\/\" \/>\n<meta property=\"og:site_name\" content=\"It&#039;s all Banking &amp; Insurance\" \/>\n<meta property=\"article:modified_time\" content=\"2024-05-13T16:12:58+00:00\" \/>\n<meta name=\"twitter:card\" content=\"summary_large_image\" \/>\n<meta name=\"twitter:label1\" content=\"Tempo di lettura stimato\" \/>\n\t<meta name=\"twitter:data1\" content=\"3 minuti\" \/>\n<script type=\"application\/ld+json\" class=\"yoast-schema-graph\">{\"@context\":\"https:\/\/schema.org\",\"@graph\":[{\"@type\":\"WebPage\",\"@id\":\"https:\/\/itsall-banking-insurance.com\/index.php\/intervista-mattia-paolo-schiavon-quadient\/\",\"url\":\"https:\/\/itsall-banking-insurance.com\/index.php\/intervista-mattia-paolo-schiavon-quadient\/\",\"name\":\"Intervista - It&#039;s all Banking &amp; Insurance\",\"isPartOf\":{\"@id\":\"https:\/\/itsall-banking-insurance.com\/#website\"},\"datePublished\":\"2024-05-13T16:01:09+00:00\",\"dateModified\":\"2024-05-13T16:12:58+00:00\",\"breadcrumb\":{\"@id\":\"https:\/\/itsall-banking-insurance.com\/index.php\/intervista-mattia-paolo-schiavon-quadient\/#breadcrumb\"},\"inLanguage\":\"it-IT\",\"potentialAction\":[{\"@type\":\"ReadAction\",\"target\":[\"https:\/\/itsall-banking-insurance.com\/index.php\/intervista-mattia-paolo-schiavon-quadient\/\"]}]},{\"@type\":\"BreadcrumbList\",\"@id\":\"https:\/\/itsall-banking-insurance.com\/index.php\/intervista-mattia-paolo-schiavon-quadient\/#breadcrumb\",\"itemListElement\":[{\"@type\":\"ListItem\",\"position\":1,\"name\":\"Home\",\"item\":\"https:\/\/itsall-banking-insurance.com\/\"},{\"@type\":\"ListItem\",\"position\":2,\"name\":\"Intervista\"}]},{\"@type\":\"WebSite\",\"@id\":\"https:\/\/itsall-banking-insurance.com\/#website\",\"url\":\"https:\/\/itsall-banking-insurance.com\/\",\"name\":\"It&#039;s all Banking &amp; Insurance\",\"description\":\"BANCHE e ASSICURAZIONI a confronto\",\"potentialAction\":[{\"@type\":\"SearchAction\",\"target\":{\"@type\":\"EntryPoint\",\"urlTemplate\":\"https:\/\/itsall-banking-insurance.com\/?s={search_term_string}\"},\"query-input\":\"required name=search_term_string\"}],\"inLanguage\":\"it-IT\"}]}<\/script>\n<!-- \/ Yoast SEO plugin. -->","yoast_head_json":{"title":"Intervista - It&#039;s all Banking &amp; Insurance","robots":{"index":"index","follow":"follow","max-snippet":"max-snippet:-1","max-image-preview":"max-image-preview:large","max-video-preview":"max-video-preview:-1"},"canonical":"https:\/\/itsall-banking-insurance.com\/index.php\/intervista-mattia-paolo-schiavon-quadient\/","og_locale":"it_IT","og_type":"article","og_title":"Intervista - It&#039;s all Banking &amp; Insurance","og_description":"[vc_row css=&#8221;.vc_custom_1681490819972{padding-top: 20px !important;}&#8221;][vc_column width=&#8221;5\/6&#8243;][vc_single_image image=&#8221;6968&#8243; img_size=&#8221;full&#8221; style=&#8221;vc_box_border_circle_2&#8243;][vc_column_text]Mattia Paolo Schiavon Enterprise Sales Manager QUADIENT[\/vc_column_text][\/vc_column][vc_column width=&#8221;1\/6&#8243;][vc_single_image image=&#8221;6261&#8243;][\/vc_column][\/vc_row][vc_row][vc_column][vc_column_text] Quali sono i principali vantaggi dell\u2019approccio phygital nel settore bancario e quali strumenti permettono di avere il time to market adatto a cogliere le opportunit\u00e0 di mercato con tempestivit\u00e0? Uno dei principali vantaggi dell\u2019approccio Phygital \u00e8 la sua capacit\u00e0 [&hellip;]","og_url":"https:\/\/itsall-banking-insurance.com\/index.php\/intervista-mattia-paolo-schiavon-quadient\/","og_site_name":"It&#039;s all Banking &amp; Insurance","article_modified_time":"2024-05-13T16:12:58+00:00","twitter_card":"summary_large_image","twitter_misc":{"Tempo di lettura stimato":"3 minuti"},"schema":{"@context":"https:\/\/schema.org","@graph":[{"@type":"WebPage","@id":"https:\/\/itsall-banking-insurance.com\/index.php\/intervista-mattia-paolo-schiavon-quadient\/","url":"https:\/\/itsall-banking-insurance.com\/index.php\/intervista-mattia-paolo-schiavon-quadient\/","name":"Intervista - It&#039;s all Banking &amp; Insurance","isPartOf":{"@id":"https:\/\/itsall-banking-insurance.com\/#website"},"datePublished":"2024-05-13T16:01:09+00:00","dateModified":"2024-05-13T16:12:58+00:00","breadcrumb":{"@id":"https:\/\/itsall-banking-insurance.com\/index.php\/intervista-mattia-paolo-schiavon-quadient\/#breadcrumb"},"inLanguage":"it-IT","potentialAction":[{"@type":"ReadAction","target":["https:\/\/itsall-banking-insurance.com\/index.php\/intervista-mattia-paolo-schiavon-quadient\/"]}]},{"@type":"BreadcrumbList","@id":"https:\/\/itsall-banking-insurance.com\/index.php\/intervista-mattia-paolo-schiavon-quadient\/#breadcrumb","itemListElement":[{"@type":"ListItem","position":1,"name":"Home","item":"https:\/\/itsall-banking-insurance.com\/"},{"@type":"ListItem","position":2,"name":"Intervista"}]},{"@type":"WebSite","@id":"https:\/\/itsall-banking-insurance.com\/#website","url":"https:\/\/itsall-banking-insurance.com\/","name":"It&#039;s all Banking &amp; Insurance","description":"BANCHE e ASSICURAZIONI a confronto","potentialAction":[{"@type":"SearchAction","target":{"@type":"EntryPoint","urlTemplate":"https:\/\/itsall-banking-insurance.com\/?s={search_term_string}"},"query-input":"required name=search_term_string"}],"inLanguage":"it-IT"}]}},"_links":{"self":[{"href":"https:\/\/itsall-banking-insurance.com\/index.php\/wp-json\/wp\/v2\/pages\/6987"}],"collection":[{"href":"https:\/\/itsall-banking-insurance.com\/index.php\/wp-json\/wp\/v2\/pages"}],"about":[{"href":"https:\/\/itsall-banking-insurance.com\/index.php\/wp-json\/wp\/v2\/types\/page"}],"author":[{"embeddable":true,"href":"https:\/\/itsall-banking-insurance.com\/index.php\/wp-json\/wp\/v2\/users\/2"}],"replies":[{"embeddable":true,"href":"https:\/\/itsall-banking-insurance.com\/index.php\/wp-json\/wp\/v2\/comments?post=6987"}],"version-history":[{"count":4,"href":"https:\/\/itsall-banking-insurance.com\/index.php\/wp-json\/wp\/v2\/pages\/6987\/revisions"}],"predecessor-version":[{"id":6990,"href":"https:\/\/itsall-banking-insurance.com\/index.php\/wp-json\/wp\/v2\/pages\/6987\/revisions\/6990"}],"wp:attachment":[{"href":"https:\/\/itsall-banking-insurance.com\/index.php\/wp-json\/wp\/v2\/media?parent=6987"}],"curies":[{"name":"wp","href":"https:\/\/api.w.org\/{rel}","templated":true}]}}