{"id":7543,"date":"2025-04-23T15:37:46","date_gmt":"2025-04-23T13:37:46","guid":{"rendered":"https:\/\/itsall-banking-insurance.com\/?page_id=7543"},"modified":"2025-04-23T15:38:56","modified_gmt":"2025-04-23T13:38:56","slug":"intervista-papyrus-software-ilaria-chiarotto","status":"publish","type":"page","link":"https:\/\/itsall-banking-insurance.com\/index.php\/intervista-papyrus-software-ilaria-chiarotto\/","title":{"rendered":"Intervista"},"content":{"rendered":"<p>[vc_row css=&#8221;.vc_custom_1681490819972{padding-top: 20px !important;}&#8221;][vc_column width=&#8221;5\/6&#8243;][vc_single_image image=&#8221;7540&#8243; img_size=&#8221;full&#8221; style=&#8221;vc_box_border_circle_2&#8243;][vc_column_text]<strong>Ilaria Chiarotto <\/strong>Sales Manager <strong>PAPYRUS SOFTWARE<\/strong>[\/vc_column_text][\/vc_column][vc_column width=&#8221;1\/6&#8243;][vc_single_image image=&#8221;6261&#8243;][\/vc_column][\/vc_row][vc_row][vc_column][vc_column_text]<\/p>\n<h2><span style=\"color: #333333;\">In che modo l\u2019utilizzo dell\u2019intelligenza artificiale e del Natural Language trasforma il BPM &amp; la programmazione?<\/span><\/h2>\n<p>L&#8217;integrazione di IA e linguaggio naturale sta rimodellando radicalmente BPM e sviluppo delle applicazioni, allontanandosi dagli approcci tradizionali e rigidi basati sui diagrammi di flusso. Sebbene i diagrammi di flusso siano utili per la documentazione, spesso richiedono interventi IT e non hanno l&#8217;agilit\u00e0 necessaria per le aziende moderne.<\/p>\n<p>Invece, ci stiamo muovendo verso un paradigma conversazionale. L&#8217;elaborazione del linguaggio naturale (NLP) consente agli utenti aziendali, manager, analisti e dipendenti, di definire processi e regole utilizzando una terminologia aziendale familiare, essenzialmente &#8220;parlando&#8221; al sistema per farlo agire. Ci\u00f2 consente loro di creare e gestire processi senza scrivere codice.<\/p>\n<p>L&#8217;IA e l&#8217;apprendimento automatico migliorano questo consentendo ai sistemi di apprendere e adattarsi, automatizzando le attivit\u00e0 di routine, prevedendo i colli di bottiglia dei processi e ottimizzando i flussi di lavoro in tempo reale. Ci\u00f2 riduce la dipendenza dall&#8217;IT per le modifiche quotidiane dei processi e consente agli utenti di business di guidare l&#8217;innovazione. Il ruolo del reparto IT si sposta quindi sulla definizione di interfacce dati riutilizzabili, garantendo una comunicazione di sistema senza interruzioni. Ci\u00f2 porta a cicli di sviluppo pi\u00f9 rapidi, a una migliore agilit\u00e0 operativa e a una maggiore efficienza dei processi.&#8221;<\/p>\n<p>&nbsp;<\/p>\n<h2><span style=\"color: #333333;\"><strong>Quali sono le opportunit\u00e0 e l\u2019applicabilit\u00e0 di queste nuove tecnologie?<\/strong><\/span><\/h2>\n<p>L&#8217;intelligenza artificiale generativa, in particolare con modelli linguistici di grandi dimensioni, offre opportunit\u00e0 trasformative per le aziende sbloccando nuovi livelli di creativit\u00e0 ed efficienza dei processi. La sua capacit\u00e0 di generare contenuti diversificati (testo, immagini, codice) consente alle aziende di innovare e superare i concorrenti.<\/p>\n<p>In pratica, ci\u00f2 si traduce in significativi miglioramenti operativi. Ad esempio, nella gestione dei reclami dei clienti, l&#8217;intelligenza artificiale pu\u00f2 automatizzare l&#8217;estrazione dei dati da documenti come fatture e ricevute, semplificando l&#8217;elaborazione iniziale. Ci\u00f2 libera gli operatori per attivit\u00e0 pi\u00f9 complesse, in cui l&#8217;intelligenza artificiale funge da strumento collaborativo per aiutare nel processo decisionale.<\/p>\n<p>Inoltre, queste tecnologie consentono un&#8217;integrazione di sistema senza soluzione di continuit\u00e0, garantendo un flusso di informazioni fluido e migliorando i processi decisionali in tutta l&#8217;organizzazione. Le potenti piattaforme di orchestrazione sono fondamentali, poich\u00e9 coordinano l&#8217;intelligenza artificiale e le interazioni umane per automatizzare le attivit\u00e0 di routine e supportare un processo decisionale intelligente, migliorando in definitiva i servizi e guidando il valore aziendale.<\/p>\n<p>&nbsp;<\/p>\n<p>&nbsp;<\/p>\n<p>&nbsp;[\/vc_column_text][\/vc_column][\/vc_row]<\/p>\n","protected":false},"excerpt":{"rendered":"<p>[vc_row css=&#8221;.vc_custom_1681490819972{padding-top: 20px !important;}&#8221;][vc_column width=&#8221;5\/6&#8243;][vc_single_image image=&#8221;7540&#8243; img_size=&#8221;full&#8221; style=&#8221;vc_box_border_circle_2&#8243;][vc_column_text]Ilaria Chiarotto Sales Manager PAPYRUS SOFTWARE[\/vc_column_text][\/vc_column][vc_column width=&#8221;1\/6&#8243;][vc_single_image image=&#8221;6261&#8243;][\/vc_column][\/vc_row][vc_row][vc_column][vc_column_text] In che modo l\u2019utilizzo dell\u2019intelligenza artificiale e del Natural Language trasforma il BPM &amp; la programmazione? L&#8217;integrazione di IA e linguaggio naturale sta rimodellando radicalmente BPM e sviluppo delle applicazioni, allontanandosi dagli approcci tradizionali e rigidi basati sui diagrammi di [&hellip;]<\/p>\n","protected":false},"author":2,"featured_media":0,"parent":0,"menu_order":0,"comment_status":"closed","ping_status":"closed","template":"","meta":{"footnotes":""},"yoast_head":"<!-- This site is optimized with the Yoast SEO plugin v22.9 - https:\/\/yoast.com\/wordpress\/plugins\/seo\/ -->\n<title>Intervista - It&#039;s all Banking &amp; Insurance<\/title>\n<meta name=\"robots\" content=\"index, follow, max-snippet:-1, max-image-preview:large, max-video-preview:-1\" \/>\n<link rel=\"canonical\" href=\"https:\/\/itsall-banking-insurance.com\/index.php\/intervista-papyrus-software-ilaria-chiarotto\/\" \/>\n<meta property=\"og:locale\" content=\"it_IT\" \/>\n<meta property=\"og:type\" content=\"article\" \/>\n<meta property=\"og:title\" content=\"Intervista - It&#039;s all Banking &amp; Insurance\" \/>\n<meta property=\"og:description\" content=\"[vc_row css=&#8221;.vc_custom_1681490819972{padding-top: 20px !important;}&#8221;][vc_column width=&#8221;5\/6&#8243;][vc_single_image image=&#8221;7540&#8243; img_size=&#8221;full&#8221; style=&#8221;vc_box_border_circle_2&#8243;][vc_column_text]Ilaria Chiarotto Sales Manager PAPYRUS SOFTWARE[\/vc_column_text][\/vc_column][vc_column width=&#8221;1\/6&#8243;][vc_single_image image=&#8221;6261&#8243;][\/vc_column][\/vc_row][vc_row][vc_column][vc_column_text] In che modo l\u2019utilizzo dell\u2019intelligenza artificiale e del Natural Language trasforma il BPM &amp; la programmazione? L&#8217;integrazione di IA e linguaggio naturale sta rimodellando radicalmente BPM e sviluppo delle applicazioni, allontanandosi dagli approcci tradizionali e rigidi basati sui diagrammi di [&hellip;]\" \/>\n<meta property=\"og:url\" content=\"https:\/\/itsall-banking-insurance.com\/index.php\/intervista-papyrus-software-ilaria-chiarotto\/\" \/>\n<meta property=\"og:site_name\" content=\"It&#039;s all Banking &amp; Insurance\" \/>\n<meta property=\"article:modified_time\" content=\"2025-04-23T13:38:56+00:00\" \/>\n<meta name=\"twitter:card\" content=\"summary_large_image\" \/>\n<meta name=\"twitter:label1\" content=\"Tempo di lettura stimato\" \/>\n\t<meta name=\"twitter:data1\" content=\"3 minuti\" \/>\n<script type=\"application\/ld+json\" class=\"yoast-schema-graph\">{\"@context\":\"https:\/\/schema.org\",\"@graph\":[{\"@type\":\"WebPage\",\"@id\":\"https:\/\/itsall-banking-insurance.com\/index.php\/intervista-papyrus-software-ilaria-chiarotto\/\",\"url\":\"https:\/\/itsall-banking-insurance.com\/index.php\/intervista-papyrus-software-ilaria-chiarotto\/\",\"name\":\"Intervista - It&#039;s all Banking &amp; Insurance\",\"isPartOf\":{\"@id\":\"https:\/\/itsall-banking-insurance.com\/#website\"},\"datePublished\":\"2025-04-23T13:37:46+00:00\",\"dateModified\":\"2025-04-23T13:38:56+00:00\",\"breadcrumb\":{\"@id\":\"https:\/\/itsall-banking-insurance.com\/index.php\/intervista-papyrus-software-ilaria-chiarotto\/#breadcrumb\"},\"inLanguage\":\"it-IT\",\"potentialAction\":[{\"@type\":\"ReadAction\",\"target\":[\"https:\/\/itsall-banking-insurance.com\/index.php\/intervista-papyrus-software-ilaria-chiarotto\/\"]}]},{\"@type\":\"BreadcrumbList\",\"@id\":\"https:\/\/itsall-banking-insurance.com\/index.php\/intervista-papyrus-software-ilaria-chiarotto\/#breadcrumb\",\"itemListElement\":[{\"@type\":\"ListItem\",\"position\":1,\"name\":\"Home\",\"item\":\"https:\/\/itsall-banking-insurance.com\/\"},{\"@type\":\"ListItem\",\"position\":2,\"name\":\"Intervista\"}]},{\"@type\":\"WebSite\",\"@id\":\"https:\/\/itsall-banking-insurance.com\/#website\",\"url\":\"https:\/\/itsall-banking-insurance.com\/\",\"name\":\"It&#039;s all Banking &amp; Insurance\",\"description\":\"BANCHE e ASSICURAZIONI a confronto\",\"potentialAction\":[{\"@type\":\"SearchAction\",\"target\":{\"@type\":\"EntryPoint\",\"urlTemplate\":\"https:\/\/itsall-banking-insurance.com\/?s={search_term_string}\"},\"query-input\":\"required name=search_term_string\"}],\"inLanguage\":\"it-IT\"}]}<\/script>\n<!-- \/ Yoast SEO plugin. -->","yoast_head_json":{"title":"Intervista - It&#039;s all Banking &amp; Insurance","robots":{"index":"index","follow":"follow","max-snippet":"max-snippet:-1","max-image-preview":"max-image-preview:large","max-video-preview":"max-video-preview:-1"},"canonical":"https:\/\/itsall-banking-insurance.com\/index.php\/intervista-papyrus-software-ilaria-chiarotto\/","og_locale":"it_IT","og_type":"article","og_title":"Intervista - It&#039;s all Banking &amp; Insurance","og_description":"[vc_row css=&#8221;.vc_custom_1681490819972{padding-top: 20px !important;}&#8221;][vc_column width=&#8221;5\/6&#8243;][vc_single_image image=&#8221;7540&#8243; img_size=&#8221;full&#8221; style=&#8221;vc_box_border_circle_2&#8243;][vc_column_text]Ilaria Chiarotto Sales Manager PAPYRUS SOFTWARE[\/vc_column_text][\/vc_column][vc_column width=&#8221;1\/6&#8243;][vc_single_image image=&#8221;6261&#8243;][\/vc_column][\/vc_row][vc_row][vc_column][vc_column_text] In che modo l\u2019utilizzo dell\u2019intelligenza artificiale e del Natural Language trasforma il BPM &amp; la programmazione? L&#8217;integrazione di IA e linguaggio naturale sta rimodellando radicalmente BPM e sviluppo delle applicazioni, allontanandosi dagli approcci tradizionali e rigidi basati sui diagrammi di [&hellip;]","og_url":"https:\/\/itsall-banking-insurance.com\/index.php\/intervista-papyrus-software-ilaria-chiarotto\/","og_site_name":"It&#039;s all Banking &amp; Insurance","article_modified_time":"2025-04-23T13:38:56+00:00","twitter_card":"summary_large_image","twitter_misc":{"Tempo di lettura stimato":"3 minuti"},"schema":{"@context":"https:\/\/schema.org","@graph":[{"@type":"WebPage","@id":"https:\/\/itsall-banking-insurance.com\/index.php\/intervista-papyrus-software-ilaria-chiarotto\/","url":"https:\/\/itsall-banking-insurance.com\/index.php\/intervista-papyrus-software-ilaria-chiarotto\/","name":"Intervista - It&#039;s all Banking &amp; Insurance","isPartOf":{"@id":"https:\/\/itsall-banking-insurance.com\/#website"},"datePublished":"2025-04-23T13:37:46+00:00","dateModified":"2025-04-23T13:38:56+00:00","breadcrumb":{"@id":"https:\/\/itsall-banking-insurance.com\/index.php\/intervista-papyrus-software-ilaria-chiarotto\/#breadcrumb"},"inLanguage":"it-IT","potentialAction":[{"@type":"ReadAction","target":["https:\/\/itsall-banking-insurance.com\/index.php\/intervista-papyrus-software-ilaria-chiarotto\/"]}]},{"@type":"BreadcrumbList","@id":"https:\/\/itsall-banking-insurance.com\/index.php\/intervista-papyrus-software-ilaria-chiarotto\/#breadcrumb","itemListElement":[{"@type":"ListItem","position":1,"name":"Home","item":"https:\/\/itsall-banking-insurance.com\/"},{"@type":"ListItem","position":2,"name":"Intervista"}]},{"@type":"WebSite","@id":"https:\/\/itsall-banking-insurance.com\/#website","url":"https:\/\/itsall-banking-insurance.com\/","name":"It&#039;s all Banking &amp; Insurance","description":"BANCHE e ASSICURAZIONI a confronto","potentialAction":[{"@type":"SearchAction","target":{"@type":"EntryPoint","urlTemplate":"https:\/\/itsall-banking-insurance.com\/?s={search_term_string}"},"query-input":"required name=search_term_string"}],"inLanguage":"it-IT"}]}},"_links":{"self":[{"href":"https:\/\/itsall-banking-insurance.com\/index.php\/wp-json\/wp\/v2\/pages\/7543"}],"collection":[{"href":"https:\/\/itsall-banking-insurance.com\/index.php\/wp-json\/wp\/v2\/pages"}],"about":[{"href":"https:\/\/itsall-banking-insurance.com\/index.php\/wp-json\/wp\/v2\/types\/page"}],"author":[{"embeddable":true,"href":"https:\/\/itsall-banking-insurance.com\/index.php\/wp-json\/wp\/v2\/users\/2"}],"replies":[{"embeddable":true,"href":"https:\/\/itsall-banking-insurance.com\/index.php\/wp-json\/wp\/v2\/comments?post=7543"}],"version-history":[{"count":1,"href":"https:\/\/itsall-banking-insurance.com\/index.php\/wp-json\/wp\/v2\/pages\/7543\/revisions"}],"predecessor-version":[{"id":7544,"href":"https:\/\/itsall-banking-insurance.com\/index.php\/wp-json\/wp\/v2\/pages\/7543\/revisions\/7544"}],"wp:attachment":[{"href":"https:\/\/itsall-banking-insurance.com\/index.php\/wp-json\/wp\/v2\/media?parent=7543"}],"curies":[{"name":"wp","href":"https:\/\/api.w.org\/{rel}","templated":true}]}}