{"id":7577,"date":"2025-05-02T15:27:39","date_gmt":"2025-05-02T13:27:39","guid":{"rendered":"https:\/\/itsall-banking-insurance.com\/?page_id=7577"},"modified":"2025-05-02T15:36:08","modified_gmt":"2025-05-02T13:36:08","slug":"intervista-andrea-biglieri-country-manager-outsystems-italia","status":"publish","type":"page","link":"https:\/\/itsall-banking-insurance.com\/index.php\/intervista-andrea-biglieri-country-manager-outsystems-italia\/","title":{"rendered":"Intervista"},"content":{"rendered":"<p>[vc_row css=&#8221;.vc_custom_1681490819972{padding-top: 20px !important;}&#8221;][vc_column width=&#8221;5\/6&#8243;][vc_single_image image=&#8221;7565&#8243; img_size=&#8221;full&#8221; style=&#8221;vc_box_border_circle_2&#8243;][vc_column_text]<strong>Andrea Biglieri<\/strong> Country Manager <strong>OUTSYSTEMS\u00a0ITALIA<\/strong>[\/vc_column_text][\/vc_column][vc_column width=&#8221;1\/6&#8243;][vc_single_image image=&#8221;6261&#8243;][\/vc_column][\/vc_row][vc_row][vc_column][vc_column_text]<\/p>\n<h2><span style=\"color: #333333;\"><strong>Quali sono gli elementi chiave che stanno plasmando il futuro della finanza e come li affronta OutSystems?<\/strong><\/span><\/h2>\n<p>Nel panorama finanziario in continua evoluzione, tre forze principali stanno plasmando il futuro del settore: dati, connettivit\u00e0 e intelligenza artificiale. Non si tratta pi\u00f9 di semplici trend tecnologici, ma di pilastri strategici su cui si costruisce la nuova era della banca, delle assicurazioni e dei mercati finanziari.<\/p>\n<p>A queste trasformazioni si affiancano tendenze Fintech sempre pi\u00f9 rilevanti, come la crescita dei modelli di finanza embedded, l\u2019ascesa delle piattaforme Banking-as-a-Service (BaaS), la tokenizzazione degli asset e l\u2019emergere di nuove forme di pagamento e credito digitale. Questi fenomeni stanno ridefinendo radicalmente il concetto stesso di servizio finanziario, rendendolo sempre pi\u00f9 integrato, modulare e data-driven.<\/p>\n<p>OutSystems, piattaforma leader nello sviluppo rapido di applicazioni, si posiziona come abilitatore di questa trasformazione, offrendo alle istituzioni finanziarie gli strumenti per affrontare queste sfide e cogliere le nuove opportunit\u00e0. In particolare:<\/p>\n<ul>\n<li><strong>Sfruttare il potenziale dei dati:<\/strong> In un contesto dove l\u2019insight guida ogni decisione di business, OutSystems adotta un approccio \u201cdata fabric\u201d che permette l\u2019accesso e l\u2019orchestrazione dei dati in tempo reale, ovunque essi risiedano. Questa capacit\u00e0 consente non solo una migliore comprensione del cliente, ma anche la creazione di <em>esperienze personalizzate<\/em> e predittive, abilitando l\u2019utilizzo avanzato dell\u2019intelligenza artificiale.<\/li>\n<li><strong>Migliorare la connettivit\u00e0 e l\u2019integrazione:<\/strong> Con la progressiva fusione tra operatori tradizionali e fintech, diventa essenziale costruire ecosistemi aperti e flessibili. OutSystems favorisce questo modello attraverso architetture API-driven ed event-driven, che consentono di integrare rapidamente nuovi servizi, collaborare con partner esterni e adottare approcci componibili, fondamentali nel contesto aperto verso cui il mercato sta andando.<\/li>\n<li><strong>Accelerare l\u2019adozione e l\u2019industrializzazione dell\u2019AI:<\/strong> L\u2019intelligenza artificiale non \u00e8 pi\u00f9 opzionale, ma un elemento indispensabile. OutSystems permette di sviluppare soluzioni che permettono di integrare le soluzioni AI adottate dai nostri clienti in modo rapido, sicuro e conforme agli standard normativi. In questo modo, le istituzioni possono automatizzare processi, ridurre i rischi operativi e creare nuovi prodotti digitali basati sull\u2019AI, mantenendo il controllo completo su governance e compliance. Integrazione ed orchestrazione dell\u2019AI rappresentano la soluzione per giustificare gli investimenti che questa tecnologia richiede.<\/li>\n<\/ul>\n<p>In un mercato finanziario sempre pi\u00f9 competitivo e dinamico, la capacit\u00e0 di innovare rapidamente senza sacrificare la qualit\u00e0 e la sicurezza sar\u00e0 il vero vantaggio competitivo.<\/p>\n<p>Credo ci sia poi un ulteriore elemento che pu\u00f2 fare la differenza nell\u2019attuale contesto:<\/p>\n<p>il <strong>Know-How aziendale<\/strong> &#8211; se riflettiamo sulla storia recente siamo diventati estremamente efficienti nell\u2019analisi del dato \u201caziendale\u201d, supportati dalla BI e dai data analytics ci siamo spinti in analisi moto profonde fino ad immaginare scenari evolutivi basati sull\u2019analisi statistica. L\u2019AI di ha permesso di amplificare la capacit\u00e0 di analisi fino ad predire scenari futuri basati su insight che permettono l\u2019aggregazione di informazioni su una scala enorme\u2026 l\u2019AI \u00e8 il diventato il nostro oracolo: oggi abbiamo la possibilit\u00e0 di predire il futuro.<\/p>\n<p>Noi di OutSystems non ci occupiamo di dati, noi quotidianamente supportiamo i nostri clienti, che sono migliaia nel mondo, nello sviluppare la migliore soluzione alle loro sfide quotidiane. Per far questo \u00e8 fondamentale poter attingere da tutto il Know-How, in particolare, a quel Know-How che rappresenta la ricchezza principale dei nostri clienti, le persone &#8211; OutSystems permette di coinvolgere tutti i team del cliente, sia i dipartimenti IT e di sviluppo che le funzioni esposte sul mercato (portfolio manager, product manager, marketing manager e customer care), e li mette in condizioni di collaborare nella realizzazione della migliore soluzione.<\/p>\n<p><strong>MENTOR<\/strong>, \u00e8 il nostro modello AI che collaborando tramite linguaggio naturale ed analizzando i vostri documenti di specifiche, rende possibile la prototipazione, lo sviluppo e improvement delle vostre applicazioni multicanale o dei vostri processi di back office.<\/p>\n<p>OutSystems offre a banche, assicurazioni e operatori fintech la piattaforma per trasformare le proprie ambizioni digitali in risultati concreti, sostenibili e scalabili e permette di farlo mettendo in condizioni i diversi dipartimenti di collaborare senza barriere tecnologiche di alcun tipo.<\/p>\n<p>&nbsp;<\/p>\n<h2><span style=\"color: #333333;\"><strong>Qual \u00e8 la proposta di valore di OutSystems per le organizzazioni finanziarie che vogliono crescere nel mercato attuale?<\/strong><\/span><\/h2>\n<p>In un mercato finanziario in continua trasformazione, dove le opportunit\u00e0 si intrecciano a pressioni competitive sempre pi\u00f9 forti, il successo dipende dalla capacit\u00e0 di innovare rapidamente senza compromettere sicurezza e resilienza. OutSystems offre una proposta di valore unica che consente alle organizzazioni finanziarie di modernizzare, innovare e prosperare nel lungo termine.<\/p>\n<ul>\n<li><strong>Innovazione veloce a costi ottimizzati:<\/strong> OutSystems accelera lo sviluppo di nuovi prodotti e servizi digitali, riducendo drasticamente tempi e costi operativi. Le istituzioni possono rispondere pi\u00f9 rapidamente alle esigenze di mercato e adeguare la propria offerta ad un cliente che pretende la possibilit\u00e0 di poter avere un&#8217;esperienza coerente e sempre pi\u00f9 multicanale. OutSystems supporta i propri clienti offrendo un modello che permette di anticipare le esigenze dei propri utenti e individuare le aree di miglioramento dell\u2019esperienza offerta.<\/li>\n<li><strong>Modernizzazione graduale dei sistemi legacy:<\/strong> Grazie a un approccio cloud-native, modulare e API-driven, OutSystems consente di rinnovare l\u2019infrastruttura IT in modo progressivo, minimizzando i rischi e garantendo la continuit\u00e0 operativa.<\/li>\n<li><strong>Automazione intelligente per efficienza e compliance:<\/strong> Dall\u2019onboarding digitale ai processi di gestione del credito e della compliance normativa, la piattaforma abilita un\u2019automazione sicura e scalabile, ottimizzando le risorse e aumentando la resilienza dei processi core.<\/li>\n<li><strong>Esperienze clienti personalizzate e omnicanale:<\/strong> Con OutSystems, le organizzazioni possono offrire esperienze personalizzate in tempo reale su tutti i canali digitali, rafforzando la fidelizzazione e acquisendo un vantaggio competitivo basato sulla customer centricity.<\/li>\n<li><strong>Sicurezza, governance e readiness AI:<\/strong> Progettata con standard di sicurezza e compliance avanzati, la piattaforma garantisce una base solida per l\u2019adozione dell\u2019Intelligenza Artificiale, proteggendo i dati sensibili e assicurando l\u2019aderenza alle normative internazionali.<\/li>\n<\/ul>\n<p>In conclusione, OutSystems non si propone semplicemente come una piattaforma di sviluppo, ma come un partner strategico per le istituzioni finanziarie che vogliono navigare con successo nel nuovo mondo digitale potenziato dall\u2019AI. La sua combinazione di velocit\u00e0, sicurezza e scalabilit\u00e0 la rende un abilitatore fondamentale per la finanza del futuro.<\/p>\n<p>&nbsp;<\/p>\n<p>&nbsp;<\/p>\n<p>&nbsp;[\/vc_column_text][\/vc_column][\/vc_row]<\/p>\n","protected":false},"excerpt":{"rendered":"<p>[vc_row css=&#8221;.vc_custom_1681490819972{padding-top: 20px !important;}&#8221;][vc_column width=&#8221;5\/6&#8243;][vc_single_image image=&#8221;7565&#8243; img_size=&#8221;full&#8221; style=&#8221;vc_box_border_circle_2&#8243;][vc_column_text]Andrea Biglieri Country Manager OUTSYSTEMS\u00a0ITALIA[\/vc_column_text][\/vc_column][vc_column width=&#8221;1\/6&#8243;][vc_single_image image=&#8221;6261&#8243;][\/vc_column][\/vc_row][vc_row][vc_column][vc_column_text] Quali sono gli elementi chiave che stanno plasmando il futuro della finanza e come li affronta OutSystems? Nel panorama finanziario in continua evoluzione, tre forze principali stanno plasmando il futuro del settore: dati, connettivit\u00e0 e intelligenza artificiale. Non si tratta pi\u00f9 [&hellip;]<\/p>\n","protected":false},"author":2,"featured_media":0,"parent":0,"menu_order":0,"comment_status":"closed","ping_status":"closed","template":"","meta":{"footnotes":""},"yoast_head":"<!-- This site is optimized with the Yoast SEO plugin v22.9 - https:\/\/yoast.com\/wordpress\/plugins\/seo\/ -->\n<title>Intervista - It&#039;s all Banking &amp; Insurance<\/title>\n<meta name=\"robots\" content=\"index, follow, max-snippet:-1, max-image-preview:large, max-video-preview:-1\" \/>\n<link rel=\"canonical\" href=\"https:\/\/itsall-banking-insurance.com\/index.php\/intervista-andrea-biglieri-country-manager-outsystems-italia\/\" \/>\n<meta property=\"og:locale\" content=\"it_IT\" \/>\n<meta property=\"og:type\" content=\"article\" \/>\n<meta property=\"og:title\" content=\"Intervista - It&#039;s all Banking &amp; Insurance\" \/>\n<meta property=\"og:description\" content=\"[vc_row css=&#8221;.vc_custom_1681490819972{padding-top: 20px !important;}&#8221;][vc_column width=&#8221;5\/6&#8243;][vc_single_image image=&#8221;7565&#8243; img_size=&#8221;full&#8221; style=&#8221;vc_box_border_circle_2&#8243;][vc_column_text]Andrea Biglieri Country Manager OUTSYSTEMS\u00a0ITALIA[\/vc_column_text][\/vc_column][vc_column width=&#8221;1\/6&#8243;][vc_single_image image=&#8221;6261&#8243;][\/vc_column][\/vc_row][vc_row][vc_column][vc_column_text] Quali sono gli elementi chiave che stanno plasmando il futuro della finanza e come li affronta OutSystems? Nel panorama finanziario in continua evoluzione, tre forze principali stanno plasmando il futuro del settore: dati, connettivit\u00e0 e intelligenza artificiale. Non si tratta pi\u00f9 [&hellip;]\" \/>\n<meta property=\"og:url\" content=\"https:\/\/itsall-banking-insurance.com\/index.php\/intervista-andrea-biglieri-country-manager-outsystems-italia\/\" \/>\n<meta property=\"og:site_name\" content=\"It&#039;s all Banking &amp; Insurance\" \/>\n<meta property=\"article:modified_time\" content=\"2025-05-02T13:36:08+00:00\" \/>\n<meta name=\"twitter:card\" content=\"summary_large_image\" \/>\n<meta name=\"twitter:label1\" content=\"Tempo di lettura stimato\" \/>\n\t<meta name=\"twitter:data1\" content=\"6 minuti\" \/>\n<script type=\"application\/ld+json\" class=\"yoast-schema-graph\">{\"@context\":\"https:\/\/schema.org\",\"@graph\":[{\"@type\":\"WebPage\",\"@id\":\"https:\/\/itsall-banking-insurance.com\/index.php\/intervista-andrea-biglieri-country-manager-outsystems-italia\/\",\"url\":\"https:\/\/itsall-banking-insurance.com\/index.php\/intervista-andrea-biglieri-country-manager-outsystems-italia\/\",\"name\":\"Intervista - It&#039;s all Banking &amp; Insurance\",\"isPartOf\":{\"@id\":\"https:\/\/itsall-banking-insurance.com\/#website\"},\"datePublished\":\"2025-05-02T13:27:39+00:00\",\"dateModified\":\"2025-05-02T13:36:08+00:00\",\"breadcrumb\":{\"@id\":\"https:\/\/itsall-banking-insurance.com\/index.php\/intervista-andrea-biglieri-country-manager-outsystems-italia\/#breadcrumb\"},\"inLanguage\":\"it-IT\",\"potentialAction\":[{\"@type\":\"ReadAction\",\"target\":[\"https:\/\/itsall-banking-insurance.com\/index.php\/intervista-andrea-biglieri-country-manager-outsystems-italia\/\"]}]},{\"@type\":\"BreadcrumbList\",\"@id\":\"https:\/\/itsall-banking-insurance.com\/index.php\/intervista-andrea-biglieri-country-manager-outsystems-italia\/#breadcrumb\",\"itemListElement\":[{\"@type\":\"ListItem\",\"position\":1,\"name\":\"Home\",\"item\":\"https:\/\/itsall-banking-insurance.com\/\"},{\"@type\":\"ListItem\",\"position\":2,\"name\":\"Intervista\"}]},{\"@type\":\"WebSite\",\"@id\":\"https:\/\/itsall-banking-insurance.com\/#website\",\"url\":\"https:\/\/itsall-banking-insurance.com\/\",\"name\":\"It&#039;s all Banking &amp; Insurance\",\"description\":\"BANCHE e ASSICURAZIONI a confronto\",\"potentialAction\":[{\"@type\":\"SearchAction\",\"target\":{\"@type\":\"EntryPoint\",\"urlTemplate\":\"https:\/\/itsall-banking-insurance.com\/?s={search_term_string}\"},\"query-input\":\"required name=search_term_string\"}],\"inLanguage\":\"it-IT\"}]}<\/script>\n<!-- \/ Yoast SEO plugin. -->","yoast_head_json":{"title":"Intervista - It&#039;s all Banking &amp; Insurance","robots":{"index":"index","follow":"follow","max-snippet":"max-snippet:-1","max-image-preview":"max-image-preview:large","max-video-preview":"max-video-preview:-1"},"canonical":"https:\/\/itsall-banking-insurance.com\/index.php\/intervista-andrea-biglieri-country-manager-outsystems-italia\/","og_locale":"it_IT","og_type":"article","og_title":"Intervista - It&#039;s all Banking &amp; Insurance","og_description":"[vc_row css=&#8221;.vc_custom_1681490819972{padding-top: 20px !important;}&#8221;][vc_column width=&#8221;5\/6&#8243;][vc_single_image image=&#8221;7565&#8243; img_size=&#8221;full&#8221; style=&#8221;vc_box_border_circle_2&#8243;][vc_column_text]Andrea Biglieri Country Manager OUTSYSTEMS\u00a0ITALIA[\/vc_column_text][\/vc_column][vc_column width=&#8221;1\/6&#8243;][vc_single_image image=&#8221;6261&#8243;][\/vc_column][\/vc_row][vc_row][vc_column][vc_column_text] Quali sono gli elementi chiave che stanno plasmando il futuro della finanza e come li affronta OutSystems? Nel panorama finanziario in continua evoluzione, tre forze principali stanno plasmando il futuro del settore: dati, connettivit\u00e0 e intelligenza artificiale. Non si tratta pi\u00f9 [&hellip;]","og_url":"https:\/\/itsall-banking-insurance.com\/index.php\/intervista-andrea-biglieri-country-manager-outsystems-italia\/","og_site_name":"It&#039;s all Banking &amp; Insurance","article_modified_time":"2025-05-02T13:36:08+00:00","twitter_card":"summary_large_image","twitter_misc":{"Tempo di lettura stimato":"6 minuti"},"schema":{"@context":"https:\/\/schema.org","@graph":[{"@type":"WebPage","@id":"https:\/\/itsall-banking-insurance.com\/index.php\/intervista-andrea-biglieri-country-manager-outsystems-italia\/","url":"https:\/\/itsall-banking-insurance.com\/index.php\/intervista-andrea-biglieri-country-manager-outsystems-italia\/","name":"Intervista - It&#039;s all Banking &amp; Insurance","isPartOf":{"@id":"https:\/\/itsall-banking-insurance.com\/#website"},"datePublished":"2025-05-02T13:27:39+00:00","dateModified":"2025-05-02T13:36:08+00:00","breadcrumb":{"@id":"https:\/\/itsall-banking-insurance.com\/index.php\/intervista-andrea-biglieri-country-manager-outsystems-italia\/#breadcrumb"},"inLanguage":"it-IT","potentialAction":[{"@type":"ReadAction","target":["https:\/\/itsall-banking-insurance.com\/index.php\/intervista-andrea-biglieri-country-manager-outsystems-italia\/"]}]},{"@type":"BreadcrumbList","@id":"https:\/\/itsall-banking-insurance.com\/index.php\/intervista-andrea-biglieri-country-manager-outsystems-italia\/#breadcrumb","itemListElement":[{"@type":"ListItem","position":1,"name":"Home","item":"https:\/\/itsall-banking-insurance.com\/"},{"@type":"ListItem","position":2,"name":"Intervista"}]},{"@type":"WebSite","@id":"https:\/\/itsall-banking-insurance.com\/#website","url":"https:\/\/itsall-banking-insurance.com\/","name":"It&#039;s all Banking &amp; Insurance","description":"BANCHE e ASSICURAZIONI a confronto","potentialAction":[{"@type":"SearchAction","target":{"@type":"EntryPoint","urlTemplate":"https:\/\/itsall-banking-insurance.com\/?s={search_term_string}"},"query-input":"required name=search_term_string"}],"inLanguage":"it-IT"}]}},"_links":{"self":[{"href":"https:\/\/itsall-banking-insurance.com\/index.php\/wp-json\/wp\/v2\/pages\/7577"}],"collection":[{"href":"https:\/\/itsall-banking-insurance.com\/index.php\/wp-json\/wp\/v2\/pages"}],"about":[{"href":"https:\/\/itsall-banking-insurance.com\/index.php\/wp-json\/wp\/v2\/types\/page"}],"author":[{"embeddable":true,"href":"https:\/\/itsall-banking-insurance.com\/index.php\/wp-json\/wp\/v2\/users\/2"}],"replies":[{"embeddable":true,"href":"https:\/\/itsall-banking-insurance.com\/index.php\/wp-json\/wp\/v2\/comments?post=7577"}],"version-history":[{"count":2,"href":"https:\/\/itsall-banking-insurance.com\/index.php\/wp-json\/wp\/v2\/pages\/7577\/revisions"}],"predecessor-version":[{"id":7579,"href":"https:\/\/itsall-banking-insurance.com\/index.php\/wp-json\/wp\/v2\/pages\/7577\/revisions\/7579"}],"wp:attachment":[{"href":"https:\/\/itsall-banking-insurance.com\/index.php\/wp-json\/wp\/v2\/media?parent=7577"}],"curies":[{"name":"wp","href":"https:\/\/api.w.org\/{rel}","templated":true}]}}