{"id":7589,"date":"2025-05-07T16:03:09","date_gmt":"2025-05-07T14:03:09","guid":{"rendered":"https:\/\/itsall-banking-insurance.com\/?page_id=7589"},"modified":"2025-05-09T17:32:52","modified_gmt":"2025-05-09T15:32:52","slug":"intervista-matteo-longo-cloud-practice-leader","status":"publish","type":"page","link":"https:\/\/itsall-banking-insurance.com\/index.php\/intervista-matteo-longo-cloud-practice-leader\/","title":{"rendered":"Intervista"},"content":{"rendered":"<p>[vc_row css=&#8221;.vc_custom_1681490819972{padding-top: 20px !important;}&#8221;][vc_column width=&#8221;5\/6&#8243;][vc_single_image image=&#8221;7615&#8243; img_size=&#8221;full&#8221; style=&#8221;vc_box_border_circle_2&#8243;][vc_column_text]<strong>Matteo Longo\u00a0 <\/strong>Cloud Practice Leader <strong>SOFTLAB<\/strong>[\/vc_column_text][\/vc_column][vc_column width=&#8221;1\/6&#8243;][vc_single_image image=&#8221;6261&#8243;][\/vc_column][\/vc_row][vc_row][vc_column][vc_column_text]<\/p>\n<h2><span style=\"color: #333333;\"><strong>Che supporto fornite a banche e assicurazioni per garantire loro una trasformazione digitale \u201cno disruption\u201d?<\/strong><\/span><\/h2>\n<p>In Softlab, supportiamo banche e assicurazioni nell\u2019affrontare la trasformazione digitale con un approccio centrato su tre pilastri fondamentali: continuit\u00e0 operativa, sicurezza e innovazione sostenibile. La nostra practice cloud, in particolare, accompagna i clienti in un percorso graduale e strutturato verso l\u2019adozione di soluzioni cloud-native, aiutandoli a migrare progressivamente sistemi legacy critici senza interruzioni dei servizi.<\/p>\n<p>Attraverso una metodologia collaudata, partiamo da assessment puntuali degli ambienti esistenti, identificando chiaramente rischi, opportunit\u00e0 e roadmap tecnologiche. Successivamente, implementiamo strategie ibride e multicloud che consentono alle istituzioni finanziarie e assicurative di operare con agilit\u00e0 e resilienza, rispettando pienamente compliance e normative specifiche del settore.<\/p>\n<p>Inoltre, garantiamo un presidio costante della sicurezza tramite un modello operativo integrato, con governance, automazione e monitoraggio continuo, per assicurare che ogni step della trasformazione digitale avvenga in piena sicurezza e trasparenza, preservando sempre la fiducia degli utenti finali. Il nostro obiettivo \u00e8 accompagnare banche e assicurazioni in un percorso di trasformazione digitale sicuro, efficiente e senza interruzioni, sfruttando al meglio i vantaggi del cloud.<\/p>\n<p>Lo stesso approccio strutturato guida tutte le practice di Softlab, che intervengono su aree chiave della trasformazione digitale: sviluppo software, data analytics per abilitare il paradigma data-driven, governance, risk e compliance, sicurezza IT, automazione dei processi, digital marketing e soluzioni digitali. Ogni intervento \u00e8 orientato a garantire una trasformazione sicura, progressiva e orientata al business, senza discontinuit\u00e0 operative e con un occhio al ROI.<\/p>\n<p>&nbsp;<\/p>\n<h2><span style=\"color: #333333;\"><strong>Rocket Software e Google Cloud: da dove \u00e8 nata questa partnership e perch\u00e9 la collaborazione tra Softlab, Rocket Software e Google Cloud semplifica la complessit\u00e0?<\/strong><\/span><\/h2>\n<p>La partnership tra Softlab, Rocket Software e Google Cloud nasce dall\u2019esigenza concreta di semplificare e accelerare la modernizzazione dei sistemi legacy, tipici di banche e assicurazioni, preservando l\u2019investimento tecnologico esistente e riducendo la complessit\u00e0 operativa e gestionale.<\/p>\n<p>In Softlab abbiamo riconosciuto in Rocket Software un partner strategico grazie alla sua profonda esperienza nel mondo mainframe, e in Google Cloud una piattaforma tecnologica ideale per innovazione, scalabilit\u00e0 e sicurezza. Unendo queste competenze distintive, siamo riusciti a costruire un percorso di trasformazione digitale solido, sostenibile e soprattutto semplice per i nostri clienti.<\/p>\n<p>La sinergia tra Softlab, Rocket Software e Google Cloud permette infatti di offrire soluzioni integrate e collaudate, eliminando la frammentazione tecnologica tipica di queste transizioni. Ci\u00f2 consente ai clienti di focalizzarsi sul business e sui propri obiettivi strategici, con la certezza di affrontare un percorso di innovazione senza interruzioni operative e con piena compliance normativa.<\/p>\n<p>&nbsp;<\/p>\n<p>&nbsp;<\/p>\n<p>&nbsp;[\/vc_column_text][\/vc_column][\/vc_row]<\/p>\n","protected":false},"excerpt":{"rendered":"<p>[vc_row css=&#8221;.vc_custom_1681490819972{padding-top: 20px !important;}&#8221;][vc_column width=&#8221;5\/6&#8243;][vc_single_image image=&#8221;7615&#8243; img_size=&#8221;full&#8221; style=&#8221;vc_box_border_circle_2&#8243;][vc_column_text]Matteo Longo\u00a0 Cloud Practice Leader SOFTLAB[\/vc_column_text][\/vc_column][vc_column width=&#8221;1\/6&#8243;][vc_single_image image=&#8221;6261&#8243;][\/vc_column][\/vc_row][vc_row][vc_column][vc_column_text] Che supporto fornite a banche e assicurazioni per garantire loro una trasformazione digitale \u201cno disruption\u201d? In Softlab, supportiamo banche e assicurazioni nell\u2019affrontare la trasformazione digitale con un approccio centrato su tre pilastri fondamentali: continuit\u00e0 operativa, sicurezza e innovazione sostenibile. La [&hellip;]<\/p>\n","protected":false},"author":2,"featured_media":0,"parent":0,"menu_order":0,"comment_status":"closed","ping_status":"closed","template":"","meta":{"footnotes":""},"yoast_head":"<!-- This site is optimized with the Yoast SEO plugin v22.9 - https:\/\/yoast.com\/wordpress\/plugins\/seo\/ -->\n<title>Intervista - It&#039;s all Banking &amp; Insurance<\/title>\n<meta name=\"robots\" content=\"index, follow, max-snippet:-1, max-image-preview:large, max-video-preview:-1\" \/>\n<link rel=\"canonical\" href=\"https:\/\/itsall-banking-insurance.com\/index.php\/intervista-matteo-longo-cloud-practice-leader\/\" \/>\n<meta property=\"og:locale\" content=\"it_IT\" \/>\n<meta property=\"og:type\" content=\"article\" \/>\n<meta property=\"og:title\" content=\"Intervista - It&#039;s all Banking &amp; Insurance\" \/>\n<meta property=\"og:description\" content=\"[vc_row css=&#8221;.vc_custom_1681490819972{padding-top: 20px !important;}&#8221;][vc_column width=&#8221;5\/6&#8243;][vc_single_image image=&#8221;7615&#8243; img_size=&#8221;full&#8221; style=&#8221;vc_box_border_circle_2&#8243;][vc_column_text]Matteo Longo\u00a0 Cloud Practice Leader SOFTLAB[\/vc_column_text][\/vc_column][vc_column width=&#8221;1\/6&#8243;][vc_single_image image=&#8221;6261&#8243;][\/vc_column][\/vc_row][vc_row][vc_column][vc_column_text] Che supporto fornite a banche e assicurazioni per garantire loro una trasformazione digitale \u201cno disruption\u201d? In Softlab, supportiamo banche e assicurazioni nell\u2019affrontare la trasformazione digitale con un approccio centrato su tre pilastri fondamentali: continuit\u00e0 operativa, sicurezza e innovazione sostenibile. La [&hellip;]\" \/>\n<meta property=\"og:url\" content=\"https:\/\/itsall-banking-insurance.com\/index.php\/intervista-matteo-longo-cloud-practice-leader\/\" \/>\n<meta property=\"og:site_name\" content=\"It&#039;s all Banking &amp; Insurance\" \/>\n<meta property=\"article:modified_time\" content=\"2025-05-09T15:32:52+00:00\" \/>\n<meta name=\"twitter:card\" content=\"summary_large_image\" \/>\n<meta name=\"twitter:label1\" content=\"Tempo di lettura stimato\" \/>\n\t<meta name=\"twitter:data1\" content=\"3 minuti\" \/>\n<script type=\"application\/ld+json\" class=\"yoast-schema-graph\">{\"@context\":\"https:\/\/schema.org\",\"@graph\":[{\"@type\":\"WebPage\",\"@id\":\"https:\/\/itsall-banking-insurance.com\/index.php\/intervista-matteo-longo-cloud-practice-leader\/\",\"url\":\"https:\/\/itsall-banking-insurance.com\/index.php\/intervista-matteo-longo-cloud-practice-leader\/\",\"name\":\"Intervista - It&#039;s all Banking &amp; Insurance\",\"isPartOf\":{\"@id\":\"https:\/\/itsall-banking-insurance.com\/#website\"},\"datePublished\":\"2025-05-07T14:03:09+00:00\",\"dateModified\":\"2025-05-09T15:32:52+00:00\",\"breadcrumb\":{\"@id\":\"https:\/\/itsall-banking-insurance.com\/index.php\/intervista-matteo-longo-cloud-practice-leader\/#breadcrumb\"},\"inLanguage\":\"it-IT\",\"potentialAction\":[{\"@type\":\"ReadAction\",\"target\":[\"https:\/\/itsall-banking-insurance.com\/index.php\/intervista-matteo-longo-cloud-practice-leader\/\"]}]},{\"@type\":\"BreadcrumbList\",\"@id\":\"https:\/\/itsall-banking-insurance.com\/index.php\/intervista-matteo-longo-cloud-practice-leader\/#breadcrumb\",\"itemListElement\":[{\"@type\":\"ListItem\",\"position\":1,\"name\":\"Home\",\"item\":\"https:\/\/itsall-banking-insurance.com\/\"},{\"@type\":\"ListItem\",\"position\":2,\"name\":\"Intervista\"}]},{\"@type\":\"WebSite\",\"@id\":\"https:\/\/itsall-banking-insurance.com\/#website\",\"url\":\"https:\/\/itsall-banking-insurance.com\/\",\"name\":\"It&#039;s all Banking &amp; Insurance\",\"description\":\"BANCHE e ASSICURAZIONI a confronto\",\"potentialAction\":[{\"@type\":\"SearchAction\",\"target\":{\"@type\":\"EntryPoint\",\"urlTemplate\":\"https:\/\/itsall-banking-insurance.com\/?s={search_term_string}\"},\"query-input\":\"required name=search_term_string\"}],\"inLanguage\":\"it-IT\"}]}<\/script>\n<!-- \/ Yoast SEO plugin. -->","yoast_head_json":{"title":"Intervista - It&#039;s all Banking &amp; Insurance","robots":{"index":"index","follow":"follow","max-snippet":"max-snippet:-1","max-image-preview":"max-image-preview:large","max-video-preview":"max-video-preview:-1"},"canonical":"https:\/\/itsall-banking-insurance.com\/index.php\/intervista-matteo-longo-cloud-practice-leader\/","og_locale":"it_IT","og_type":"article","og_title":"Intervista - It&#039;s all Banking &amp; Insurance","og_description":"[vc_row css=&#8221;.vc_custom_1681490819972{padding-top: 20px !important;}&#8221;][vc_column width=&#8221;5\/6&#8243;][vc_single_image image=&#8221;7615&#8243; img_size=&#8221;full&#8221; style=&#8221;vc_box_border_circle_2&#8243;][vc_column_text]Matteo Longo\u00a0 Cloud Practice Leader SOFTLAB[\/vc_column_text][\/vc_column][vc_column width=&#8221;1\/6&#8243;][vc_single_image image=&#8221;6261&#8243;][\/vc_column][\/vc_row][vc_row][vc_column][vc_column_text] Che supporto fornite a banche e assicurazioni per garantire loro una trasformazione digitale \u201cno disruption\u201d? In Softlab, supportiamo banche e assicurazioni nell\u2019affrontare la trasformazione digitale con un approccio centrato su tre pilastri fondamentali: continuit\u00e0 operativa, sicurezza e innovazione sostenibile. La [&hellip;]","og_url":"https:\/\/itsall-banking-insurance.com\/index.php\/intervista-matteo-longo-cloud-practice-leader\/","og_site_name":"It&#039;s all Banking &amp; Insurance","article_modified_time":"2025-05-09T15:32:52+00:00","twitter_card":"summary_large_image","twitter_misc":{"Tempo di lettura stimato":"3 minuti"},"schema":{"@context":"https:\/\/schema.org","@graph":[{"@type":"WebPage","@id":"https:\/\/itsall-banking-insurance.com\/index.php\/intervista-matteo-longo-cloud-practice-leader\/","url":"https:\/\/itsall-banking-insurance.com\/index.php\/intervista-matteo-longo-cloud-practice-leader\/","name":"Intervista - It&#039;s all Banking &amp; Insurance","isPartOf":{"@id":"https:\/\/itsall-banking-insurance.com\/#website"},"datePublished":"2025-05-07T14:03:09+00:00","dateModified":"2025-05-09T15:32:52+00:00","breadcrumb":{"@id":"https:\/\/itsall-banking-insurance.com\/index.php\/intervista-matteo-longo-cloud-practice-leader\/#breadcrumb"},"inLanguage":"it-IT","potentialAction":[{"@type":"ReadAction","target":["https:\/\/itsall-banking-insurance.com\/index.php\/intervista-matteo-longo-cloud-practice-leader\/"]}]},{"@type":"BreadcrumbList","@id":"https:\/\/itsall-banking-insurance.com\/index.php\/intervista-matteo-longo-cloud-practice-leader\/#breadcrumb","itemListElement":[{"@type":"ListItem","position":1,"name":"Home","item":"https:\/\/itsall-banking-insurance.com\/"},{"@type":"ListItem","position":2,"name":"Intervista"}]},{"@type":"WebSite","@id":"https:\/\/itsall-banking-insurance.com\/#website","url":"https:\/\/itsall-banking-insurance.com\/","name":"It&#039;s all Banking &amp; Insurance","description":"BANCHE e ASSICURAZIONI a confronto","potentialAction":[{"@type":"SearchAction","target":{"@type":"EntryPoint","urlTemplate":"https:\/\/itsall-banking-insurance.com\/?s={search_term_string}"},"query-input":"required name=search_term_string"}],"inLanguage":"it-IT"}]}},"_links":{"self":[{"href":"https:\/\/itsall-banking-insurance.com\/index.php\/wp-json\/wp\/v2\/pages\/7589"}],"collection":[{"href":"https:\/\/itsall-banking-insurance.com\/index.php\/wp-json\/wp\/v2\/pages"}],"about":[{"href":"https:\/\/itsall-banking-insurance.com\/index.php\/wp-json\/wp\/v2\/types\/page"}],"author":[{"embeddable":true,"href":"https:\/\/itsall-banking-insurance.com\/index.php\/wp-json\/wp\/v2\/users\/2"}],"replies":[{"embeddable":true,"href":"https:\/\/itsall-banking-insurance.com\/index.php\/wp-json\/wp\/v2\/comments?post=7589"}],"version-history":[{"count":3,"href":"https:\/\/itsall-banking-insurance.com\/index.php\/wp-json\/wp\/v2\/pages\/7589\/revisions"}],"predecessor-version":[{"id":7616,"href":"https:\/\/itsall-banking-insurance.com\/index.php\/wp-json\/wp\/v2\/pages\/7589\/revisions\/7616"}],"wp:attachment":[{"href":"https:\/\/itsall-banking-insurance.com\/index.php\/wp-json\/wp\/v2\/media?parent=7589"}],"curies":[{"name":"wp","href":"https:\/\/api.w.org\/{rel}","templated":true}]}}