{"id":7594,"date":"2025-05-07T16:23:02","date_gmt":"2025-05-07T14:23:02","guid":{"rendered":"https:\/\/itsall-banking-insurance.com\/?page_id=7594"},"modified":"2025-05-07T16:42:54","modified_gmt":"2025-05-07T14:42:54","slug":"intervista-riccardo-gargioli-senior-sales-executive-rocket-software","status":"publish","type":"page","link":"https:\/\/itsall-banking-insurance.com\/index.php\/intervista-riccardo-gargioli-senior-sales-executive-rocket-software\/","title":{"rendered":"Intervista"},"content":{"rendered":"<p>[vc_row css=&#8221;.vc_custom_1681490819972{padding-top: 20px !important;}&#8221;][vc_column width=&#8221;5\/6&#8243;][vc_single_image image=&#8221;7595&#8243; img_size=&#8221;full&#8221; style=&#8221;vc_box_border_circle_2&#8243;][vc_column_text]<strong>Riccardo Gargioli <\/strong>Senior Sales Executive <strong>ROCKET SOFTWARE<\/strong>[\/vc_column_text][\/vc_column][vc_column width=&#8221;1\/6&#8243;][vc_single_image image=&#8221;6261&#8243;][\/vc_column][\/vc_row][vc_row][vc_column][vc_column_text]<\/p>\n<h2><strong><span style=\"color: #333333;\">Che supporto fornite a banche e assicurazioni per garantire loro una mainframe modernization senza disruption?<\/span><br \/>\n<\/strong><\/h2>\n<p>Rocket Software \u00e8 nata 35 anni fa con la missione di Modernizzare il Mainframe, con tecnologie e servizi professionali che sono maturati e si sono sviluppati INSIEME ai nostri clienti, partendo dalle loro esigenze. Con l\u2019acquisizione del ramo tecnologie AMC di Micro Focus, Rocket Software \u00e8 oggi in grado di supportare sia clienti che intendono modernizzare SUL mainframe, sia clienti che invece hanno raggiunto quello step di maturit\u00e0 che prevede di modernizzare USCENDO DAL mainframe.<\/p>\n<p>Il nostro motto \u201cModernization without Disruption\u201d ha significato lo sviluppo di un approccio alla trasformazione che prevede di adattare noi stessi e la nostra tecnologia al passo del cliente nel suo digital-journey, e non il contrario come imporrebbero approcci pi\u00f9 radicali ma meno realistici: considerato il livello di criticit\u00e0 dei workload dei nostri clienti, non potrebbe essere altrimenti.<\/p>\n<p><strong>\u00a0<\/strong><\/p>\n<h2><strong><span style=\"color: #333333;\">Softlab e Google Cloud: da dove \u00e8 nata questa partnership e perch\u00e9 la collaborazione tra Rocket Software, Softlab e Google Cloud semplifica la complessit\u00e0?<\/span><br \/>\n<\/strong><\/h2>\n<p>Rocket Software crede nella collaborazione con i partner al fine di garantire la miglior riuscita progettuale per il cliente. Parlando di modernizzazione applicativa in uscita dal mainframe, per quanto eseguita con approccio non disruptive si parla in ogni caso di progetti di durata medio-lunga e di un grado di complessit\u00e0 non trascurabile. Per questo occorre un team COMPLETO sotto ogni punto di vista. Nel caso specifico la sinergia con Google Cloud e Softlab \u00e8 stata ottimale: la tecnologia e i servizi professionali Rocket Software si sono sposati perfettamente con la competenza e l\u2019infrastruttura cloud Google e con le competenze di trasformazione applicativa di Softlab, fornendo cos\u00ec il miglior risultato al cliente col minor rischio.<\/p>\n<p>&nbsp;<\/p>\n<p>&nbsp;<\/p>\n<p>&nbsp;<\/p>\n<p>&nbsp;[\/vc_column_text][\/vc_column][\/vc_row]<\/p>\n","protected":false},"excerpt":{"rendered":"<p>[vc_row css=&#8221;.vc_custom_1681490819972{padding-top: 20px !important;}&#8221;][vc_column width=&#8221;5\/6&#8243;][vc_single_image image=&#8221;7595&#8243; img_size=&#8221;full&#8221; style=&#8221;vc_box_border_circle_2&#8243;][vc_column_text]Riccardo Gargioli Senior Sales Executive ROCKET SOFTWARE[\/vc_column_text][\/vc_column][vc_column width=&#8221;1\/6&#8243;][vc_single_image image=&#8221;6261&#8243;][\/vc_column][\/vc_row][vc_row][vc_column][vc_column_text] Che supporto fornite a banche e assicurazioni per garantire loro una mainframe modernization senza disruption? Rocket Software \u00e8 nata 35 anni fa con la missione di Modernizzare il Mainframe, con tecnologie e servizi professionali che sono maturati e si [&hellip;]<\/p>\n","protected":false},"author":2,"featured_media":0,"parent":0,"menu_order":0,"comment_status":"closed","ping_status":"closed","template":"","meta":{"footnotes":""},"yoast_head":"<!-- This site is optimized with the Yoast SEO plugin v22.9 - https:\/\/yoast.com\/wordpress\/plugins\/seo\/ -->\n<title>Intervista - It&#039;s all Banking &amp; Insurance<\/title>\n<meta name=\"robots\" content=\"index, follow, max-snippet:-1, max-image-preview:large, max-video-preview:-1\" \/>\n<link rel=\"canonical\" href=\"https:\/\/itsall-banking-insurance.com\/index.php\/intervista-riccardo-gargioli-senior-sales-executive-rocket-software\/\" \/>\n<meta property=\"og:locale\" content=\"it_IT\" \/>\n<meta property=\"og:type\" content=\"article\" \/>\n<meta property=\"og:title\" content=\"Intervista - It&#039;s all Banking &amp; Insurance\" \/>\n<meta property=\"og:description\" content=\"[vc_row css=&#8221;.vc_custom_1681490819972{padding-top: 20px !important;}&#8221;][vc_column width=&#8221;5\/6&#8243;][vc_single_image image=&#8221;7595&#8243; img_size=&#8221;full&#8221; style=&#8221;vc_box_border_circle_2&#8243;][vc_column_text]Riccardo Gargioli Senior Sales Executive ROCKET SOFTWARE[\/vc_column_text][\/vc_column][vc_column width=&#8221;1\/6&#8243;][vc_single_image image=&#8221;6261&#8243;][\/vc_column][\/vc_row][vc_row][vc_column][vc_column_text] Che supporto fornite a banche e assicurazioni per garantire loro una mainframe modernization senza disruption? Rocket Software \u00e8 nata 35 anni fa con la missione di Modernizzare il Mainframe, con tecnologie e servizi professionali che sono maturati e si [&hellip;]\" \/>\n<meta property=\"og:url\" content=\"https:\/\/itsall-banking-insurance.com\/index.php\/intervista-riccardo-gargioli-senior-sales-executive-rocket-software\/\" \/>\n<meta property=\"og:site_name\" content=\"It&#039;s all Banking &amp; Insurance\" \/>\n<meta property=\"article:modified_time\" content=\"2025-05-07T14:42:54+00:00\" \/>\n<meta name=\"twitter:card\" content=\"summary_large_image\" \/>\n<meta name=\"twitter:label1\" content=\"Tempo di lettura stimato\" \/>\n\t<meta name=\"twitter:data1\" content=\"2 minuti\" \/>\n<script type=\"application\/ld+json\" class=\"yoast-schema-graph\">{\"@context\":\"https:\/\/schema.org\",\"@graph\":[{\"@type\":\"WebPage\",\"@id\":\"https:\/\/itsall-banking-insurance.com\/index.php\/intervista-riccardo-gargioli-senior-sales-executive-rocket-software\/\",\"url\":\"https:\/\/itsall-banking-insurance.com\/index.php\/intervista-riccardo-gargioli-senior-sales-executive-rocket-software\/\",\"name\":\"Intervista - It&#039;s all Banking &amp; Insurance\",\"isPartOf\":{\"@id\":\"https:\/\/itsall-banking-insurance.com\/#website\"},\"datePublished\":\"2025-05-07T14:23:02+00:00\",\"dateModified\":\"2025-05-07T14:42:54+00:00\",\"breadcrumb\":{\"@id\":\"https:\/\/itsall-banking-insurance.com\/index.php\/intervista-riccardo-gargioli-senior-sales-executive-rocket-software\/#breadcrumb\"},\"inLanguage\":\"it-IT\",\"potentialAction\":[{\"@type\":\"ReadAction\",\"target\":[\"https:\/\/itsall-banking-insurance.com\/index.php\/intervista-riccardo-gargioli-senior-sales-executive-rocket-software\/\"]}]},{\"@type\":\"BreadcrumbList\",\"@id\":\"https:\/\/itsall-banking-insurance.com\/index.php\/intervista-riccardo-gargioli-senior-sales-executive-rocket-software\/#breadcrumb\",\"itemListElement\":[{\"@type\":\"ListItem\",\"position\":1,\"name\":\"Home\",\"item\":\"https:\/\/itsall-banking-insurance.com\/\"},{\"@type\":\"ListItem\",\"position\":2,\"name\":\"Intervista\"}]},{\"@type\":\"WebSite\",\"@id\":\"https:\/\/itsall-banking-insurance.com\/#website\",\"url\":\"https:\/\/itsall-banking-insurance.com\/\",\"name\":\"It&#039;s all Banking &amp; Insurance\",\"description\":\"BANCHE e ASSICURAZIONI a confronto\",\"potentialAction\":[{\"@type\":\"SearchAction\",\"target\":{\"@type\":\"EntryPoint\",\"urlTemplate\":\"https:\/\/itsall-banking-insurance.com\/?s={search_term_string}\"},\"query-input\":\"required name=search_term_string\"}],\"inLanguage\":\"it-IT\"}]}<\/script>\n<!-- \/ Yoast SEO plugin. -->","yoast_head_json":{"title":"Intervista - It&#039;s all Banking &amp; Insurance","robots":{"index":"index","follow":"follow","max-snippet":"max-snippet:-1","max-image-preview":"max-image-preview:large","max-video-preview":"max-video-preview:-1"},"canonical":"https:\/\/itsall-banking-insurance.com\/index.php\/intervista-riccardo-gargioli-senior-sales-executive-rocket-software\/","og_locale":"it_IT","og_type":"article","og_title":"Intervista - It&#039;s all Banking &amp; Insurance","og_description":"[vc_row css=&#8221;.vc_custom_1681490819972{padding-top: 20px !important;}&#8221;][vc_column width=&#8221;5\/6&#8243;][vc_single_image image=&#8221;7595&#8243; img_size=&#8221;full&#8221; style=&#8221;vc_box_border_circle_2&#8243;][vc_column_text]Riccardo Gargioli Senior Sales Executive ROCKET SOFTWARE[\/vc_column_text][\/vc_column][vc_column width=&#8221;1\/6&#8243;][vc_single_image image=&#8221;6261&#8243;][\/vc_column][\/vc_row][vc_row][vc_column][vc_column_text] Che supporto fornite a banche e assicurazioni per garantire loro una mainframe modernization senza disruption? Rocket Software \u00e8 nata 35 anni fa con la missione di Modernizzare il Mainframe, con tecnologie e servizi professionali che sono maturati e si [&hellip;]","og_url":"https:\/\/itsall-banking-insurance.com\/index.php\/intervista-riccardo-gargioli-senior-sales-executive-rocket-software\/","og_site_name":"It&#039;s all Banking &amp; Insurance","article_modified_time":"2025-05-07T14:42:54+00:00","twitter_card":"summary_large_image","twitter_misc":{"Tempo di lettura stimato":"2 minuti"},"schema":{"@context":"https:\/\/schema.org","@graph":[{"@type":"WebPage","@id":"https:\/\/itsall-banking-insurance.com\/index.php\/intervista-riccardo-gargioli-senior-sales-executive-rocket-software\/","url":"https:\/\/itsall-banking-insurance.com\/index.php\/intervista-riccardo-gargioli-senior-sales-executive-rocket-software\/","name":"Intervista - It&#039;s all Banking &amp; Insurance","isPartOf":{"@id":"https:\/\/itsall-banking-insurance.com\/#website"},"datePublished":"2025-05-07T14:23:02+00:00","dateModified":"2025-05-07T14:42:54+00:00","breadcrumb":{"@id":"https:\/\/itsall-banking-insurance.com\/index.php\/intervista-riccardo-gargioli-senior-sales-executive-rocket-software\/#breadcrumb"},"inLanguage":"it-IT","potentialAction":[{"@type":"ReadAction","target":["https:\/\/itsall-banking-insurance.com\/index.php\/intervista-riccardo-gargioli-senior-sales-executive-rocket-software\/"]}]},{"@type":"BreadcrumbList","@id":"https:\/\/itsall-banking-insurance.com\/index.php\/intervista-riccardo-gargioli-senior-sales-executive-rocket-software\/#breadcrumb","itemListElement":[{"@type":"ListItem","position":1,"name":"Home","item":"https:\/\/itsall-banking-insurance.com\/"},{"@type":"ListItem","position":2,"name":"Intervista"}]},{"@type":"WebSite","@id":"https:\/\/itsall-banking-insurance.com\/#website","url":"https:\/\/itsall-banking-insurance.com\/","name":"It&#039;s all Banking &amp; Insurance","description":"BANCHE e ASSICURAZIONI a confronto","potentialAction":[{"@type":"SearchAction","target":{"@type":"EntryPoint","urlTemplate":"https:\/\/itsall-banking-insurance.com\/?s={search_term_string}"},"query-input":"required name=search_term_string"}],"inLanguage":"it-IT"}]}},"_links":{"self":[{"href":"https:\/\/itsall-banking-insurance.com\/index.php\/wp-json\/wp\/v2\/pages\/7594"}],"collection":[{"href":"https:\/\/itsall-banking-insurance.com\/index.php\/wp-json\/wp\/v2\/pages"}],"about":[{"href":"https:\/\/itsall-banking-insurance.com\/index.php\/wp-json\/wp\/v2\/types\/page"}],"author":[{"embeddable":true,"href":"https:\/\/itsall-banking-insurance.com\/index.php\/wp-json\/wp\/v2\/users\/2"}],"replies":[{"embeddable":true,"href":"https:\/\/itsall-banking-insurance.com\/index.php\/wp-json\/wp\/v2\/comments?post=7594"}],"version-history":[{"count":2,"href":"https:\/\/itsall-banking-insurance.com\/index.php\/wp-json\/wp\/v2\/pages\/7594\/revisions"}],"predecessor-version":[{"id":7597,"href":"https:\/\/itsall-banking-insurance.com\/index.php\/wp-json\/wp\/v2\/pages\/7594\/revisions\/7597"}],"wp:attachment":[{"href":"https:\/\/itsall-banking-insurance.com\/index.php\/wp-json\/wp\/v2\/media?parent=7594"}],"curies":[{"name":"wp","href":"https:\/\/api.w.org\/{rel}","templated":true}]}}